{"id":612,"date":"2014-08-05T15:44:40","date_gmt":"2014-08-05T13:44:40","guid":{"rendered":"https:\/\/www.remgro.com\/groepsbeleggings\/corporate-finance\/"},"modified":"2025-10-26T12:08:03","modified_gmt":"2025-10-26T10:08:03","slug":"tesourie-en-bestuursdienste","status":"publish","type":"page","link":"https:\/\/www.remgro.com\/af\/groepbeleggings\/tesourie-en-bestuursdienste\/","title":{"rendered":"Tesourie- en bestuursdienste"},"content":{"rendered":"<div class=\"wpb-content-wrapper\"><p class=\"lead\">[vc_section][vc_row][vc_column css=&#8221;.vc_custom_1729850140853{margin-bottom: 0px !important;padding-top: 10px !important;padding-bottom: 10px !important;}&#8221;][vc_column_text css=&#8221;.vc_custom_1761473279297{margin-bottom: 0px !important;}&#8221;]\n<div class=\"icon-box\">\n<div class=\"responsive-table\">\n<table class=\"table-inv-review2 table-fin-report\">\n<thead>\n<tr>\n<th class=\"text-blue\">\u00a0Bydrae tot wesensverdienste<\/th>\n<th align=\"right\">30\u00a0Junie<br \/>\n2025<br \/>\nR\u00a0miljoen<\/th>\n<th align=\"right\"><span style=\"font-weight: normal!important;\">30\u00a0Junie<br \/>\n2024<br \/>\nR\u00a0miljoen<\/span><\/th>\n<\/tr>\n<\/thead>\n<tbody>\n<tr>\n<td>\u00a0Sentrale tesourie<\/td>\n<td class=\"highlight-col\"><\/td>\n<td><\/td>\n<\/tr>\n<tr>\n<td>\u2013\u00a0Finansieringsinkomste<\/td>\n<td class=\"highlight-col\">376<\/td>\n<td>379<\/td>\n<\/tr>\n<tr>\n<td>\u2013\u00a0Finansieringskoste<\/td>\n<td class=\"highlight-col\" style=\"padding-right: 5px !important;\">(95)<\/td>\n<td><span style=\"margin-right: -4px !important;\">(498)<\/span><\/td>\n<\/tr>\n<tr class=\"light-blue-border\">\n<td>Netto korporatiewe inkomste\/(koste)<\/td>\n<td class=\"highlight-col\" style=\"padding-right: 5px !important;\">(461)<\/td>\n<td><span style=\"margin-right: -4px !important;\">(412)<\/span><\/td>\n<\/tr>\n<tr class=\"light-blue-border\">\n<td><\/td>\n<td class=\"highlight-col\" style=\"padding-right: 5px !important;\">(180)<\/td>\n<td><span style=\"margin-right: -4px !important;\">(531)<\/span><\/td>\n<\/tr>\n<tr class=\"spacer-row-bottom\">\n<td><\/td>\n<td class=\"highlight-col\"><\/td>\n<td><\/td>\n<\/tr>\n<\/tbody>\n<\/table>\n<\/div>\n<\/div>\n[\/vc_column_text][\/vc_column][\/vc_row][vc_row css=&#8221;.vc_custom_1698492316669{margin-top: 2rem !important;}&#8221;][vc_column][vc_column_text css=&#8221;&#8221;]\n<p class=\"heading-3\">Remgro Finansieringskorporasie Eiendoms Beperk<\/p>\n<p class=\"heading-3\">Remgro Healthcare Holdings Eiendoms Beperk<\/p>\n<p class=\"heading-3\">Remgro USA Limited \u2013 Jersey<\/p>\n<p class=\"heading-3\">Remgro Bestuursdienste Beperk<\/p>\n<p class=\"heading-3\">V&amp;R Management Services AG \u2013 Switzerland<\/p>\n<h2><\/h2>\n[\/vc_column_text][vc_column_text css=&#8221;&#8221;]<span class=\"profile-txt\">Profiel:<\/span> Verantwoordelik vir Remgro se sentrale tesouriefunksie, sowel as bestuurs- en ondersteuningsdienste.[\/vc_column_text][\/vc_column][\/vc_row][\/vc_section][vc_row][vc_column][vc_column_text css=&#8221;&#8221;]\n<p class=\"text-blue\"><strong>Ongenoteerde maatskappye<\/strong><\/p>\n<p>Finansieringsinkomste het R376 miljoen (2024: R379 miljoen) bedra. Hierdie afname is hoofsaaklik vanwe\u00eb \u2019n laer gemiddelde rentekoers wat deels deur \u2019n ho\u00ebr gemiddelde kontantbalans teengewerk is. Die gemiddelde kontantbalans was ho\u00ebr vanwe\u00eb opbrengste op die verkoop van Remgro se belang in Momentum en die gedeeltelike verkoop van FirstRand, wat gedeeltelik deur die aflossing van voorkeuraandele teengewerk is. Finansieringskoste was laer teen R95 miljoen (2024: R498 miljoen) weens die bogenoemde aflossing. Ander netto korporatiewe koste het R461 miljoen (2024: R412 miljoen) bedra.[\/vc_column_text][\/vc_column][\/vc_row]\n<\/div>","protected":false},"excerpt":{"rendered":"<p>[vc_section][vc_row][vc_column css=&#8221;.vc_custom_1729850140853{margin-bottom: 0px !important;padding-top: 10px !important;padding-bottom: 10px !important;}&#8221;][vc_column_text css=&#8221;.vc_custom_1761473279297{margin-bottom: 0px !important;}&#8221;] \u00a0Bydrae tot wesensverdienste 30\u00a0Junie 2025 R\u00a0miljoen 30\u00a0Junie 2024 R\u00a0miljoen \u00a0Sentrale tesourie \u2013\u00a0Finansieringsinkomste 376 379 \u2013\u00a0Finansieringskoste (95) (498) Netto korporatiewe inkomste\/(koste) (461) (412) (180) (531) [\/vc_column_text][\/vc_column][\/vc_row][vc_row css=&#8221;.vc_custom_1698492316669{margin-top: 2rem !important;}&#8221;][vc_column][vc_column_text css=&#8221;&#8221;] Remgro Finansieringskorporasie Eiendoms Beperk Remgro Healthcare Holdings Eiendoms Beperk Remgro USA Limited \u2013 Jersey Remgro&#8230;  <a href=\"https:\/\/www.remgro.com\/af\/groepbeleggings\/tesourie-en-bestuursdienste\/\" class=\"more-link\" title=\"Read Tesourie- en bestuursdienste\">Read more &raquo;<\/a><\/p>\n","protected":false},"author":5,"featured_media":0,"parent":440,"menu_order":31,"comment_status":"closed","ping_status":"closed","template":"page-full-width.php","meta":{"footnotes":""},"class_list":["post-612","page","type-page","status-publish","hentry"],"yoast_head":"<!-- This site is optimized with the Yoast SEO plugin v27.4 - https:\/\/yoast.com\/product\/yoast-seo-wordpress\/ -->\n<title>Tesourie- en bestuursdienste - Remgro Limited<\/title>\n<meta name=\"robots\" content=\"index, follow, max-snippet:-1, max-image-preview:large, max-video-preview:-1\" \/>\n<link rel=\"canonical\" href=\"https:\/\/www.remgro.com\/af\/groepbeleggings\/tesourie-en-bestuursdienste\/\" \/>\n<meta property=\"og:locale\" content=\"af_ZA\" \/>\n<meta property=\"og:type\" content=\"article\" \/>\n<meta property=\"og:title\" content=\"Tesourie- en bestuursdienste - Remgro Limited\" \/>\n<meta property=\"og:description\" content=\"[vc_section][vc_row][vc_column css=&#8221;.vc_custom_1729850140853{margin-bottom: 0px !important;padding-top: 10px !important;padding-bottom: 10px !important;}&#8221;][vc_column_text css=&#8221;.vc_custom_1761473279297{margin-bottom: 0px !important;}&#8221;] \u00a0Bydrae tot wesensverdienste 30\u00a0Junie 2025 R\u00a0miljoen 30\u00a0Junie 2024 R\u00a0miljoen \u00a0Sentrale tesourie \u2013\u00a0Finansieringsinkomste 376 379 \u2013\u00a0Finansieringskoste (95) (498) Netto korporatiewe inkomste\/(koste) (461) (412) (180) (531) [\/vc_column_text][\/vc_column][\/vc_row][vc_row css=&#8221;.vc_custom_1698492316669{margin-top: 2rem !important;}&#8221;][vc_column][vc_column_text css=&#8221;&#8221;] Remgro Finansieringskorporasie Eiendoms Beperk Remgro Healthcare Holdings Eiendoms Beperk Remgro USA Limited \u2013 Jersey Remgro... Read more &raquo;\" \/>\n<meta property=\"og:url\" content=\"https:\/\/www.remgro.com\/af\/groepbeleggings\/tesourie-en-bestuursdienste\/\" \/>\n<meta property=\"og:site_name\" content=\"Remgro Limited\" \/>\n<meta property=\"article:modified_time\" content=\"2025-10-26T10:08:03+00:00\" \/>\n<meta name=\"twitter:label1\" content=\"Est. reading time\" \/>\n\t<meta name=\"twitter:data1\" content=\"1 minute\" \/>\n<script type=\"application\/ld+json\" class=\"yoast-schema-graph\">{\"@context\":\"https:\\\/\\\/schema.org\",\"@graph\":[{\"@type\":\"WebPage\",\"@id\":\"https:\\\/\\\/www.remgro.com\\\/af\\\/groepbeleggings\\\/tesourie-en-bestuursdienste\\\/\",\"url\":\"https:\\\/\\\/www.remgro.com\\\/af\\\/groepbeleggings\\\/tesourie-en-bestuursdienste\\\/\",\"name\":\"Tesourie- en bestuursdienste - Remgro Limited\",\"isPartOf\":{\"@id\":\"https:\\\/\\\/www.remgro.com\\\/#website\"},\"datePublished\":\"2014-08-05T13:44:40+00:00\",\"dateModified\":\"2025-10-26T10:08:03+00:00\",\"breadcrumb\":{\"@id\":\"https:\\\/\\\/www.remgro.com\\\/af\\\/groepbeleggings\\\/tesourie-en-bestuursdienste\\\/#breadcrumb\"},\"inLanguage\":\"af-ZA\",\"potentialAction\":[{\"@type\":\"ReadAction\",\"target\":[\"https:\\\/\\\/www.remgro.com\\\/af\\\/groepbeleggings\\\/tesourie-en-bestuursdienste\\\/\"]}]},{\"@type\":\"BreadcrumbList\",\"@id\":\"https:\\\/\\\/www.remgro.com\\\/af\\\/groepbeleggings\\\/tesourie-en-bestuursdienste\\\/#breadcrumb\",\"itemListElement\":[{\"@type\":\"ListItem\",\"position\":1,\"name\":\"Groepbeleggings\",\"item\":\"https:\\\/\\\/www.remgro.com\\\/af\\\/groepbeleggings\\\/\"},{\"@type\":\"ListItem\",\"position\":2,\"name\":\"Tesourie- en bestuursdienste\"}]},{\"@type\":\"WebSite\",\"@id\":\"https:\\\/\\\/www.remgro.com\\\/#website\",\"url\":\"https:\\\/\\\/www.remgro.com\\\/\",\"name\":\"Remgro Limited\",\"description\":\"\",\"publisher\":{\"@id\":\"https:\\\/\\\/www.remgro.com\\\/#organization\"},\"potentialAction\":[{\"@type\":\"SearchAction\",\"target\":{\"@type\":\"EntryPoint\",\"urlTemplate\":\"https:\\\/\\\/www.remgro.com\\\/?s={search_term_string}\"},\"query-input\":{\"@type\":\"PropertyValueSpecification\",\"valueRequired\":true,\"valueName\":\"search_term_string\"}}],\"inLanguage\":\"af-ZA\"},{\"@type\":\"Organization\",\"@id\":\"https:\\\/\\\/www.remgro.com\\\/#organization\",\"name\":\"Remgro Limited\",\"url\":\"https:\\\/\\\/www.remgro.com\\\/\",\"logo\":{\"@type\":\"ImageObject\",\"inLanguage\":\"af-ZA\",\"@id\":\"https:\\\/\\\/www.remgro.com\\\/#\\\/schema\\\/logo\\\/image\\\/\",\"url\":\"https:\\\/\\\/www.remgro.com\\\/wp-content\\\/uploads\\\/2016\\\/03\\\/logo.jpg\",\"contentUrl\":\"https:\\\/\\\/www.remgro.com\\\/wp-content\\\/uploads\\\/2016\\\/03\\\/logo.jpg\",\"width\":337,\"height\":109,\"caption\":\"Remgro Limited\"},\"image\":{\"@id\":\"https:\\\/\\\/www.remgro.com\\\/#\\\/schema\\\/logo\\\/image\\\/\"}}]}<\/script>\n<!-- \/ Yoast SEO plugin. -->","yoast_head_json":{"title":"Tesourie- en bestuursdienste - Remgro Limited","robots":{"index":"index","follow":"follow","max-snippet":"max-snippet:-1","max-image-preview":"max-image-preview:large","max-video-preview":"max-video-preview:-1"},"canonical":"https:\/\/www.remgro.com\/af\/groepbeleggings\/tesourie-en-bestuursdienste\/","og_locale":"af_ZA","og_type":"article","og_title":"Tesourie- en bestuursdienste - Remgro Limited","og_description":"[vc_section][vc_row][vc_column css=&#8221;.vc_custom_1729850140853{margin-bottom: 0px !important;padding-top: 10px !important;padding-bottom: 10px !important;}&#8221;][vc_column_text css=&#8221;.vc_custom_1761473279297{margin-bottom: 0px !important;}&#8221;] \u00a0Bydrae tot wesensverdienste 30\u00a0Junie 2025 R\u00a0miljoen 30\u00a0Junie 2024 R\u00a0miljoen \u00a0Sentrale tesourie \u2013\u00a0Finansieringsinkomste 376 379 \u2013\u00a0Finansieringskoste (95) (498) Netto korporatiewe inkomste\/(koste) (461) (412) (180) (531) [\/vc_column_text][\/vc_column][\/vc_row][vc_row css=&#8221;.vc_custom_1698492316669{margin-top: 2rem !important;}&#8221;][vc_column][vc_column_text css=&#8221;&#8221;] Remgro Finansieringskorporasie Eiendoms Beperk Remgro Healthcare Holdings Eiendoms Beperk Remgro USA Limited \u2013 Jersey Remgro... Read more &raquo;","og_url":"https:\/\/www.remgro.com\/af\/groepbeleggings\/tesourie-en-bestuursdienste\/","og_site_name":"Remgro Limited","article_modified_time":"2025-10-26T10:08:03+00:00","twitter_misc":{"Est. reading time":"1 minute"},"schema":{"@context":"https:\/\/schema.org","@graph":[{"@type":"WebPage","@id":"https:\/\/www.remgro.com\/af\/groepbeleggings\/tesourie-en-bestuursdienste\/","url":"https:\/\/www.remgro.com\/af\/groepbeleggings\/tesourie-en-bestuursdienste\/","name":"Tesourie- en bestuursdienste - Remgro Limited","isPartOf":{"@id":"https:\/\/www.remgro.com\/#website"},"datePublished":"2014-08-05T13:44:40+00:00","dateModified":"2025-10-26T10:08:03+00:00","breadcrumb":{"@id":"https:\/\/www.remgro.com\/af\/groepbeleggings\/tesourie-en-bestuursdienste\/#breadcrumb"},"inLanguage":"af-ZA","potentialAction":[{"@type":"ReadAction","target":["https:\/\/www.remgro.com\/af\/groepbeleggings\/tesourie-en-bestuursdienste\/"]}]},{"@type":"BreadcrumbList","@id":"https:\/\/www.remgro.com\/af\/groepbeleggings\/tesourie-en-bestuursdienste\/#breadcrumb","itemListElement":[{"@type":"ListItem","position":1,"name":"Groepbeleggings","item":"https:\/\/www.remgro.com\/af\/groepbeleggings\/"},{"@type":"ListItem","position":2,"name":"Tesourie- en bestuursdienste"}]},{"@type":"WebSite","@id":"https:\/\/www.remgro.com\/#website","url":"https:\/\/www.remgro.com\/","name":"Remgro Limited","description":"","publisher":{"@id":"https:\/\/www.remgro.com\/#organization"},"potentialAction":[{"@type":"SearchAction","target":{"@type":"EntryPoint","urlTemplate":"https:\/\/www.remgro.com\/?s={search_term_string}"},"query-input":{"@type":"PropertyValueSpecification","valueRequired":true,"valueName":"search_term_string"}}],"inLanguage":"af-ZA"},{"@type":"Organization","@id":"https:\/\/www.remgro.com\/#organization","name":"Remgro Limited","url":"https:\/\/www.remgro.com\/","logo":{"@type":"ImageObject","inLanguage":"af-ZA","@id":"https:\/\/www.remgro.com\/#\/schema\/logo\/image\/","url":"https:\/\/www.remgro.com\/wp-content\/uploads\/2016\/03\/logo.jpg","contentUrl":"https:\/\/www.remgro.com\/wp-content\/uploads\/2016\/03\/logo.jpg","width":337,"height":109,"caption":"Remgro Limited"},"image":{"@id":"https:\/\/www.remgro.com\/#\/schema\/logo\/image\/"}}]}},"_links":{"self":[{"href":"https:\/\/www.remgro.com\/af\/wp-json\/wp\/v2\/pages\/612","targetHints":{"allow":["GET"]}}],"collection":[{"href":"https:\/\/www.remgro.com\/af\/wp-json\/wp\/v2\/pages"}],"about":[{"href":"https:\/\/www.remgro.com\/af\/wp-json\/wp\/v2\/types\/page"}],"author":[{"embeddable":true,"href":"https:\/\/www.remgro.com\/af\/wp-json\/wp\/v2\/users\/5"}],"replies":[{"embeddable":true,"href":"https:\/\/www.remgro.com\/af\/wp-json\/wp\/v2\/comments?post=612"}],"version-history":[{"count":18,"href":"https:\/\/www.remgro.com\/af\/wp-json\/wp\/v2\/pages\/612\/revisions"}],"predecessor-version":[{"id":22648,"href":"https:\/\/www.remgro.com\/af\/wp-json\/wp\/v2\/pages\/612\/revisions\/22648"}],"up":[{"embeddable":true,"href":"https:\/\/www.remgro.com\/af\/wp-json\/wp\/v2\/pages\/440"}],"wp:attachment":[{"href":"https:\/\/www.remgro.com\/af\/wp-json\/wp\/v2\/media?parent=612"}],"curies":[{"name":"wp","href":"https:\/\/api.w.org\/{rel}","templated":true}]}}