{"id":606,"date":"2014-08-05T15:44:40","date_gmt":"2014-08-05T13:44:40","guid":{"rendered":"https:\/\/www.remgro.com\/groepsbeleggings\/healthcare\/"},"modified":"2025-10-28T21:27:18","modified_gmt":"2025-10-28T19:27:18","slug":"gesondheidsorg","status":"publish","type":"page","link":"https:\/\/www.remgro.com\/af\/groepbeleggings\/gesondheidsorg\/","title":{"rendered":"Gesondheidsorg"},"content":{"rendered":"<div class=\"wpb-content-wrapper\"><p class=\"lead\">[vc_section css=&#8221;.vc_custom_1698312295250{background: none !important;}&#8221;][vc_row css=&#8221;.vc_custom_1698308864507{background: none !important; margin-bottom: 2rem !important;}&#8221;][vc_column css=&#8221;.vc_custom_1729850196723{margin-bottom: 0px !important;padding-top: 10px !important;padding-bottom: 10px !important;}&#8221;][vc_column_text css=&#8221;.vc_custom_1761231915494{margin-bottom: 0px !important;}&#8221;]\n<div class=\"icon-box\">\n<div class=\"responsive-table\">\n<table class=\"table-inv-review2 table-fin-report\">\n<thead>\n<tr>\n<th class=\"text-white\">\u00a0Bydrae tot wesensverdienste<\/th>\n<th align=\"right\">30 Junie<br \/>\n2025<br \/>\nR miljoen<\/th>\n<td class=\"td-dark-blue\" align=\"right\">30 Junie<br \/>\n2024<br \/>\nR miljoen<\/td>\n<\/tr>\n<\/thead>\n<tbody>\n<tr class=\"light-blue-border\">\n<td>\u00a0Mediclinic<\/td>\n<td class=\"highlight-col\">2 386<\/td>\n<td>1 515<\/td>\n<\/tr>\n<tr class=\"spacer-row-bottom\">\n<td><\/td>\n<td class=\"highlight-col\"><\/td>\n<td><\/td>\n<\/tr>\n<\/tbody>\n<\/table>\n<\/div>\n<\/div>\n[\/vc_column_text][\/vc_column][\/vc_row][vc_row equal_height=&#8221;yes&#8221; css=&#8221;.vc_custom_1729425855589{margin-bottom: 2rem !important;}&#8221;][vc_column width=&#8221;2\/3&#8243;][vc_column_text css=&#8221;&#8221;]\n<p class=\"heading-3\">Mediclinic Group Beperk<\/p>\n<p class=\"heading-3\">(Mediclinic)<\/p>\n<p class=\"heading-4\">Effektiewe belang: 50.0%<\/p>\n[\/vc_column_text][\/vc_column][vc_column width=&#8221;1\/3&#8243;][vc_column_text css=&#8221;&#8221;]<img decoding=\"async\" class=\"alignright infrastructure-img\" src=\"https:\/\/www.remgro.com\/wp-content\/images\/2024\/logos\/mediclinic.png\" alt=\"\" width=\"200px\" \/>[\/vc_column_text][\/vc_column][\/vc_row][vc_row][vc_column][vc_column_text css=&#8221;&#8221;]<span class=\"profile-txt\">Profiel:<\/span> Mediclinic is \u2019n gediversifiseerde internasionale dienstegroep vir privaat gesondheidsorg wat in 1983 in Suid-Afrika gestig is en afdelings in Switserland, Suider-Afrika (Suid-Afrika en Namibi\u00eb) en die Midde-Ooste het.<\/p>\n<p>Hirslanden, die grootste privaat gesondheidsorgverskaffer in Switserland, word erken vir kliniese uitnemendheid en \u2019n uitmuntende kli\u00ebntervaring. Hirslanden dien ongeveer \u2019n derde van binnepasi\u00ebnte wat in Switserse privaat hospitale behandel word. Die bedrywigheid sluit in 17 hospitale en vyf dagklinieke.<\/p>\n<p>Mediclinic Suider-Afrika, een van die drie grootste privaat gesondheidsorgverskaffers in die streek, fokus daarop om akute sorg, hospitaaldienste met \u2019n spesialis-ingesteldheid en in \u2019n wye verskeidenheid vakgebiede, asook verwante diensaanbiedinge te verskaf. Die bedrywigheid sluit in 50 hospitale, vyf sub-akute hospitale, ses geestesgesondheidsgeriewe, 15 dagklinieke regoor Suid-Afrika en 11 nierklinieke.<\/p>\n<p>Mediclinic Midde-Ooste is \u2019n gevestigde en toonaangewende gesondheidsorgverskaffer in die Verenigde Arabiese Emirate (UAE), met die meerderheid van sy bedrywighede in Dubai en Abu Dhabi (insluitend Al Ain), wat kliniese sorg van internasionaal erkende standaarde verskaf. Die bedrywigheid sluit in sewe hospitale, een dagkliniek en 28 buitepasi\u00ebntklinieke.<\/p>\n<hr style=\"background-color: #032259; color: #032259; height: 2px;\" \/>\n[\/vc_column_text][\/vc_column][\/vc_row][vc_row css=&#8221;.vc_custom_1730221406915{margin-top: 0px !important;margin-bottom: 0px !important;padding-top: 0px !important;padding-bottom: 0px !important;}&#8221;][vc_column css=&#8221;.vc_custom_1730221530633{margin-top: 0px !important;margin-bottom: 0px !important;padding-top: 0px !important;padding-bottom: 0px !important;}&#8221;][vc_row_inner][vc_column_inner width=&#8221;1\/2&#8243; css=&#8221;.vc_custom_1730221552364{margin-top: 0px !important;margin-bottom: 0px !important;padding-top: 0px !important;padding-bottom: 0px !important;}&#8221;][vc_column_text css=&#8221;&#8221;]\n<p class=\"heading-3\">Korporatiewe inligting<\/p>\n<div><span class=\"text-heavy text-blue\">Ekwiteitswaardasie op 30 Junie 2025:<\/span> $4 676 miljoen<\/div>\n<div><span class=\"text-heavy text-blue\">Ongenoteer<\/span><\/div>\n<div><span class=\"text-heavy text-blue\">Hoofuitvoerende beampte:<\/span> R van der Merwe<\/div>\n<div><span class=\"text-heavy text-blue\">Remgro genomineerde direkteure:<\/span> J J Durand, A Elias, C P F Vosloo en S Crouse (alternatief)<\/div>\n<div><span class=\"text-heavy text-blue\">Webwerf:<\/span> <a href=\"http:\/\/www.mediclinic.com\" target=\"_blank\" rel=\"noopener\">www.mediclinic.com<\/a><\/div>\n<p>&nbsp;<\/p>\n<p class=\"heading-3\">Volhoubaarheidsmaatstawwe<\/p>\n<div><span class=\"text-heavy text-blue\">KMB-spandering: <\/span>R141 miljoen<\/div>\n<div><span class=\"text-heavy text-blue\">Opleidingspandering: <\/span>R205 miljoen<\/div>\n<div><span class=\"text-heavy text-blue\">Aantal werknemers: <\/span>38 338<\/div>\n<div><span class=\"text-heavy text-blue\">BBSEB-status:<\/span> Vlak\u00a02<\/div>\n<div><span class=\"text-heavy text-blue\">Omgewingsaspek:<\/span> Vlak 1- en 2-uitlatings van 172 817 ton CO<sub>2<\/sub>e<\/div>\n[\/vc_column_text][\/vc_column_inner][vc_column_inner width=&#8221;1\/2&#8243; css=&#8221;.vc_custom_1730221569919{margin-top: 0px !important;margin-bottom: 0px !important;padding-top: 0px !important;padding-bottom: 0px !important;}&#8221;][vc_column_text css=&#8221;&#8221;]\n<div class=\"responsive-table\">\n<table class=\"table-inv-review2\" border=\"0\" width=\"100%\" cellspacing=\"0\" cellpadding=\"0\">\n<thead>\n<tr class=\"no-border\">\n<th class=\"\" rowspan=\"2\" align=\"left\">\u00a0Finansi\u00eble hoogtepunte<\/th>\n<th class=\"text-center\" colspan=\"2\">Jaar ge\u00ebindig 31 Maart<\/th>\n<th><\/th>\n<\/tr>\n<tr>\n<th class=\"text-right\" nowrap=\"nowrap\" width=\"120\">2025<br \/>\n$ miljoen<\/th>\n<th class=\"text-right\" nowrap=\"nowrap\" width=\"120\">2024<sup>(1)<\/sup><br \/>\n$ miljoen<\/th>\n<th class=\"text-right\"><em>%<br \/>\nverandering<\/em><\/th>\n<\/tr>\n<\/thead>\n<tbody>\n<tr>\n<td align=\"left\" valign=\"bottom\">\u00a0Omset<\/td>\n<td class=\"highlight-col\" align=\"right\" valign=\"bottom\" nowrap=\"nowrap\"><strong>4 818<\/strong><\/td>\n<td class=\"\" align=\"right\" valign=\"bottom\" nowrap=\"nowrap\"><strong>4 592<\/strong><\/td>\n<td class=\"\" align=\"right\" valign=\"bottom\" nowrap=\"nowrap\"><em>4.9<\/em><\/td>\n<\/tr>\n<tr>\n<td align=\"left\" valign=\"bottom\">\u00a0Aangepaste EBITDA<\/td>\n<td class=\"highlight-col\" align=\"right\" valign=\"bottom\" nowrap=\"nowrap\"><strong>737<\/strong><\/td>\n<td class=\"\" align=\"right\" valign=\"bottom\" nowrap=\"nowrap\"><strong>673<\/strong><\/td>\n<td class=\"\" align=\"right\" valign=\"bottom\" nowrap=\"nowrap\"><em>9.5<\/em><\/td>\n<\/tr>\n<tr>\n<td align=\"left\" valign=\"bottom\">\u00a0Aangepaste bedryfswins<\/td>\n<td class=\"highlight-col\" align=\"right\" valign=\"bottom\" nowrap=\"nowrap\"><strong>415<\/strong><\/td>\n<td class=\"\" align=\"right\" valign=\"bottom\" nowrap=\"nowrap\"><strong>356<\/strong><\/td>\n<td class=\"\" align=\"right\" valign=\"bottom\" nowrap=\"nowrap\"><em>16.6<\/em><\/td>\n<\/tr>\n<tr class=\"light-blue-border\">\n<td align=\"left\" valign=\"bottom\">\u00a0Aangepaste verdienste<\/td>\n<td class=\"highlight-col\" align=\"right\" valign=\"bottom\" nowrap=\"nowrap\"><strong>239<\/strong><\/td>\n<td class=\"\" align=\"right\" valign=\"bottom\" nowrap=\"nowrap\"><strong>197<\/strong><\/td>\n<td class=\"\" align=\"right\" valign=\"bottom\" nowrap=\"nowrap\"><em>21.3<\/em><\/td>\n<\/tr>\n<tr class=\"spacer-row-bottom\">\n<td class=\"\"><\/td>\n<td class=\"highlight-col\"><\/td>\n<td class=\"\"><\/td>\n<td class=\"\"><\/td>\n<\/tr>\n<\/tbody>\n<\/table>\n<table>\n<tbody>\n<tr>\n<td style=\"vertical-align: baseline;\"><sup><em>(1)<\/em><\/sup><\/td>\n<td style=\"padding-left: 20px;\" colspan=\"2\"><em>Vergelykende syfers was vir Mediclinic en is nou vir Manta Bidco hersaamgestel.<\/em><\/td>\n<\/tr>\n<\/tbody>\n<\/table>\n<\/div>\n[\/vc_column_text][\/vc_column_inner][\/vc_row_inner][\/vc_column][\/vc_row][\/vc_section][vc_row css=&#8221;.vc_custom_1730221502833{margin-top: 0px !important;margin-bottom: 0px !important;padding-top: 0px !important;padding-bottom: 0px !important;}&#8221;][vc_column][vc_column_text css=&#8221;&#8221;]\n<hr style=\"background-color: #032259; color: #032259; height: 2px; margin-top: 0px;\" \/>\n<p>Mediclinic se bydrae tot Remgro se wesensverdienste, wat Manta Bidco Beperk (Manta Bidco) se bydrae insluit, het R2 386 miljoen (2024: R1 515 miljoen) bedra, wat \u2019n toename van 57.5% verteenwoordig. As gevolg van die Mediclinic-verkryging (die verkryging deur Remgro se 50%-belang in Manta Bidco, wat gesamentlik deur Remgro en MSC Mediterranean Shipping Company SA (MSC) besit word, van die volle uitgereikte gewone aandelekapitaal van Mediclinic) het Remgro se indirekte belang in Mediclinic van 44.6% tot 50.0% (of met 5.4%) gedurende Junie 2023 toegeneem. Aangesien Mediclinic \u2019n Maart-jaareinde het, het die vergelykende jaar Remgro se gedeelte van Mediclinic se resultate vir die twee maande ge\u00ebindig 31 Mei 2023 teen 44.6% en vir die tien maande tot 31 Maart 2024 teen 50.0% ingesluit. Mediclinic se bydrae in die vergelykende jaar sluit ook transaksiekoste van R165 miljoen in wat met die Mediclinic-verkryging verband hou. Met uitsluiting van hierdie transaksiekoste, het Mediclinic se bydrae tot wesensverdienste van R1 680 miljoen tot R2 386 miljoen (of met 42.0%) toegeneem.<\/p>\n<p class=\"p1\">Mediclinic (Manta Bidco ingesluit) rapporteer aangepaste verdienste, wat onbestendigheid ten opsigte van sekere buitengewone inkomste en koste verwyder uit wesensverdienste in die beoordeling van finansi\u00eble en bedryfsprestasie, en as \u2019n manier om aan beleggers en ontleders aanvullende inligting te verskaf vir \u2019n beter begrip van die finansi\u00eble vertoning. Hierdie aanpassings sluit die gedeelte van die bogenoemde transaksiekoste wat deur Mediclinic aangegaan is in. Die vergelykende jaar het ook \u2019n toename in die aflosbare verpligting van $40 miljoen ingesluit wat met die verkryging van Hirslanden La Colline Grangettes SA verband hou.<\/p>\n<p class=\"p1\">Mediclinic het goeie resultate vir die jaar ge\u00ebindig 31 Maart 2025 gelewer teen die agtergrond van \u2019n volgehoue uitdagende bedryfsomgewing. Gelyktydige druk op tariewe en bedryfskoste het veral in Switserland \u2019n invloed op gesondheidsorg-diensverskaffers se vertoning uitgeoefen. Mediclinic se direksie en bestuurspan reageer op hierdie uitdagings met \u2019n omvattende plan wat daarop gemik is om koste te verminder, effektiwiteit te verbeter en die besigheid op \u2019n pad van volhoubaarheid en groei te plaas.<\/p>\n<p class=\"p1\">Mediclinic se vertoning vir die jaar ge\u00ebindig 31 Maart 2025 is gedryf deur goeie volumegroei in alle afdelings. Mediclinic se groepomset was 5% ho\u00ebr teen $4 818 miljoen (2024: $4 592 miljoen) en 4% ho\u00ebr in konstante wisselkoersterme. Binnepasi\u00ebnt- en dagtoelatings het met onderskeidelik 1.5% en 3.2% gegroei.<\/p>\n<p class=\"p1\">Aangepaste EBITDA was 9% ho\u00ebr op $737 miljoen (2024: $673 miljoen) en 9% ho\u00ebr in konstante wisselkoersterme. Die aangepaste EBITDA-marge was 15.3% (2024: 14.7%), \u2019n aanduiding van goeie omsetgroei en kostedoeltreffendheid wat deels teengewerk is deur ho\u00ebr verbruiks- en verskaffingskoste as gevolg van volgehoue mengselveranderinge. Aangepaste bedryfswins was 16% ho\u00ebr teen $415 miljoen (2024: $356 miljoen) en 16% ho\u00ebr in konstante wisselkoersterme. Aangepaste verdienste was 21% ho\u00ebr teen $239 miljoen (2024: $197 miljoen). Aangepaste waardevermindering en amortisasie was 2% ho\u00ebr op $323 miljoen (2024: $318 miljoen) wat dui op volgehoue investering in geriewe en toerusting in die drie afdelings, en aangepaste netto finansieringkoste was 1% ho\u00ebr op $107 miljoen (2024: $106 miljoen) wat verder die toenames in aangepaste bedryfswins en aangepaste verdienste verduidelik.<\/p>\n<p class=\"p1\">Mediclinic het \u2019n kontantomskakeling van 104% (2024: 92%) gelewer, wat net voor die omskakeling-teikenkoers van 90-100% val, hoofsaaklik vanwe\u00eb verbeterde invorderings in Switserland en die Midde-Ooste.<\/p>\n<p class=\"p1\">Switserland se omset vir die jaar het met 2% tot CHF1 940 miljoen (2024: CHF1 905 miljoen) toegeneem wat gesonde groei van 2.2% in binnepasi\u00ebnttoelatings weerspie\u00ebl. Die algemene versekeringsamestelling was marginaal ho\u00ebr teen 52.6% (2024: 52.1%) vanwe\u00eb toelatings met algemene versekering wat di\u00e9 met aanvullende versekering oorskry het. Groei in binnepasi\u00ebnt-toelatings het tot \u2019n verbeterde besettingskoers van 58.8% (2024: 58.1%) gelei en is deels deur \u2019n afname van 3.4% in gemiddelde duur van verblyf teengewerk. Omset vir buitepasi\u00ebnte en daggevalle was relatief onveranderd teen CHF417 miljoen (2024: CHF408 miljoen) en het 21% (2024: 21%) tot die totale omset gedurende die tydperk bygedra. Die omsetgroei het \u2019n toename van 4% in aangepaste EBITDA tot CHF266 miljoen (2024: CHF255 miljoen) gelewer. Die aangepaste EBITDA-marge het van 13.4% tot 13.7% toegeneem wat dui op gedissiplineerde kostebestuur wat deur ho\u00ebr verbruiksgoedere- en voorraadkoste weens verhoogde volumes en samestellingveranderinge teengewerk is.<\/p>\n<p class=\"p1\">Suider-Afrika se omset vir die jaar het met 8% tot R22 369 miljoen (2024: R20 786 miljoen) toegeneem in \u2019n uitdagende ekonomiese omgewing. Betaalde pasi\u00ebntdae het met 1.2% toegeneem vergeleke met die vorige jaar en daggevalle met 3.2%. Besetting het verbeter tot \u2019n gemiddeld van 67.7% (2024: 67.4%) danksy die toelating-groei wat deels deur \u2019n 0.3% afname in gemiddelde duur van verblyf teengewerk is. Gemiddelde omset per bed per dag was 6.5% ho\u00ebr vergeleke met die vorige jaar wat dui op jaar-op-jaar-tariefverhogings en spesialiteits-samestellingveranderinge. Aangepaste EBITDA het met 8% tot R4 097 miljoen (2024: R3 784 miljoen) toegeneem wat tot \u2019n aangepaste EBITDA-marge van 18.3% (2024: 18.2%) gelei het.<\/p>\n<p class=\"p1\">Omset vir die Midde-Ooste vir die jaar het met 5% tot AED5 135 miljoen (2024: AED4 892 miljoen) toegeneem danksy voortgesette groei in kli\u00ebntbedrywighede en verhoogde apteek-omset. Binnepasi\u00ebnttoelatings en daggevalle was onderskeidelik 4.8% en 3.5% ho\u00ebr, en buitepasi\u00ebntgevalle het met 1.0% toegeneem. Aangepaste EBITDA het met 10% tot AED788 miljoen (2024: AED714 miljoen) toegeneem danksy omsetgroei en streng kostebestuur. Die aangepaste EBITDA-marge het tot 15.4% (2024: 14.6%) toegeneem.<\/p>\n[\/vc_column_text][\/vc_column][\/vc_row]\n<\/div>","protected":false},"excerpt":{"rendered":"<p>[vc_section css=&#8221;.vc_custom_1698312295250{background: none !important;}&#8221;][vc_row css=&#8221;.vc_custom_1698308864507{background: none !important; margin-bottom: 2rem !important;}&#8221;][vc_column css=&#8221;.vc_custom_1729850196723{margin-bottom: 0px !important;padding-top: 10px !important;padding-bottom: 10px !important;}&#8221;][vc_column_text css=&#8221;.vc_custom_1761231915494{margin-bottom: 0px !important;}&#8221;] \u00a0Bydrae tot wesensverdienste 30 Junie 2025 R miljoen 30 Junie 2024 R miljoen \u00a0Mediclinic 2 386 1 515 [\/vc_column_text][\/vc_column][\/vc_row][vc_row equal_height=&#8221;yes&#8221; css=&#8221;.vc_custom_1729425855589{margin-bottom: 2rem !important;}&#8221;][vc_column width=&#8221;2\/3&#8243;][vc_column_text css=&#8221;&#8221;] Mediclinic Group Beperk (Mediclinic) Effektiewe belang: 50.0% [\/vc_column_text][\/vc_column][vc_column width=&#8221;1\/3&#8243;][vc_column_text css=&#8221;&#8221;][\/vc_column_text][\/vc_column][\/vc_row][vc_row][vc_column][vc_column_text&#8230;  <a href=\"https:\/\/www.remgro.com\/af\/groepbeleggings\/gesondheidsorg\/\" class=\"more-link\" title=\"Read Gesondheidsorg\">Read more &raquo;<\/a><\/p>\n","protected":false},"author":5,"featured_media":0,"parent":440,"menu_order":25,"comment_status":"closed","ping_status":"closed","template":"page-full-width.php","meta":{"footnotes":""},"class_list":["post-606","page","type-page","status-publish","hentry"],"yoast_head":"<!-- This site is optimized with the Yoast SEO plugin v27.4 - https:\/\/yoast.com\/product\/yoast-seo-wordpress\/ -->\n<title>Gesondheidsorg - Remgro Limited<\/title>\n<meta name=\"robots\" content=\"index, follow, max-snippet:-1, max-image-preview:large, max-video-preview:-1\" \/>\n<link rel=\"canonical\" href=\"https:\/\/www.remgro.com\/af\/groepbeleggings\/gesondheidsorg\/\" \/>\n<meta property=\"og:locale\" content=\"af_ZA\" \/>\n<meta property=\"og:type\" content=\"article\" \/>\n<meta property=\"og:title\" content=\"Gesondheidsorg - Remgro Limited\" \/>\n<meta property=\"og:description\" content=\"[vc_section css=&#8221;.vc_custom_1698312295250{background: none !important;}&#8221;][vc_row css=&#8221;.vc_custom_1698308864507{background: none !important; margin-bottom: 2rem !important;}&#8221;][vc_column css=&#8221;.vc_custom_1729850196723{margin-bottom: 0px !important;padding-top: 10px !important;padding-bottom: 10px !important;}&#8221;][vc_column_text css=&#8221;.vc_custom_1761231915494{margin-bottom: 0px !important;}&#8221;] \u00a0Bydrae tot wesensverdienste 30 Junie 2025 R miljoen 30 Junie 2024 R miljoen \u00a0Mediclinic 2 386 1 515 [\/vc_column_text][\/vc_column][\/vc_row][vc_row equal_height=&#8221;yes&#8221; css=&#8221;.vc_custom_1729425855589{margin-bottom: 2rem !important;}&#8221;][vc_column width=&#8221;2\/3&#8243;][vc_column_text css=&#8221;&#8221;] Mediclinic Group Beperk (Mediclinic) Effektiewe belang: 50.0% [\/vc_column_text][\/vc_column][vc_column width=&#8221;1\/3&#8243;][vc_column_text css=&#8221;&#8221;][\/vc_column_text][\/vc_column][\/vc_row][vc_row][vc_column][vc_column_text... Read more &raquo;\" \/>\n<meta property=\"og:url\" content=\"https:\/\/www.remgro.com\/af\/groepbeleggings\/gesondheidsorg\/\" \/>\n<meta property=\"og:site_name\" content=\"Remgro Limited\" \/>\n<meta property=\"article:modified_time\" content=\"2025-10-28T19:27:18+00:00\" \/>\n<meta property=\"og:image\" content=\"http:\/\/ince-dev-2023.dev.ince.co.za\/www.remgro.com\/wp-content\/images\/2024\/logos\/mediclinic.png\" \/>\n<meta name=\"twitter:label1\" content=\"Est. reading time\" \/>\n\t<meta name=\"twitter:data1\" content=\"6 minutes\" \/>\n<script type=\"application\/ld+json\" class=\"yoast-schema-graph\">{\"@context\":\"https:\\\/\\\/schema.org\",\"@graph\":[{\"@type\":\"WebPage\",\"@id\":\"https:\\\/\\\/www.remgro.com\\\/af\\\/groepbeleggings\\\/gesondheidsorg\\\/\",\"url\":\"https:\\\/\\\/www.remgro.com\\\/af\\\/groepbeleggings\\\/gesondheidsorg\\\/\",\"name\":\"Gesondheidsorg - Remgro Limited\",\"isPartOf\":{\"@id\":\"https:\\\/\\\/www.remgro.com\\\/#website\"},\"primaryImageOfPage\":{\"@id\":\"https:\\\/\\\/www.remgro.com\\\/af\\\/groepbeleggings\\\/gesondheidsorg\\\/#primaryimage\"},\"image\":{\"@id\":\"https:\\\/\\\/www.remgro.com\\\/af\\\/groepbeleggings\\\/gesondheidsorg\\\/#primaryimage\"},\"thumbnailUrl\":\"https:\\\/\\\/www.remgro.com\\\/wp-content\\\/images\\\/2024\\\/logos\\\/mediclinic.png\",\"datePublished\":\"2014-08-05T13:44:40+00:00\",\"dateModified\":\"2025-10-28T19:27:18+00:00\",\"breadcrumb\":{\"@id\":\"https:\\\/\\\/www.remgro.com\\\/af\\\/groepbeleggings\\\/gesondheidsorg\\\/#breadcrumb\"},\"inLanguage\":\"af-ZA\",\"potentialAction\":[{\"@type\":\"ReadAction\",\"target\":[\"https:\\\/\\\/www.remgro.com\\\/af\\\/groepbeleggings\\\/gesondheidsorg\\\/\"]}]},{\"@type\":\"ImageObject\",\"inLanguage\":\"af-ZA\",\"@id\":\"https:\\\/\\\/www.remgro.com\\\/af\\\/groepbeleggings\\\/gesondheidsorg\\\/#primaryimage\",\"url\":\"https:\\\/\\\/www.remgro.com\\\/wp-content\\\/images\\\/2024\\\/logos\\\/mediclinic.png\",\"contentUrl\":\"https:\\\/\\\/www.remgro.com\\\/wp-content\\\/images\\\/2024\\\/logos\\\/mediclinic.png\"},{\"@type\":\"BreadcrumbList\",\"@id\":\"https:\\\/\\\/www.remgro.com\\\/af\\\/groepbeleggings\\\/gesondheidsorg\\\/#breadcrumb\",\"itemListElement\":[{\"@type\":\"ListItem\",\"position\":1,\"name\":\"Groepbeleggings\",\"item\":\"https:\\\/\\\/www.remgro.com\\\/af\\\/groepbeleggings\\\/\"},{\"@type\":\"ListItem\",\"position\":2,\"name\":\"Gesondheidsorg\"}]},{\"@type\":\"WebSite\",\"@id\":\"https:\\\/\\\/www.remgro.com\\\/#website\",\"url\":\"https:\\\/\\\/www.remgro.com\\\/\",\"name\":\"Remgro Limited\",\"description\":\"\",\"publisher\":{\"@id\":\"https:\\\/\\\/www.remgro.com\\\/#organization\"},\"potentialAction\":[{\"@type\":\"SearchAction\",\"target\":{\"@type\":\"EntryPoint\",\"urlTemplate\":\"https:\\\/\\\/www.remgro.com\\\/?s={search_term_string}\"},\"query-input\":{\"@type\":\"PropertyValueSpecification\",\"valueRequired\":true,\"valueName\":\"search_term_string\"}}],\"inLanguage\":\"af-ZA\"},{\"@type\":\"Organization\",\"@id\":\"https:\\\/\\\/www.remgro.com\\\/#organization\",\"name\":\"Remgro Limited\",\"url\":\"https:\\\/\\\/www.remgro.com\\\/\",\"logo\":{\"@type\":\"ImageObject\",\"inLanguage\":\"af-ZA\",\"@id\":\"https:\\\/\\\/www.remgro.com\\\/#\\\/schema\\\/logo\\\/image\\\/\",\"url\":\"https:\\\/\\\/www.remgro.com\\\/wp-content\\\/uploads\\\/2016\\\/03\\\/logo.jpg\",\"contentUrl\":\"https:\\\/\\\/www.remgro.com\\\/wp-content\\\/uploads\\\/2016\\\/03\\\/logo.jpg\",\"width\":337,\"height\":109,\"caption\":\"Remgro Limited\"},\"image\":{\"@id\":\"https:\\\/\\\/www.remgro.com\\\/#\\\/schema\\\/logo\\\/image\\\/\"}}]}<\/script>\n<!-- \/ Yoast SEO plugin. -->","yoast_head_json":{"title":"Gesondheidsorg - Remgro Limited","robots":{"index":"index","follow":"follow","max-snippet":"max-snippet:-1","max-image-preview":"max-image-preview:large","max-video-preview":"max-video-preview:-1"},"canonical":"https:\/\/www.remgro.com\/af\/groepbeleggings\/gesondheidsorg\/","og_locale":"af_ZA","og_type":"article","og_title":"Gesondheidsorg - Remgro Limited","og_description":"[vc_section css=&#8221;.vc_custom_1698312295250{background: none !important;}&#8221;][vc_row css=&#8221;.vc_custom_1698308864507{background: none !important; margin-bottom: 2rem !important;}&#8221;][vc_column css=&#8221;.vc_custom_1729850196723{margin-bottom: 0px !important;padding-top: 10px !important;padding-bottom: 10px !important;}&#8221;][vc_column_text css=&#8221;.vc_custom_1761231915494{margin-bottom: 0px !important;}&#8221;] \u00a0Bydrae tot wesensverdienste 30 Junie 2025 R miljoen 30 Junie 2024 R miljoen \u00a0Mediclinic 2 386 1 515 [\/vc_column_text][\/vc_column][\/vc_row][vc_row equal_height=&#8221;yes&#8221; css=&#8221;.vc_custom_1729425855589{margin-bottom: 2rem !important;}&#8221;][vc_column width=&#8221;2\/3&#8243;][vc_column_text css=&#8221;&#8221;] Mediclinic Group Beperk (Mediclinic) Effektiewe belang: 50.0% [\/vc_column_text][\/vc_column][vc_column width=&#8221;1\/3&#8243;][vc_column_text css=&#8221;&#8221;][\/vc_column_text][\/vc_column][\/vc_row][vc_row][vc_column][vc_column_text... Read more &raquo;","og_url":"https:\/\/www.remgro.com\/af\/groepbeleggings\/gesondheidsorg\/","og_site_name":"Remgro Limited","article_modified_time":"2025-10-28T19:27:18+00:00","og_image":[{"url":"http:\/\/ince-dev-2023.dev.ince.co.za\/www.remgro.com\/wp-content\/images\/2024\/logos\/mediclinic.png","type":"","width":"","height":""}],"twitter_misc":{"Est. reading time":"6 minutes"},"schema":{"@context":"https:\/\/schema.org","@graph":[{"@type":"WebPage","@id":"https:\/\/www.remgro.com\/af\/groepbeleggings\/gesondheidsorg\/","url":"https:\/\/www.remgro.com\/af\/groepbeleggings\/gesondheidsorg\/","name":"Gesondheidsorg - Remgro Limited","isPartOf":{"@id":"https:\/\/www.remgro.com\/#website"},"primaryImageOfPage":{"@id":"https:\/\/www.remgro.com\/af\/groepbeleggings\/gesondheidsorg\/#primaryimage"},"image":{"@id":"https:\/\/www.remgro.com\/af\/groepbeleggings\/gesondheidsorg\/#primaryimage"},"thumbnailUrl":"https:\/\/www.remgro.com\/wp-content\/images\/2024\/logos\/mediclinic.png","datePublished":"2014-08-05T13:44:40+00:00","dateModified":"2025-10-28T19:27:18+00:00","breadcrumb":{"@id":"https:\/\/www.remgro.com\/af\/groepbeleggings\/gesondheidsorg\/#breadcrumb"},"inLanguage":"af-ZA","potentialAction":[{"@type":"ReadAction","target":["https:\/\/www.remgro.com\/af\/groepbeleggings\/gesondheidsorg\/"]}]},{"@type":"ImageObject","inLanguage":"af-ZA","@id":"https:\/\/www.remgro.com\/af\/groepbeleggings\/gesondheidsorg\/#primaryimage","url":"https:\/\/www.remgro.com\/wp-content\/images\/2024\/logos\/mediclinic.png","contentUrl":"https:\/\/www.remgro.com\/wp-content\/images\/2024\/logos\/mediclinic.png"},{"@type":"BreadcrumbList","@id":"https:\/\/www.remgro.com\/af\/groepbeleggings\/gesondheidsorg\/#breadcrumb","itemListElement":[{"@type":"ListItem","position":1,"name":"Groepbeleggings","item":"https:\/\/www.remgro.com\/af\/groepbeleggings\/"},{"@type":"ListItem","position":2,"name":"Gesondheidsorg"}]},{"@type":"WebSite","@id":"https:\/\/www.remgro.com\/#website","url":"https:\/\/www.remgro.com\/","name":"Remgro Limited","description":"","publisher":{"@id":"https:\/\/www.remgro.com\/#organization"},"potentialAction":[{"@type":"SearchAction","target":{"@type":"EntryPoint","urlTemplate":"https:\/\/www.remgro.com\/?s={search_term_string}"},"query-input":{"@type":"PropertyValueSpecification","valueRequired":true,"valueName":"search_term_string"}}],"inLanguage":"af-ZA"},{"@type":"Organization","@id":"https:\/\/www.remgro.com\/#organization","name":"Remgro Limited","url":"https:\/\/www.remgro.com\/","logo":{"@type":"ImageObject","inLanguage":"af-ZA","@id":"https:\/\/www.remgro.com\/#\/schema\/logo\/image\/","url":"https:\/\/www.remgro.com\/wp-content\/uploads\/2016\/03\/logo.jpg","contentUrl":"https:\/\/www.remgro.com\/wp-content\/uploads\/2016\/03\/logo.jpg","width":337,"height":109,"caption":"Remgro Limited"},"image":{"@id":"https:\/\/www.remgro.com\/#\/schema\/logo\/image\/"}}]}},"_links":{"self":[{"href":"https:\/\/www.remgro.com\/af\/wp-json\/wp\/v2\/pages\/606","targetHints":{"allow":["GET"]}}],"collection":[{"href":"https:\/\/www.remgro.com\/af\/wp-json\/wp\/v2\/pages"}],"about":[{"href":"https:\/\/www.remgro.com\/af\/wp-json\/wp\/v2\/types\/page"}],"author":[{"embeddable":true,"href":"https:\/\/www.remgro.com\/af\/wp-json\/wp\/v2\/users\/5"}],"replies":[{"embeddable":true,"href":"https:\/\/www.remgro.com\/af\/wp-json\/wp\/v2\/comments?post=606"}],"version-history":[{"count":45,"href":"https:\/\/www.remgro.com\/af\/wp-json\/wp\/v2\/pages\/606\/revisions"}],"predecessor-version":[{"id":22919,"href":"https:\/\/www.remgro.com\/af\/wp-json\/wp\/v2\/pages\/606\/revisions\/22919"}],"up":[{"embeddable":true,"href":"https:\/\/www.remgro.com\/af\/wp-json\/wp\/v2\/pages\/440"}],"wp:attachment":[{"href":"https:\/\/www.remgro.com\/af\/wp-json\/wp\/v2\/media?parent=606"}],"curies":[{"name":"wp","href":"https:\/\/api.w.org\/{rel}","templated":true}]}}