{"id":589,"date":"2014-08-05T15:41:11","date_gmt":"2014-08-05T13:41:11","guid":{"rendered":"https:\/\/www.remgro.com\/oor-remgro\/history\/"},"modified":"2025-10-25T20:10:35","modified_gmt":"2025-10-25T18:10:35","slug":"maatskappygeskiedenis","status":"publish","type":"page","link":"https:\/\/www.remgro.com\/af\/remgro\/maatskappygeskiedenis\/","title":{"rendered":"Maatskappygeskiedenis"},"content":{"rendered":"<div class=\"wpb-content-wrapper\"><p class=\"lead\">[vc_row][vc_column][vc_column_text css=&#8221;&#8221;]\n<p class=\"heading-2\">Skep van aandeelhouerswaarde sedert 1948<\/p>\n<p><!--p class=\"quote\">Over the <span class=\"bold-xlg text-gold\">76 years of our rich history,<\/span> we pride ourselves in our <span class=\"bold-xlg text-gold\">proven track record<\/span> to deliver superior returns to shareholders by timeously <span class=\"bold-xlg text-gold\">identifying opportunities<\/span> presented by newly established, maturing and\/or pivoting industries and business models.\n\n&nbsp;\n\n\n<p class=\"quote\">History also shows that we take our responsibility to be a <span class=\"bold-xlg text-gold\">good corporate citizen<\/span> seriously and strive to ensure this remains part of our core value system. As the future unfolds, <span class=\"bold-xlg text-gold\">we are committed<\/span> to playing <span class=\"bold-xlg text-gold\">a leading role in<\/span> driving the <span class=\"bold-xlg text-gold\">sustainability agenda.<\/span><\/p--><\/p>\n[\/vc_column_text][vc_column_text css=&#8221;&#8221;]<a href=\"https:\/\/www.remgro.com\/wp-content\/uploads\/Maatskappygeskiedenis-scaled.jpg\" target=\"_blank\" rel=\"noopener noreferrer\">Klik hier om te vergroot<\/a><\/p>\n<p><img decoding=\"async\" class=\"alignnone wp-image-10403 size-full\" src=\"https:\/\/www.remgro.com\/wp-content\/uploads\/Maatskappygeskiedenis-scaled.jpg\" alt=\"\" \/>[\/vc_column_text][\/vc_column][\/vc_row][vc_row][vc_column][vc_tta_accordion][vc_tta_section title=&#8221;1940s&#8221; tab_id=&#8221;1603130665179-7fdb5ac8-6921&#8243;][vc_column_text css=&#8221;&#8221;]Remgro se ontstaangeskiedenis dateer uit die 1940s toe die groepstigter, dr Anton Rupert, die tabakmaatskappy Voorbrand in Johannesburg, Suid-Afrika, tot stand gebring het. Dit was die voorloper van Rembrandt Groep Beperk (Rembrandt). Rembrandt is in 1948 ge\u00efnkorporeer.<\/p>\n<p>Rembrandt het die Suid-Afrikaanse sigaret- en tabakbedryf in 1948 betree en in die 1950s na die buiteland uitgebrei deur internasionale vennootskappe.<\/p>\n<p>Rembrandt se belange in die wyn- en spiritualie\u00ebbedryf dateer ook uit die 1940s toe dr Rupert en mnr D W R Hertzog Distillers Korporasie gestig het.[\/vc_column_text][\/vc_tta_section][vc_tta_section title=&#8221;1950s&#8221; tab_id=&#8221;1603130665189-6f478175-bd72&#8243;][vc_column_text css=&#8221;&#8221;]Rembrandt is in 1956 op die Johannesburgse Effektebeurs genoteer.[\/vc_column_text][\/vc_tta_section][vc_tta_section title=&#8221;1970s&#8221; tab_id=&#8221;1603131422173-3d3a3ad2-786f&#8221;][vc_column_text css=&#8221;&#8221;]Rembrandt se oorsese tabakbelange is in 1972 gekonsolideer in Rothmans International, wat op die Londense Aandelebeurs genoteer was.<\/p>\n<p>Sedert die 1970s het Rembrandt sy belange buite tabak, wyn en spiritualie\u00eb uitgebrei deur beleggings te maak in verskeie ander ekonomiese sektore in Suid-Afrika, waaronder bankwese en finansi\u00eble dienste, mynbou, drukwese en verpakking, mediese dienste, ingenieurswese en voedselbelange.[\/vc_column_text][\/vc_tta_section][vc_tta_section title=&#8221;1980s&#8221; tab_id=&#8221;1603132404689-4df51378-b0a1&#8243;][vc_column_text css=&#8221;&#8221;]In 1988 is \u2019n skeiding tussen die binne- en buitelandse belange van Rembrandt bewerkstellig deur die totstandkoming van Compagnie Financi\u00e8re Richemont AG (Richemont) \u2013 \u2019n Switserse genoteerde luuksegoedere-groep wat handelsmerke soos Cartier, Dunhill en Mont Blanc ingesluit het en toe \u2019n aandeel in Rothmans International bekom het.[\/vc_column_text][\/vc_tta_section][vc_tta_section title=&#8221;1990s&#8221; tab_id=&#8221;1603133091163-b73fa2fd-65b6&#8243;][vc_column_text css=&#8221;&#8221;]Gedurende 1993 was Rembrandt \u2019n medestigter van Suid- Afrika se eerste selfoonmaatskappy, Vodacom, wat uiteindelik in 2006 deur VenFin Beperk (VenFin) verkoop is. In 1995 het Rembrandt en Richemont hul tabakbelange saamgevoeg in Rothmans International, in daardie stadium die vierde grootste sigaretvervaardiger in die w\u00eareld. Dit is toe gedenoteer en in 1999 is hierdie belange met di\u00e9 van British American Tobacco plc (BAT), die w\u00eareld se naasgrootste sigaretvervaardiger, saamgesmelt. Sedertdien was die belegging in BAT gehou deur \u2019n gesamentlike houermaatskappy waarin Rembrandt (Remgro se voorganger) en Richemont onderskeidelik \u2019n belang van 33\u2153% en 66\u2154% gehou het. Na hierdie herstrukturering het Rembrandt uitsluitlik \u2019n beleggingshouermaatskappy geword.[\/vc_column_text][\/vc_tta_section][vc_tta_section title=&#8221;2000&#8243; tab_id=&#8221;1603133266126-ccba2d34-afe6&#8243;][vc_column_text css=&#8221;&#8221;]In September 2000 is die herstrukturering van Rembrandt verder gevoer toe die Suid-Afrikaanse beheerstruktuur, bestaande uit vier genoteerde maatskappye, plek gemaak het vir slegs twee genoteerde maatskappye, naamlik Remgro en VenFin. Hierna het Remgro Rembrandt se gevestigde belange in tabak, finansi\u00eble dienste, mynwese en nywerheid verteenwoordig. Die telekommunikasie- en tegnologiebelange was in VenFin gehuisves.[\/vc_column_text][\/vc_tta_section][vc_tta_section title=&#8221;2001&#8243; tab_id=&#8221;1666172829882-982a0760-3322&#8243;][vc_column_text css=&#8221;&#8221;]In Januarie 2001 het Remgro sy belang van 8.2% in Billiton plc en 11.3%-belang in Gold Fields verruil vir \u2018n belang van 9.3% in FirstRand Beperk en \u2018n 23.1%-belang in Rand Merchant Bank Holdings Beperk.[\/vc_column_text][\/vc_tta_section][vc_tta_section title=&#8221;2008&#8243; tab_id=&#8221;1603133375848-1d449a1f-2647&#8243;][vc_column_text css=&#8221;&#8221;]In November 2008, het Remgro sy belegging in BAT ontbondel by wyse van \u2019n tussendividend <em>in specie<\/em> ten bedrae van R55.2 miljard. N\u00e1 die BAT-ontbondeling het die groep se oorblywende belange hoofsaaklik bestaan uit beleggings in bankwese en finansi\u00eble dienste, drukwese en verpakking, motorkomponente, glasprodukte, mediese dienste, mynwese, petroleumprodukte, voedsel, wyn en spiritualie\u00eb en verskeie ander handelsmerkprodukte.<\/p>\n<p>Op 30 Junie 2025 het die waarde van die ontbondelde BAT-aandele tot R179.6 miljard toegeneem.[\/vc_column_text][\/vc_tta_section][vc_tta_section title=&#8221;2009&#8243; tab_id=&#8221;1603133524431-985ad328-ee2d&#8221;][vc_column_text css=&#8221;&#8221;]In November 2009 het Remgro en VenFin weer saamgesmelt, wat media- en tegnologiebelange by die groep se beleggings gevoeg het.[\/vc_column_text][\/vc_tta_section][vc_tta_section title=&#8221;2016&#8243; tab_id=&#8221;1603133624347-f5379105-8b72&#8243;][vc_column_text css=&#8221;&#8221;]Remgro het Mediclinic International Beperk (Mediclinic) se verkryging van \u2018n 29.9%-belang in Spire Healthcare Group plc gedurende Junie 2015 gefasiliteer en vervolgens ook aan Mediclinic se regte-uitgifte deelgeneem. Mediclinic en Al Noor Hospitals Group plc is saamgevoeg in Februarie 2016.[\/vc_column_text][\/vc_tta_section][vc_tta_section title=&#8221;2017&#8243; tab_id=&#8221;1603135213100-eb09fb8d-690c&#8221;][vc_column_text css=&#8221;&#8221;]In Oktober 2016 het Remgro \u2019n regte-uitgifte ten bedrae van R9 945 miljoen voltooi om oor die nodige kontantbronne, en buigsaamheid te beskik om beleggingsgeleenthede te benut.[\/vc_column_text][\/vc_tta_section][vc_tta_section title=&#8221;2018&#8243; tab_id=&#8221;1603135384332-5aa27b40-bccb&#8221;][vc_column_text css=&#8221;&#8221;]In Julie 2018 het Remgro sy belang van 25.75% in Unilever South Africa Eiendoms Beperk (Unilever) verkoop in ruil vir laasgenoemde se Smerebesigheid in Suider-Afrika, nou Siqalo Foods, vir \u2019n bedrag van R7 000 miljoen en \u2018n kontantbedrag van R4 900 miljoen.[\/vc_column_text][\/vc_tta_section][vc_tta_section title=&#8221;2020&#8243; tab_id=&#8221;1603135442382-2709bac0-82b2&#8243;][vc_column_text css=&#8221;&#8221;]In Junie 2020 het Remgro sy belegging van 28.2% in RMB Holdings Beperk ontbondel by wyse van \u2018n tussendividend <em>in specie<\/em> ten bedrae van R23.9 miljard.[\/vc_column_text][\/vc_tta_section][vc_tta_section title=&#8221;2023&#8243; tab_id=&#8221;1666173196535-145424ae-3b96&#8243;][vc_column_text css=&#8221;&#8221;]Gedurende Junie 2023, het Remgro en MSC Mediterranean Shipping Company SA die volle uitgereikte gewone aandelekapitaal van Mediclinic, buiten die Mediclinic-aandele wat Remgro reeds besit, bekom. Mediclinic-aandeelhouers het 501 pennies per Mediclinic-aandeel ontvang. Remgro het \u2018n verdere \u00a3221 miljoen bel\u00ea en sy belang in Mediclinic het vanaf 44.6% tot 50.0% toegeneem.<\/p>\n<p>Gedurende April 2023 is Heineken International B.V. se Suider-Afrikaanse besigheid, insluitende \u2018n belang in Namibia Breweries Beperk, met die grootste gedeelte van Distell Group Holdings Beperk (Distell) se besigheid (bestaande uit sy siderbesigheid, ander RTDs en spiritualie\u00eb en wynbesigheid) in Heineken Beverages Holdings Beperk (Heineken Beverages) saamgevoeg. Remgro het \u2018n 15.5%-belang in Heineken Beverages ontvang en het sedertdien sy belang tot 18.8% verhoog. Distell het terselfdertyd sy filiaal, Capevin Holdings Eiendoms Beperk (Capevin), wat die oorblywende bates van Distell gehou het, insluitende die Skotse whiskybesigheid, ontbondel en Remgro het \u2018n ekonomiese belang van 31.4% in Capevin ontvang.[\/vc_column_text][\/vc_tta_section][vc_tta_section title=&#8221;2025&#8243; tab_id=&#8221;1761220335700-5bd7a08e-10f8&#8243;][vc_column_text css=&#8221;&#8221;]Op 1 Julie 2024 het Remgro 714 057 943 Rainbow-aandele ontvang as deel van RCL Foods se formele skeiding van sy pluimveebedryf.<\/p>\n<p>Remgro se aandeelhouding in Rainbow was \u2018n weerspie\u00ebling van sy aandeelhouding in RCL Foods in daardie stadium, wat \u2018n belang van 80.2% verteenwoordig het.[\/vc_column_text][\/vc_tta_section][\/vc_tta_accordion][\/vc_column][\/vc_row]\n<\/div>","protected":false},"excerpt":{"rendered":"<p>[vc_row][vc_column][vc_column_text css=&#8221;&#8221;] Skep van aandeelhouerswaarde sedert 1948 [\/vc_column_text][vc_column_text css=&#8221;&#8221;]Klik hier om te vergroot [\/vc_column_text][\/vc_column][\/vc_row][vc_row][vc_column][vc_tta_accordion][vc_tta_section title=&#8221;1940s&#8221; tab_id=&#8221;1603130665179-7fdb5ac8-6921&#8243;][vc_column_text css=&#8221;&#8221;]Remgro se ontstaangeskiedenis dateer uit die 1940s toe die groepstigter, dr Anton Rupert, die tabakmaatskappy Voorbrand in Johannesburg, Suid-Afrika, tot stand gebring het. Dit was die voorloper van Rembrandt Groep Beperk (Rembrandt). Rembrandt is in 1948 ge\u00efnkorporeer. Rembrandt het&#8230;  <a href=\"https:\/\/www.remgro.com\/af\/remgro\/maatskappygeskiedenis\/\" class=\"more-link\" title=\"Read Maatskappygeskiedenis\">Read more &raquo;<\/a><\/p>\n","protected":false},"author":5,"featured_media":0,"parent":431,"menu_order":10,"comment_status":"closed","ping_status":"closed","template":"page-full-width.php","meta":{"footnotes":""},"class_list":["post-589","page","type-page","status-publish","hentry"],"yoast_head":"<!-- This site is optimized with the Yoast SEO plugin v27.4 - https:\/\/yoast.com\/product\/yoast-seo-wordpress\/ -->\n<title>Maatskappygeskiedenis - Remgro Limited<\/title>\n<meta name=\"robots\" content=\"index, follow, max-snippet:-1, max-image-preview:large, max-video-preview:-1\" \/>\n<link rel=\"canonical\" href=\"https:\/\/www.remgro.com\/af\/remgro\/maatskappygeskiedenis\/\" \/>\n<meta property=\"og:locale\" content=\"af_ZA\" \/>\n<meta property=\"og:type\" content=\"article\" \/>\n<meta property=\"og:title\" content=\"Maatskappygeskiedenis - Remgro Limited\" \/>\n<meta property=\"og:description\" content=\"[vc_row][vc_column][vc_column_text css=&#8221;&#8221;] Skep van aandeelhouerswaarde sedert 1948 [\/vc_column_text][vc_column_text css=&#8221;&#8221;]Klik hier om te vergroot [\/vc_column_text][\/vc_column][\/vc_row][vc_row][vc_column][vc_tta_accordion][vc_tta_section title=&#8221;1940s&#8221; tab_id=&#8221;1603130665179-7fdb5ac8-6921&#8243;][vc_column_text css=&#8221;&#8221;]Remgro se ontstaangeskiedenis dateer uit die 1940s toe die groepstigter, dr Anton Rupert, die tabakmaatskappy Voorbrand in Johannesburg, Suid-Afrika, tot stand gebring het. Dit was die voorloper van Rembrandt Groep Beperk (Rembrandt). Rembrandt is in 1948 ge\u00efnkorporeer. Rembrandt het... Read more &raquo;\" \/>\n<meta property=\"og:url\" content=\"https:\/\/www.remgro.com\/af\/remgro\/maatskappygeskiedenis\/\" \/>\n<meta property=\"og:site_name\" content=\"Remgro Limited\" \/>\n<meta property=\"article:modified_time\" content=\"2025-10-25T18:10:35+00:00\" \/>\n<meta property=\"og:image\" content=\"https:\/\/www.remgro.com\/wp-content\/uploads\/2020\/10\/History-Afr.png\" \/>\n\t<meta property=\"og:image:width\" content=\"4961\" \/>\n\t<meta property=\"og:image:height\" content=\"3408\" \/>\n\t<meta property=\"og:image:type\" content=\"image\/png\" \/>\n<meta name=\"twitter:label1\" content=\"Est. reading time\" \/>\n\t<meta name=\"twitter:data1\" content=\"4 minutes\" \/>\n<script type=\"application\/ld+json\" class=\"yoast-schema-graph\">{\"@context\":\"https:\\\/\\\/schema.org\",\"@graph\":[{\"@type\":\"WebPage\",\"@id\":\"https:\\\/\\\/www.remgro.com\\\/af\\\/remgro\\\/maatskappygeskiedenis\\\/\",\"url\":\"https:\\\/\\\/www.remgro.com\\\/af\\\/remgro\\\/maatskappygeskiedenis\\\/\",\"name\":\"Maatskappygeskiedenis - Remgro Limited\",\"isPartOf\":{\"@id\":\"https:\\\/\\\/www.remgro.com\\\/#website\"},\"primaryImageOfPage\":{\"@id\":\"https:\\\/\\\/www.remgro.com\\\/af\\\/remgro\\\/maatskappygeskiedenis\\\/#primaryimage\"},\"image\":{\"@id\":\"https:\\\/\\\/www.remgro.com\\\/af\\\/remgro\\\/maatskappygeskiedenis\\\/#primaryimage\"},\"thumbnailUrl\":\"https:\\\/\\\/www.remgro.com\\\/wp-content\\\/uploads\\\/Maatskappygeskiedenis-scaled.jpg\",\"datePublished\":\"2014-08-05T13:41:11+00:00\",\"dateModified\":\"2025-10-25T18:10:35+00:00\",\"breadcrumb\":{\"@id\":\"https:\\\/\\\/www.remgro.com\\\/af\\\/remgro\\\/maatskappygeskiedenis\\\/#breadcrumb\"},\"inLanguage\":\"af-ZA\",\"potentialAction\":[{\"@type\":\"ReadAction\",\"target\":[\"https:\\\/\\\/www.remgro.com\\\/af\\\/remgro\\\/maatskappygeskiedenis\\\/\"]}]},{\"@type\":\"ImageObject\",\"inLanguage\":\"af-ZA\",\"@id\":\"https:\\\/\\\/www.remgro.com\\\/af\\\/remgro\\\/maatskappygeskiedenis\\\/#primaryimage\",\"url\":\"https:\\\/\\\/www.remgro.com\\\/wp-content\\\/uploads\\\/Maatskappygeskiedenis-scaled.jpg\",\"contentUrl\":\"https:\\\/\\\/www.remgro.com\\\/wp-content\\\/uploads\\\/Maatskappygeskiedenis-scaled.jpg\"},{\"@type\":\"BreadcrumbList\",\"@id\":\"https:\\\/\\\/www.remgro.com\\\/af\\\/remgro\\\/maatskappygeskiedenis\\\/#breadcrumb\",\"itemListElement\":[{\"@type\":\"ListItem\",\"position\":1,\"name\":\"Remgro\",\"item\":\"https:\\\/\\\/www.remgro.com\\\/af\\\/remgro\\\/\"},{\"@type\":\"ListItem\",\"position\":2,\"name\":\"Maatskappygeskiedenis\"}]},{\"@type\":\"WebSite\",\"@id\":\"https:\\\/\\\/www.remgro.com\\\/#website\",\"url\":\"https:\\\/\\\/www.remgro.com\\\/\",\"name\":\"Remgro Limited\",\"description\":\"\",\"publisher\":{\"@id\":\"https:\\\/\\\/www.remgro.com\\\/#organization\"},\"potentialAction\":[{\"@type\":\"SearchAction\",\"target\":{\"@type\":\"EntryPoint\",\"urlTemplate\":\"https:\\\/\\\/www.remgro.com\\\/?s={search_term_string}\"},\"query-input\":{\"@type\":\"PropertyValueSpecification\",\"valueRequired\":true,\"valueName\":\"search_term_string\"}}],\"inLanguage\":\"af-ZA\"},{\"@type\":\"Organization\",\"@id\":\"https:\\\/\\\/www.remgro.com\\\/#organization\",\"name\":\"Remgro Limited\",\"url\":\"https:\\\/\\\/www.remgro.com\\\/\",\"logo\":{\"@type\":\"ImageObject\",\"inLanguage\":\"af-ZA\",\"@id\":\"https:\\\/\\\/www.remgro.com\\\/#\\\/schema\\\/logo\\\/image\\\/\",\"url\":\"https:\\\/\\\/www.remgro.com\\\/wp-content\\\/uploads\\\/2016\\\/03\\\/logo.jpg\",\"contentUrl\":\"https:\\\/\\\/www.remgro.com\\\/wp-content\\\/uploads\\\/2016\\\/03\\\/logo.jpg\",\"width\":337,\"height\":109,\"caption\":\"Remgro Limited\"},\"image\":{\"@id\":\"https:\\\/\\\/www.remgro.com\\\/#\\\/schema\\\/logo\\\/image\\\/\"}}]}<\/script>\n<!-- \/ Yoast SEO plugin. -->","yoast_head_json":{"title":"Maatskappygeskiedenis - Remgro Limited","robots":{"index":"index","follow":"follow","max-snippet":"max-snippet:-1","max-image-preview":"max-image-preview:large","max-video-preview":"max-video-preview:-1"},"canonical":"https:\/\/www.remgro.com\/af\/remgro\/maatskappygeskiedenis\/","og_locale":"af_ZA","og_type":"article","og_title":"Maatskappygeskiedenis - Remgro Limited","og_description":"[vc_row][vc_column][vc_column_text css=&#8221;&#8221;] Skep van aandeelhouerswaarde sedert 1948 [\/vc_column_text][vc_column_text css=&#8221;&#8221;]Klik hier om te vergroot [\/vc_column_text][\/vc_column][\/vc_row][vc_row][vc_column][vc_tta_accordion][vc_tta_section title=&#8221;1940s&#8221; tab_id=&#8221;1603130665179-7fdb5ac8-6921&#8243;][vc_column_text css=&#8221;&#8221;]Remgro se ontstaangeskiedenis dateer uit die 1940s toe die groepstigter, dr Anton Rupert, die tabakmaatskappy Voorbrand in Johannesburg, Suid-Afrika, tot stand gebring het. Dit was die voorloper van Rembrandt Groep Beperk (Rembrandt). Rembrandt is in 1948 ge\u00efnkorporeer. Rembrandt het... Read more &raquo;","og_url":"https:\/\/www.remgro.com\/af\/remgro\/maatskappygeskiedenis\/","og_site_name":"Remgro Limited","article_modified_time":"2025-10-25T18:10:35+00:00","og_image":[{"width":4961,"height":3408,"url":"https:\/\/www.remgro.com\/wp-content\/uploads\/2020\/10\/History-Afr.png","type":"image\/png"}],"twitter_misc":{"Est. reading time":"4 minutes"},"schema":{"@context":"https:\/\/schema.org","@graph":[{"@type":"WebPage","@id":"https:\/\/www.remgro.com\/af\/remgro\/maatskappygeskiedenis\/","url":"https:\/\/www.remgro.com\/af\/remgro\/maatskappygeskiedenis\/","name":"Maatskappygeskiedenis - Remgro Limited","isPartOf":{"@id":"https:\/\/www.remgro.com\/#website"},"primaryImageOfPage":{"@id":"https:\/\/www.remgro.com\/af\/remgro\/maatskappygeskiedenis\/#primaryimage"},"image":{"@id":"https:\/\/www.remgro.com\/af\/remgro\/maatskappygeskiedenis\/#primaryimage"},"thumbnailUrl":"https:\/\/www.remgro.com\/wp-content\/uploads\/Maatskappygeskiedenis-scaled.jpg","datePublished":"2014-08-05T13:41:11+00:00","dateModified":"2025-10-25T18:10:35+00:00","breadcrumb":{"@id":"https:\/\/www.remgro.com\/af\/remgro\/maatskappygeskiedenis\/#breadcrumb"},"inLanguage":"af-ZA","potentialAction":[{"@type":"ReadAction","target":["https:\/\/www.remgro.com\/af\/remgro\/maatskappygeskiedenis\/"]}]},{"@type":"ImageObject","inLanguage":"af-ZA","@id":"https:\/\/www.remgro.com\/af\/remgro\/maatskappygeskiedenis\/#primaryimage","url":"https:\/\/www.remgro.com\/wp-content\/uploads\/Maatskappygeskiedenis-scaled.jpg","contentUrl":"https:\/\/www.remgro.com\/wp-content\/uploads\/Maatskappygeskiedenis-scaled.jpg"},{"@type":"BreadcrumbList","@id":"https:\/\/www.remgro.com\/af\/remgro\/maatskappygeskiedenis\/#breadcrumb","itemListElement":[{"@type":"ListItem","position":1,"name":"Remgro","item":"https:\/\/www.remgro.com\/af\/remgro\/"},{"@type":"ListItem","position":2,"name":"Maatskappygeskiedenis"}]},{"@type":"WebSite","@id":"https:\/\/www.remgro.com\/#website","url":"https:\/\/www.remgro.com\/","name":"Remgro Limited","description":"","publisher":{"@id":"https:\/\/www.remgro.com\/#organization"},"potentialAction":[{"@type":"SearchAction","target":{"@type":"EntryPoint","urlTemplate":"https:\/\/www.remgro.com\/?s={search_term_string}"},"query-input":{"@type":"PropertyValueSpecification","valueRequired":true,"valueName":"search_term_string"}}],"inLanguage":"af-ZA"},{"@type":"Organization","@id":"https:\/\/www.remgro.com\/#organization","name":"Remgro Limited","url":"https:\/\/www.remgro.com\/","logo":{"@type":"ImageObject","inLanguage":"af-ZA","@id":"https:\/\/www.remgro.com\/#\/schema\/logo\/image\/","url":"https:\/\/www.remgro.com\/wp-content\/uploads\/2016\/03\/logo.jpg","contentUrl":"https:\/\/www.remgro.com\/wp-content\/uploads\/2016\/03\/logo.jpg","width":337,"height":109,"caption":"Remgro Limited"},"image":{"@id":"https:\/\/www.remgro.com\/#\/schema\/logo\/image\/"}}]}},"_links":{"self":[{"href":"https:\/\/www.remgro.com\/af\/wp-json\/wp\/v2\/pages\/589","targetHints":{"allow":["GET"]}}],"collection":[{"href":"https:\/\/www.remgro.com\/af\/wp-json\/wp\/v2\/pages"}],"about":[{"href":"https:\/\/www.remgro.com\/af\/wp-json\/wp\/v2\/types\/page"}],"author":[{"embeddable":true,"href":"https:\/\/www.remgro.com\/af\/wp-json\/wp\/v2\/users\/5"}],"replies":[{"embeddable":true,"href":"https:\/\/www.remgro.com\/af\/wp-json\/wp\/v2\/comments?post=589"}],"version-history":[{"count":14,"href":"https:\/\/www.remgro.com\/af\/wp-json\/wp\/v2\/pages\/589\/revisions"}],"predecessor-version":[{"id":22580,"href":"https:\/\/www.remgro.com\/af\/wp-json\/wp\/v2\/pages\/589\/revisions\/22580"}],"up":[{"embeddable":true,"href":"https:\/\/www.remgro.com\/af\/wp-json\/wp\/v2\/pages\/431"}],"wp:attachment":[{"href":"https:\/\/www.remgro.com\/af\/wp-json\/wp\/v2\/media?parent=589"}],"curies":[{"name":"wp","href":"https:\/\/api.w.org\/{rel}","templated":true}]}}