{"id":489,"date":"2014-08-05T15:41:11","date_gmt":"2014-08-05T13:41:11","guid":{"rendered":"https:\/\/www.remgro.com\/investor-and-media-centre\/calendar\/"},"modified":"2025-10-09T11:15:50","modified_gmt":"2025-10-09T09:15:50","slug":"kalender","status":"publish","type":"page","link":"https:\/\/www.remgro.com\/af\/beleggerinligting\/kalender\/","title":{"rendered":"Kalender"},"content":{"rendered":"<div class=\"wpb-content-wrapper\"><p class=\"lead\">[vc_row][vc_column][vc_column_text css=&#8221;&#8221;]\n<table class=\"share-tbl\" width=\"100%\" cellspacing=\"0\" cellpadding=\"0\">\n<tbody>\n<tr>\n<td colspan=\"2\">\n<h2>Datums van belang vir aandeelhouers<\/h2>\n<p>&nbsp;<\/td>\n<\/tr>\n<tr>\n<td width=\"50%\">Finansi\u00eble jaareinde<\/td>\n<td style=\"text-align: right;\" width=\"50%\">30 Junie<\/td>\n<\/tr>\n<tr>\n<td width=\"50%\">Algemene jaarvergadering<\/td>\n<td style=\"text-align: right;\" width=\"50%\">Donderdag, 27 November 2025<\/td>\n<\/tr>\n<tr>\n<td width=\"50%\" height=\"12\"><\/td>\n<td style=\"text-align: right;\" width=\"50%\"><\/td>\n<\/tr>\n<tr>\n<td width=\"50%\"><span class=\"font-dark-blue\"><strong>Finansi\u00eble verslae<\/strong><\/span><\/td>\n<td style=\"text-align: right;\" width=\"50%\"><\/td>\n<\/tr>\n<tr>\n<td width=\"50%\">Aankondiging van tussenresultate<\/td>\n<td style=\"text-align: right;\" width=\"50%\">Maart<\/td>\n<\/tr>\n<tr>\n<td width=\"50%\">Tussenverslag<\/td>\n<td style=\"text-align: right;\" width=\"50%\">Maart<\/td>\n<\/tr>\n<tr>\n<td width=\"50%\">Aankondiging van jaarresultate<\/td>\n<td style=\"text-align: right;\" width=\"50%\">September<\/td>\n<\/tr>\n<tr>\n<td width=\"50%\">Finansi\u00eble jaarstate<\/td>\n<td style=\"text-align: right;\" width=\"50%\">September<\/td>\n<\/tr>\n<tr>\n<td width=\"50%\">Ge\u00efntegreerde jaarverslag<\/td>\n<td style=\"text-align: right;\" width=\"50%\">Oktober<\/td>\n<\/tr>\n<tr>\n<td width=\"50%\" height=\"12\"><\/td>\n<td style=\"text-align: right;\" width=\"50%\"><\/td>\n<\/tr>\n<tr>\n<td width=\"50%\"><span class=\"font-dark-blue\"><strong>Dividende<\/strong><\/span><\/td>\n<td style=\"text-align: right;\" width=\"50%\"><\/td>\n<\/tr>\n<tr>\n<td width=\"50%\">Tussendividend<\/td>\n<td style=\"text-align: right;\" width=\"50%\"><\/td>\n<\/tr>\n<tr>\n<td width=\"50%\">&#8211;\u00a0verklaar<\/td>\n<td style=\"text-align: right;\" width=\"50%\">Maart<\/td>\n<\/tr>\n<tr>\n<td width=\"50%\">&#8211;\u00a0betaal<\/td>\n<td style=\"text-align: right;\" width=\"50%\">April<\/td>\n<\/tr>\n<tr>\n<td width=\"50%\" height=\"12\"><\/td>\n<td style=\"text-align: right;\" width=\"50%\"><\/td>\n<\/tr>\n<tr>\n<td width=\"50%\">Finale dividend<\/td>\n<td style=\"text-align: right;\" width=\"50%\"><\/td>\n<\/tr>\n<tr>\n<td width=\"50%\">&#8211;\u00a0verklaar<\/td>\n<td style=\"text-align: right;\" width=\"50%\">September<\/td>\n<\/tr>\n<tr>\n<td width=\"50%\">&#8211;\u00a0betaal<\/td>\n<td style=\"text-align: right;\" width=\"50%\">Oktober<\/td>\n<\/tr>\n<tr>\n<td width=\"50%\" height=\"12\"><\/td>\n<td style=\"text-align: right;\" width=\"50%\"><\/td>\n<\/tr>\n<tr>\n<td width=\"50%\"><span class=\"font-dark-blue\"><strong>Finale dividend Nr. 50 en spesiale dividend <\/strong><\/span><\/td>\n<td style=\"text-align: right;\" width=\"50%\"><\/td>\n<\/tr>\n<tr>\n<td width=\"50%\">Gewone dividend per aandeel<\/td>\n<td style=\"text-align: right;\" width=\"50%\">248 sent<\/td>\n<\/tr>\n<tr>\n<td width=\"50%\">Spesiale dividend per aandeel<\/td>\n<td style=\"text-align: right;\" width=\"50%\">200 sent<\/td>\n<\/tr>\n<tr>\n<td width=\"50%\">Finaliseringsdatum vir die spesiale dividend, teen 11h00<\/td>\n<td style=\"text-align: right;\" width=\"50%\">Dinsday, 14 Oktober 2025<\/td>\n<\/tr>\n<tr>\n<td width=\"50%\">Laaste dag van verhandeling ten einde vir die finale en spesiale dividend te kwalifiseer<\/td>\n<td style=\"text-align: right;\" width=\"50%\">Dinsdag, 21 Oktober 2025<\/td>\n<\/tr>\n<tr>\n<td width=\"50%\">Aandele verhandel ex die finale en spesiale dividend<\/td>\n<td style=\"text-align: right;\" width=\"50%\">Woensdag, 22 Oktober 2025<\/td>\n<\/tr>\n<tr>\n<td width=\"50%\">Rekorddatum<\/td>\n<td style=\"text-align: right;\" width=\"50%\">Vrydag, 24 Oktober 2025<\/td>\n<\/tr>\n<tr>\n<td width=\"50%\">Betaaldatum<\/td>\n<td style=\"text-align: right;\" width=\"50%\">Maandag, 27 Oktober 2025<\/td>\n<\/tr>\n<tr>\n<td width=\"50%\" height=\"12\"><\/td>\n<td style=\"text-align: right;\" width=\"50%\"><\/td>\n<\/tr>\n<\/tbody>\n<\/table>\n[\/vc_column_text][\/vc_column][\/vc_row]\n<\/div>","protected":false},"excerpt":{"rendered":"<p>[vc_row][vc_column][vc_column_text css=&#8221;&#8221;] Datums van belang vir aandeelhouers &nbsp; Finansi\u00eble jaareinde 30 Junie Algemene jaarvergadering Donderdag, 27 November 2025 Finansi\u00eble verslae Aankondiging van tussenresultate Maart Tussenverslag Maart Aankondiging van jaarresultate September Finansi\u00eble jaarstate September Ge\u00efntegreerde jaarverslag Oktober Dividende Tussendividend &#8211;\u00a0verklaar Maart &#8211;\u00a0betaal April Finale dividend &#8211;\u00a0verklaar September &#8211;\u00a0betaal Oktober Finale dividend Nr. 50 en spesiale dividend&#8230;  <a href=\"https:\/\/www.remgro.com\/af\/beleggerinligting\/kalender\/\" class=\"more-link\" title=\"Read Kalender\">Read more &raquo;<\/a><\/p>\n","protected":false},"author":5,"featured_media":0,"parent":434,"menu_order":20,"comment_status":"closed","ping_status":"closed","template":"page-full-width.php","meta":{"footnotes":""},"class_list":["post-489","page","type-page","status-publish","hentry"],"yoast_head":"<!-- This site is optimized with the Yoast SEO plugin v27.4 - https:\/\/yoast.com\/product\/yoast-seo-wordpress\/ -->\n<title>Kalender - Remgro Limited<\/title>\n<meta name=\"robots\" content=\"index, follow, max-snippet:-1, max-image-preview:large, max-video-preview:-1\" \/>\n<link rel=\"canonical\" href=\"https:\/\/www.remgro.com\/af\/beleggerinligting\/kalender\/\" \/>\n<meta property=\"og:locale\" content=\"af_ZA\" \/>\n<meta property=\"og:type\" content=\"article\" \/>\n<meta property=\"og:title\" content=\"Kalender - Remgro Limited\" \/>\n<meta property=\"og:description\" content=\"[vc_row][vc_column][vc_column_text css=&#8221;&#8221;] Datums van belang vir aandeelhouers &nbsp; Finansi\u00eble jaareinde 30 Junie Algemene jaarvergadering Donderdag, 27 November 2025 Finansi\u00eble verslae Aankondiging van tussenresultate Maart Tussenverslag Maart Aankondiging van jaarresultate September Finansi\u00eble jaarstate September Ge\u00efntegreerde jaarverslag Oktober Dividende Tussendividend &#8211;\u00a0verklaar Maart &#8211;\u00a0betaal April Finale dividend &#8211;\u00a0verklaar September &#8211;\u00a0betaal Oktober Finale dividend Nr. 50 en spesiale dividend... Read more &raquo;\" \/>\n<meta property=\"og:url\" content=\"https:\/\/www.remgro.com\/af\/beleggerinligting\/kalender\/\" \/>\n<meta property=\"og:site_name\" content=\"Remgro Limited\" \/>\n<meta property=\"article:modified_time\" content=\"2025-10-09T09:15:50+00:00\" \/>\n<meta name=\"twitter:label1\" content=\"Est. reading time\" \/>\n\t<meta name=\"twitter:data1\" content=\"1 minute\" \/>\n<script type=\"application\/ld+json\" class=\"yoast-schema-graph\">{\"@context\":\"https:\\\/\\\/schema.org\",\"@graph\":[{\"@type\":\"WebPage\",\"@id\":\"https:\\\/\\\/www.remgro.com\\\/af\\\/beleggerinligting\\\/kalender\\\/\",\"url\":\"https:\\\/\\\/www.remgro.com\\\/af\\\/beleggerinligting\\\/kalender\\\/\",\"name\":\"Kalender - Remgro Limited\",\"isPartOf\":{\"@id\":\"https:\\\/\\\/www.remgro.com\\\/#website\"},\"datePublished\":\"2014-08-05T13:41:11+00:00\",\"dateModified\":\"2025-10-09T09:15:50+00:00\",\"breadcrumb\":{\"@id\":\"https:\\\/\\\/www.remgro.com\\\/af\\\/beleggerinligting\\\/kalender\\\/#breadcrumb\"},\"inLanguage\":\"af-ZA\",\"potentialAction\":[{\"@type\":\"ReadAction\",\"target\":[\"https:\\\/\\\/www.remgro.com\\\/af\\\/beleggerinligting\\\/kalender\\\/\"]}]},{\"@type\":\"BreadcrumbList\",\"@id\":\"https:\\\/\\\/www.remgro.com\\\/af\\\/beleggerinligting\\\/kalender\\\/#breadcrumb\",\"itemListElement\":[{\"@type\":\"ListItem\",\"position\":1,\"name\":\"Beleggersinligting\",\"item\":\"https:\\\/\\\/www.remgro.com\\\/investor-centre\\\/\"},{\"@type\":\"ListItem\",\"position\":2,\"name\":\"Kalender\"}]},{\"@type\":\"WebSite\",\"@id\":\"https:\\\/\\\/www.remgro.com\\\/#website\",\"url\":\"https:\\\/\\\/www.remgro.com\\\/\",\"name\":\"Remgro Limited\",\"description\":\"\",\"publisher\":{\"@id\":\"https:\\\/\\\/www.remgro.com\\\/#organization\"},\"potentialAction\":[{\"@type\":\"SearchAction\",\"target\":{\"@type\":\"EntryPoint\",\"urlTemplate\":\"https:\\\/\\\/www.remgro.com\\\/?s={search_term_string}\"},\"query-input\":{\"@type\":\"PropertyValueSpecification\",\"valueRequired\":true,\"valueName\":\"search_term_string\"}}],\"inLanguage\":\"af-ZA\"},{\"@type\":\"Organization\",\"@id\":\"https:\\\/\\\/www.remgro.com\\\/#organization\",\"name\":\"Remgro Limited\",\"url\":\"https:\\\/\\\/www.remgro.com\\\/\",\"logo\":{\"@type\":\"ImageObject\",\"inLanguage\":\"af-ZA\",\"@id\":\"https:\\\/\\\/www.remgro.com\\\/#\\\/schema\\\/logo\\\/image\\\/\",\"url\":\"https:\\\/\\\/www.remgro.com\\\/wp-content\\\/uploads\\\/2016\\\/03\\\/logo.jpg\",\"contentUrl\":\"https:\\\/\\\/www.remgro.com\\\/wp-content\\\/uploads\\\/2016\\\/03\\\/logo.jpg\",\"width\":337,\"height\":109,\"caption\":\"Remgro Limited\"},\"image\":{\"@id\":\"https:\\\/\\\/www.remgro.com\\\/#\\\/schema\\\/logo\\\/image\\\/\"}}]}<\/script>\n<!-- \/ Yoast SEO plugin. -->","yoast_head_json":{"title":"Kalender - Remgro Limited","robots":{"index":"index","follow":"follow","max-snippet":"max-snippet:-1","max-image-preview":"max-image-preview:large","max-video-preview":"max-video-preview:-1"},"canonical":"https:\/\/www.remgro.com\/af\/beleggerinligting\/kalender\/","og_locale":"af_ZA","og_type":"article","og_title":"Kalender - Remgro Limited","og_description":"[vc_row][vc_column][vc_column_text css=&#8221;&#8221;] Datums van belang vir aandeelhouers &nbsp; Finansi\u00eble jaareinde 30 Junie Algemene jaarvergadering Donderdag, 27 November 2025 Finansi\u00eble verslae Aankondiging van tussenresultate Maart Tussenverslag Maart Aankondiging van jaarresultate September Finansi\u00eble jaarstate September Ge\u00efntegreerde jaarverslag Oktober Dividende Tussendividend &#8211;\u00a0verklaar Maart &#8211;\u00a0betaal April Finale dividend &#8211;\u00a0verklaar September &#8211;\u00a0betaal Oktober Finale dividend Nr. 50 en spesiale dividend... Read more &raquo;","og_url":"https:\/\/www.remgro.com\/af\/beleggerinligting\/kalender\/","og_site_name":"Remgro Limited","article_modified_time":"2025-10-09T09:15:50+00:00","twitter_misc":{"Est. reading time":"1 minute"},"schema":{"@context":"https:\/\/schema.org","@graph":[{"@type":"WebPage","@id":"https:\/\/www.remgro.com\/af\/beleggerinligting\/kalender\/","url":"https:\/\/www.remgro.com\/af\/beleggerinligting\/kalender\/","name":"Kalender - Remgro Limited","isPartOf":{"@id":"https:\/\/www.remgro.com\/#website"},"datePublished":"2014-08-05T13:41:11+00:00","dateModified":"2025-10-09T09:15:50+00:00","breadcrumb":{"@id":"https:\/\/www.remgro.com\/af\/beleggerinligting\/kalender\/#breadcrumb"},"inLanguage":"af-ZA","potentialAction":[{"@type":"ReadAction","target":["https:\/\/www.remgro.com\/af\/beleggerinligting\/kalender\/"]}]},{"@type":"BreadcrumbList","@id":"https:\/\/www.remgro.com\/af\/beleggerinligting\/kalender\/#breadcrumb","itemListElement":[{"@type":"ListItem","position":1,"name":"Beleggersinligting","item":"https:\/\/www.remgro.com\/investor-centre\/"},{"@type":"ListItem","position":2,"name":"Kalender"}]},{"@type":"WebSite","@id":"https:\/\/www.remgro.com\/#website","url":"https:\/\/www.remgro.com\/","name":"Remgro Limited","description":"","publisher":{"@id":"https:\/\/www.remgro.com\/#organization"},"potentialAction":[{"@type":"SearchAction","target":{"@type":"EntryPoint","urlTemplate":"https:\/\/www.remgro.com\/?s={search_term_string}"},"query-input":{"@type":"PropertyValueSpecification","valueRequired":true,"valueName":"search_term_string"}}],"inLanguage":"af-ZA"},{"@type":"Organization","@id":"https:\/\/www.remgro.com\/#organization","name":"Remgro Limited","url":"https:\/\/www.remgro.com\/","logo":{"@type":"ImageObject","inLanguage":"af-ZA","@id":"https:\/\/www.remgro.com\/#\/schema\/logo\/image\/","url":"https:\/\/www.remgro.com\/wp-content\/uploads\/2016\/03\/logo.jpg","contentUrl":"https:\/\/www.remgro.com\/wp-content\/uploads\/2016\/03\/logo.jpg","width":337,"height":109,"caption":"Remgro Limited"},"image":{"@id":"https:\/\/www.remgro.com\/#\/schema\/logo\/image\/"}}]}},"_links":{"self":[{"href":"https:\/\/www.remgro.com\/af\/wp-json\/wp\/v2\/pages\/489","targetHints":{"allow":["GET"]}}],"collection":[{"href":"https:\/\/www.remgro.com\/af\/wp-json\/wp\/v2\/pages"}],"about":[{"href":"https:\/\/www.remgro.com\/af\/wp-json\/wp\/v2\/types\/page"}],"author":[{"embeddable":true,"href":"https:\/\/www.remgro.com\/af\/wp-json\/wp\/v2\/users\/5"}],"replies":[{"embeddable":true,"href":"https:\/\/www.remgro.com\/af\/wp-json\/wp\/v2\/comments?post=489"}],"version-history":[{"count":7,"href":"https:\/\/www.remgro.com\/af\/wp-json\/wp\/v2\/pages\/489\/revisions"}],"predecessor-version":[{"id":21960,"href":"https:\/\/www.remgro.com\/af\/wp-json\/wp\/v2\/pages\/489\/revisions\/21960"}],"up":[{"embeddable":true,"href":"https:\/\/www.remgro.com\/af\/wp-json\/wp\/v2\/pages\/434"}],"wp:attachment":[{"href":"https:\/\/www.remgro.com\/af\/wp-json\/wp\/v2\/media?parent=489"}],"curies":[{"name":"wp","href":"https:\/\/api.w.org\/{rel}","templated":true}]}}