{"id":438,"date":"2014-08-05T15:41:11","date_gmt":"2014-08-05T13:41:11","guid":{"rendered":"https:\/\/www.remgro.com\/investor-and-media-centre\/shareholder-statistics\/"},"modified":"2025-10-25T21:08:40","modified_gmt":"2025-10-25T19:08:40","slug":"aandelestatistiek","status":"publish","type":"page","link":"https:\/\/www.remgro.com\/af\/beleggerinligting\/aandelestatistiek\/","title":{"rendered":"Aandelestatistiek"},"content":{"rendered":"<div class=\"wpb-content-wrapper\"><p class=\"lead\">[vc_row][vc_column][vc_column_text css=&#8221;&#8221;]\n<div class=\"responsive-table\">\n<table class=\"table-fin-report\"><!-- head --><\/p>\n<thead>\n<tr>\n<th class=\"bold text-blue\"><\/th>\n<th class=\"highlight-col\">Jaar<br \/>\nge\u00ebindig<br \/>\n30 Junie<br \/>\n2025<\/th>\n<th class=\"heading-light\">Jaar<br \/>\nge\u00ebindig<br \/>\n30 Junie<br \/>\n2024<\/th>\n<th class=\"heading-light\">Jaar<br \/>\nge\u00ebindig<br \/>\n30 Junie<br \/>\n2023<\/th>\n<th class=\"heading-light\">Jaar<br \/>\nge\u00ebindig<br \/>\n30 Junie<br \/>\n2022<\/th>\n<th class=\"heading-light\">Jaar<br \/>\nge\u00ebindig<br \/>\n30 Junie<br \/>\n2021<\/th>\n<\/tr>\n<\/thead>\n<p><!-- body --><\/p>\n<tbody><!-- --><\/p>\n<tr>\n<td class=\"border-bottom\">Geweegde aantal ongenoteerde B-gewone aandele (\u2019000)<\/td>\n<td class=\"highlight-col bold border-bottom\">39\u00a0057<\/td>\n<td class=\"border-bottom\">39\u00a0057<\/td>\n<td class=\"border-bottom\">39\u00a0057<\/td>\n<td class=\"border-bottom\">39\u00a0057<\/td>\n<td class=\"border-bottom\">39\u00a0057<\/td>\n<\/tr>\n<p><!-- --><\/p>\n<tr>\n<td class=\"text-blue bold\"><strong>JSE Beperk<\/strong><\/td>\n<td class=\"highlight-col bold\"><\/td>\n<td><\/td>\n<td><\/td>\n<td><\/td>\n<td><\/td>\n<\/tr>\n<p><!-- --><\/p>\n<tr>\n<td>Geweegde aantal Remgro gewone aandele uitgereik<\/td>\n<td class=\"highlight-col bold\"><\/td>\n<td><\/td>\n<td><\/td>\n<td><\/td>\n<td><\/td>\n<\/tr>\n<p><!-- --><\/p>\n<tr>\n<td>\u2013 ongenoteerde B-gewone aandele uitgesluit (\u2019000)<\/td>\n<td class=\"highlight-col bold\">516\u00a0412<\/td>\n<td class=\"\">515\u00a0670<\/td>\n<td>523\u00a0688<\/td>\n<td>525\u00a0361<\/td>\n<td>525\u00a0928<\/td>\n<\/tr>\n<p><!-- --><\/p>\n<tr>\n<td>Markkapitalisasie teen einde van tydperk (R miljoen)<\/td>\n<td class=\"highlight-col\"><\/td>\n<td><\/td>\n<td><\/td>\n<td><\/td>\n<td><\/td>\n<\/tr>\n<p><!-- --><\/p>\n<tr>\n<td>\u2013 alleenlik gewone aandele<\/td>\n<td class=\"highlight-col bold\">83\u00a0722<\/td>\n<td class=\"\">72\u00a0021<\/td>\n<td>77\u00a0821<\/td>\n<td>68\u00a0751<\/td>\n<td>60\u00a0648<\/td>\n<\/tr>\n<p><!-- --><\/p>\n<tr>\n<td>Prys (sent per aandeel)<\/td>\n<td class=\"highlight-col bold\"><\/td>\n<td><\/td>\n<td><\/td>\n<td><\/td>\n<td><\/td>\n<\/tr>\n<p><!-- --><\/p>\n<tr>\n<td>\u2013 Laaste dag van tydperk<\/td>\n<td class=\"highlight-col bold\">15\u00a0820<\/td>\n<td class=\"\">13\u00a0609<\/td>\n<td>14\u00a0705<\/td>\n<td>12\u00a0991<\/td>\n<td>11\u00a0460<\/td>\n<\/tr>\n<tr>\n<td>\u2013 Hoogste<\/td>\n<td class=\"highlight-col bold\">16\u00a0246<\/td>\n<td class=\"\">16\u00a0248<\/td>\n<td>14\u00a0757<\/td>\n<td>15\u00a0355<\/td>\n<td>12\u00a0327<\/td>\n<\/tr>\n<tr>\n<td>\u2013 Laagste<\/td>\n<td class=\"highlight-col bold\">13\u00a0050<\/td>\n<td class=\"\">11\u00a0681<\/td>\n<td>12\u00a0573<\/td>\n<td>10\u00a0800<\/td>\n<td>8\u00a0388<\/td>\n<\/tr>\n<tr>\n<td>Aantal aandele verhandel (\u2019000)<\/td>\n<td class=\"highlight-col bold\">322\u00a0678<\/td>\n<td class=\"\">334\u00a0588<\/td>\n<td>283\u00a0470<\/td>\n<td>339\u00a0250<\/td>\n<td>410\u00a0887<\/td>\n<\/tr>\n<tr>\n<td>Waarde van aandele verhandel (R miljoen)<\/td>\n<td class=\"highlight-col bold\">47\u00a0938<\/td>\n<td class=\"\">47\u00a0496<\/td>\n<td>38\u00a0755<\/td>\n<td>45\u00a0148<\/td>\n<td>40\u00a0883<\/td>\n<\/tr>\n<tr>\n<td>Aandele verhandel\/geweegde aantal gewone aandele\u00a0(%)<\/td>\n<td class=\"highlight-col bold\">62.5<\/td>\n<td class=\"\">64.9<\/td>\n<td>54.1<\/td>\n<td>64.6<\/td>\n<td>78.1<\/td>\n<\/tr>\n<tr>\n<td>Aantal transaksies<\/td>\n<td class=\"highlight-col bold\">1\u00a0147\u00a0165<\/td>\n<td class=\"\">1\u00a0115\u00a0572<\/td>\n<td>823\u00a0782<\/td>\n<td>804\u00a0568<\/td>\n<td>988\u00a0095<\/td>\n<\/tr>\n<tr class=\"spacer-row\">\n<td><\/td>\n<td class=\"highlight-col bold\"><\/td>\n<td><\/td>\n<td><\/td>\n<td><\/td>\n<td><\/td>\n<\/tr>\n<\/tbody>\n<\/table>\n<\/div>\n[\/vc_column_text][\/vc_column][\/vc_row]\n<\/div>","protected":false},"excerpt":{"rendered":"<p>[vc_row][vc_column][vc_column_text css=&#8221;&#8221;] Jaar ge\u00ebindig 30 Junie 2025 Jaar ge\u00ebindig 30 Junie 2024 Jaar ge\u00ebindig 30 Junie 2023 Jaar ge\u00ebindig 30 Junie 2022 Jaar ge\u00ebindig 30 Junie 2021 Geweegde aantal ongenoteerde B-gewone aandele (\u2019000) 39\u00a0057 39\u00a0057 39\u00a0057 39\u00a0057 39\u00a0057 JSE Beperk Geweegde aantal Remgro gewone aandele uitgereik \u2013 ongenoteerde B-gewone aandele uitgesluit (\u2019000) 516\u00a0412 515\u00a0670 523\u00a0688&#8230;  <a href=\"https:\/\/www.remgro.com\/af\/beleggerinligting\/aandelestatistiek\/\" class=\"more-link\" title=\"Read Aandelestatistiek\">Read more &raquo;<\/a><\/p>\n","protected":false},"author":5,"featured_media":0,"parent":434,"menu_order":13,"comment_status":"closed","ping_status":"closed","template":"page-full-width.php","meta":{"footnotes":""},"class_list":["post-438","page","type-page","status-publish","hentry"],"yoast_head":"<!-- This site is optimized with the Yoast SEO plugin v27.4 - https:\/\/yoast.com\/product\/yoast-seo-wordpress\/ -->\n<title>Aandelestatistiek - Remgro Limited<\/title>\n<meta name=\"robots\" content=\"index, follow, max-snippet:-1, max-image-preview:large, max-video-preview:-1\" \/>\n<link rel=\"canonical\" href=\"https:\/\/www.remgro.com\/af\/beleggerinligting\/aandelestatistiek\/\" \/>\n<meta property=\"og:locale\" content=\"af_ZA\" \/>\n<meta property=\"og:type\" content=\"article\" \/>\n<meta property=\"og:title\" content=\"Aandelestatistiek - Remgro Limited\" \/>\n<meta property=\"og:description\" content=\"[vc_row][vc_column][vc_column_text css=&#8221;&#8221;] Jaar ge\u00ebindig 30 Junie 2025 Jaar ge\u00ebindig 30 Junie 2024 Jaar ge\u00ebindig 30 Junie 2023 Jaar ge\u00ebindig 30 Junie 2022 Jaar ge\u00ebindig 30 Junie 2021 Geweegde aantal ongenoteerde B-gewone aandele (\u2019000) 39\u00a0057 39\u00a0057 39\u00a0057 39\u00a0057 39\u00a0057 JSE Beperk Geweegde aantal Remgro gewone aandele uitgereik \u2013 ongenoteerde B-gewone aandele uitgesluit (\u2019000) 516\u00a0412 515\u00a0670 523\u00a0688... Read more &raquo;\" \/>\n<meta property=\"og:url\" content=\"https:\/\/www.remgro.com\/af\/beleggerinligting\/aandelestatistiek\/\" \/>\n<meta property=\"og:site_name\" content=\"Remgro Limited\" \/>\n<meta property=\"article:modified_time\" content=\"2025-10-25T19:08:40+00:00\" \/>\n<meta name=\"twitter:label1\" content=\"Est. reading time\" \/>\n\t<meta name=\"twitter:data1\" content=\"1 minute\" \/>\n<script type=\"application\/ld+json\" class=\"yoast-schema-graph\">{\"@context\":\"https:\\\/\\\/schema.org\",\"@graph\":[{\"@type\":\"WebPage\",\"@id\":\"https:\\\/\\\/www.remgro.com\\\/af\\\/beleggerinligting\\\/aandelestatistiek\\\/\",\"url\":\"https:\\\/\\\/www.remgro.com\\\/af\\\/beleggerinligting\\\/aandelestatistiek\\\/\",\"name\":\"Aandelestatistiek - Remgro Limited\",\"isPartOf\":{\"@id\":\"https:\\\/\\\/www.remgro.com\\\/#website\"},\"datePublished\":\"2014-08-05T13:41:11+00:00\",\"dateModified\":\"2025-10-25T19:08:40+00:00\",\"breadcrumb\":{\"@id\":\"https:\\\/\\\/www.remgro.com\\\/af\\\/beleggerinligting\\\/aandelestatistiek\\\/#breadcrumb\"},\"inLanguage\":\"af-ZA\",\"potentialAction\":[{\"@type\":\"ReadAction\",\"target\":[\"https:\\\/\\\/www.remgro.com\\\/af\\\/beleggerinligting\\\/aandelestatistiek\\\/\"]}]},{\"@type\":\"BreadcrumbList\",\"@id\":\"https:\\\/\\\/www.remgro.com\\\/af\\\/beleggerinligting\\\/aandelestatistiek\\\/#breadcrumb\",\"itemListElement\":[{\"@type\":\"ListItem\",\"position\":1,\"name\":\"Beleggersinligting\",\"item\":\"https:\\\/\\\/www.remgro.com\\\/investor-centre\\\/\"},{\"@type\":\"ListItem\",\"position\":2,\"name\":\"Aandelestatistiek\"}]},{\"@type\":\"WebSite\",\"@id\":\"https:\\\/\\\/www.remgro.com\\\/#website\",\"url\":\"https:\\\/\\\/www.remgro.com\\\/\",\"name\":\"Remgro Limited\",\"description\":\"\",\"publisher\":{\"@id\":\"https:\\\/\\\/www.remgro.com\\\/#organization\"},\"potentialAction\":[{\"@type\":\"SearchAction\",\"target\":{\"@type\":\"EntryPoint\",\"urlTemplate\":\"https:\\\/\\\/www.remgro.com\\\/?s={search_term_string}\"},\"query-input\":{\"@type\":\"PropertyValueSpecification\",\"valueRequired\":true,\"valueName\":\"search_term_string\"}}],\"inLanguage\":\"af-ZA\"},{\"@type\":\"Organization\",\"@id\":\"https:\\\/\\\/www.remgro.com\\\/#organization\",\"name\":\"Remgro Limited\",\"url\":\"https:\\\/\\\/www.remgro.com\\\/\",\"logo\":{\"@type\":\"ImageObject\",\"inLanguage\":\"af-ZA\",\"@id\":\"https:\\\/\\\/www.remgro.com\\\/#\\\/schema\\\/logo\\\/image\\\/\",\"url\":\"https:\\\/\\\/www.remgro.com\\\/wp-content\\\/uploads\\\/2016\\\/03\\\/logo.jpg\",\"contentUrl\":\"https:\\\/\\\/www.remgro.com\\\/wp-content\\\/uploads\\\/2016\\\/03\\\/logo.jpg\",\"width\":337,\"height\":109,\"caption\":\"Remgro Limited\"},\"image\":{\"@id\":\"https:\\\/\\\/www.remgro.com\\\/#\\\/schema\\\/logo\\\/image\\\/\"}}]}<\/script>\n<!-- \/ Yoast SEO plugin. -->","yoast_head_json":{"title":"Aandelestatistiek - Remgro Limited","robots":{"index":"index","follow":"follow","max-snippet":"max-snippet:-1","max-image-preview":"max-image-preview:large","max-video-preview":"max-video-preview:-1"},"canonical":"https:\/\/www.remgro.com\/af\/beleggerinligting\/aandelestatistiek\/","og_locale":"af_ZA","og_type":"article","og_title":"Aandelestatistiek - Remgro Limited","og_description":"[vc_row][vc_column][vc_column_text css=&#8221;&#8221;] Jaar ge\u00ebindig 30 Junie 2025 Jaar ge\u00ebindig 30 Junie 2024 Jaar ge\u00ebindig 30 Junie 2023 Jaar ge\u00ebindig 30 Junie 2022 Jaar ge\u00ebindig 30 Junie 2021 Geweegde aantal ongenoteerde B-gewone aandele (\u2019000) 39\u00a0057 39\u00a0057 39\u00a0057 39\u00a0057 39\u00a0057 JSE Beperk Geweegde aantal Remgro gewone aandele uitgereik \u2013 ongenoteerde B-gewone aandele uitgesluit (\u2019000) 516\u00a0412 515\u00a0670 523\u00a0688... Read more &raquo;","og_url":"https:\/\/www.remgro.com\/af\/beleggerinligting\/aandelestatistiek\/","og_site_name":"Remgro Limited","article_modified_time":"2025-10-25T19:08:40+00:00","twitter_misc":{"Est. reading time":"1 minute"},"schema":{"@context":"https:\/\/schema.org","@graph":[{"@type":"WebPage","@id":"https:\/\/www.remgro.com\/af\/beleggerinligting\/aandelestatistiek\/","url":"https:\/\/www.remgro.com\/af\/beleggerinligting\/aandelestatistiek\/","name":"Aandelestatistiek - Remgro Limited","isPartOf":{"@id":"https:\/\/www.remgro.com\/#website"},"datePublished":"2014-08-05T13:41:11+00:00","dateModified":"2025-10-25T19:08:40+00:00","breadcrumb":{"@id":"https:\/\/www.remgro.com\/af\/beleggerinligting\/aandelestatistiek\/#breadcrumb"},"inLanguage":"af-ZA","potentialAction":[{"@type":"ReadAction","target":["https:\/\/www.remgro.com\/af\/beleggerinligting\/aandelestatistiek\/"]}]},{"@type":"BreadcrumbList","@id":"https:\/\/www.remgro.com\/af\/beleggerinligting\/aandelestatistiek\/#breadcrumb","itemListElement":[{"@type":"ListItem","position":1,"name":"Beleggersinligting","item":"https:\/\/www.remgro.com\/investor-centre\/"},{"@type":"ListItem","position":2,"name":"Aandelestatistiek"}]},{"@type":"WebSite","@id":"https:\/\/www.remgro.com\/#website","url":"https:\/\/www.remgro.com\/","name":"Remgro Limited","description":"","publisher":{"@id":"https:\/\/www.remgro.com\/#organization"},"potentialAction":[{"@type":"SearchAction","target":{"@type":"EntryPoint","urlTemplate":"https:\/\/www.remgro.com\/?s={search_term_string}"},"query-input":{"@type":"PropertyValueSpecification","valueRequired":true,"valueName":"search_term_string"}}],"inLanguage":"af-ZA"},{"@type":"Organization","@id":"https:\/\/www.remgro.com\/#organization","name":"Remgro Limited","url":"https:\/\/www.remgro.com\/","logo":{"@type":"ImageObject","inLanguage":"af-ZA","@id":"https:\/\/www.remgro.com\/#\/schema\/logo\/image\/","url":"https:\/\/www.remgro.com\/wp-content\/uploads\/2016\/03\/logo.jpg","contentUrl":"https:\/\/www.remgro.com\/wp-content\/uploads\/2016\/03\/logo.jpg","width":337,"height":109,"caption":"Remgro Limited"},"image":{"@id":"https:\/\/www.remgro.com\/#\/schema\/logo\/image\/"}}]}},"_links":{"self":[{"href":"https:\/\/www.remgro.com\/af\/wp-json\/wp\/v2\/pages\/438","targetHints":{"allow":["GET"]}}],"collection":[{"href":"https:\/\/www.remgro.com\/af\/wp-json\/wp\/v2\/pages"}],"about":[{"href":"https:\/\/www.remgro.com\/af\/wp-json\/wp\/v2\/types\/page"}],"author":[{"embeddable":true,"href":"https:\/\/www.remgro.com\/af\/wp-json\/wp\/v2\/users\/5"}],"replies":[{"embeddable":true,"href":"https:\/\/www.remgro.com\/af\/wp-json\/wp\/v2\/comments?post=438"}],"version-history":[{"count":9,"href":"https:\/\/www.remgro.com\/af\/wp-json\/wp\/v2\/pages\/438\/revisions"}],"predecessor-version":[{"id":22588,"href":"https:\/\/www.remgro.com\/af\/wp-json\/wp\/v2\/pages\/438\/revisions\/22588"}],"up":[{"embeddable":true,"href":"https:\/\/www.remgro.com\/af\/wp-json\/wp\/v2\/pages\/434"}],"wp:attachment":[{"href":"https:\/\/www.remgro.com\/af\/wp-json\/wp\/v2\/media?parent=438"}],"curies":[{"name":"wp","href":"https:\/\/api.w.org\/{rel}","templated":true}]}}