{"id":3563,"date":"2014-11-06T10:24:08","date_gmt":"2014-11-06T08:24:08","guid":{"rendered":"https:\/\/www.remgro.com\/beleggerinligting\/investor-centre\/"},"modified":"2020-10-29T23:16:58","modified_gmt":"2020-10-29T21:16:58","slug":"beleggersinligting","status":"publish","type":"page","link":"https:\/\/www.remgro.com\/af\/beleggerinligting\/beleggersinligting\/","title":{"rendered":"Beleggersinligting"},"content":{"rendered":"<div class=\"row\">\n<div class=\"col-sm-6 investment-pics\">\n<h2>algemene jaarvergadering<\/h2>\n<table width=\"100%\" style=\"font-size: 13px!important;\">\n<tbody>\n<tr>\n<td valign=\"top\" width=\"30%\">Datum:<\/td>\n<td>Maandag, 30 November 2020 om 10:30<\/td>\n<\/tr>\n<tr>\n<td valign=\"top\"><\/td>\n<td><\/td>\n<\/tr>\n<\/tbody>\n<\/table>\n<\/div>\n<div class=\"col-sm-6 investment-pics\"><\/div>\n<div class=\"clearfix\"><\/div>\n<div class=\"col-sm-6 investment-pics\">\n<h2>Sens<\/h2>\n<p class=\"lead\"><iframe loading=\"lazy\" src=\"https:\/\/irhosted.profiledata.co.za\/remgro\/sensshort.asp\" width=\"100%\" height=\"270px\" frameborder=\"0\"><\/iframe><br \/>\n<a class=\"readmore\" href=\"https:\/\/www.remgro.com\/af\/beleggerinligting\/sens\/\">Bekyk alle SENS<\/a><\/p>\n<\/div>\n<div class=\"col-sm-6 investment-pics\">\n<h2>Voorleggings<\/h2>\n<div class=\" download-block\">\n<div class=\"col-xs-10\">\n<div>Remgro resultate voorlegging vir die jaar ge\u00ebindig 30&nbsp;Junie&nbsp;2020<\/div><\/div>\n<div class=\"col-xs-2\">\n\t<a href=\"https:\/\/www.remgro.com\/pdf\/afr\/2020\/Remgro_resultate_voorlegging_vir_die_jaar_ge%C3%ABindig_30_Junie_2020.pdf\" target=\"_blank\" rel=\"noopener noreferrer\"><i class=\"icon-pdf fa fa-file-pdf-o\" title=\"Download PDF\"><\/i><\/a>\n\t<\/div>\n<div class=\"clearfix\"><\/div>\n<\/div>\n<div class=\" download-block\">\n<div class=\"col-xs-10\">\n<div>Remgro resultate voorlegging vir die ses maande ge\u00ebindig 31&nbsp;Desember&nbsp;2019<\/div><\/div>\n<div class=\"col-xs-2\">\n\t<a href=\"https:\/\/www.remgro.com\/pdf\/afr\/2020\/remgro-voorlegging-vir-die-ses-maande-ge%C3%ABindig-31-desember-2019.pdf\" target=\"_blank\" rel=\"noopener noreferrer\"><i class=\"icon-pdf fa fa-file-pdf-o\" title=\"Download PDF\"><\/i><\/a>\n\t<\/div>\n<div class=\"clearfix\"><\/div>\n<\/div>\n<div class=\" download-block\">\n<div class=\"col-xs-10\">\n<div>Remgro resultate voorlegging vir die jaar ge\u00ebindig 30&nbsp;Junie&nbsp;2019<\/div><\/div>\n<div class=\"col-xs-2\">\n\t<a href=\"https:\/\/www.remgro.com\/pdf\/eng\/2019\/Remgro_Final_Results_Presentation_for_the_year_ended_30_June_2019-20_September_2019.pdf\" target=\"_blank\" rel=\"noopener noreferrer\"><i class=\"icon-pdf fa fa-file-pdf-o\" title=\"Download PDF\"><\/i><\/a>\n\t<\/div>\n<div class=\"clearfix\"><\/div>\n<\/div>\n<div class=\" download-block\">\n<div class=\"col-xs-10\">\n<div>Remgro resultate voorlegging vir die ses maande ge\u00ebindig 31&nbsp;Desember&nbsp;2018<\/div><\/div>\n<div class=\"col-xs-2\">\n\t<a href=\"https:\/\/www.remgro.com\/pdf\/eng\/2019\/remgro-interim-results-presenation-for-the-six-months-ended-31-december-2018.pdf\" target=\"_blank\" rel=\"noopener noreferrer\"><i class=\"icon-pdf fa fa-file-pdf-o\" title=\"Download PDF\"><\/i><\/a>\n\t<\/div>\n<div class=\"clearfix\"><\/div>\n<\/div>\n<div class=\" download-block\">\n<div class=\"col-xs-10\">\n<div> Remgro resultate voorlegging vir die jaar ge\u00ebindig 30&nbsp;Junie&nbsp;2018 <\/div><\/div>\n<div class=\"col-xs-2\"><a href=\"https:\/\/www.remgro.com\/pdf\/eng\/2018\/Remgro_Final_Results_Presentation_for_the_year_ended_30_June_2018-20_September_2018.pdf\" target=\"_blank\" rel=\"noopener noreferrer\"><i class=\"icon-pdf fa fa-file-pdf-o\" title=\"Download PDF\"><\/i><\/a> <\/div>\n<div class=\"clearfix\"><\/div>\n<\/div>\n<div class=\" download-block\">\n<div class=\"col-xs-10\">\n<div>Remgro resultate voorlegging vir die ses maande ge\u00ebindig 31\u00a0Desember\u00a02017<\/div>\n<\/div>\n<div class=\"col-xs-2\"><a href=\"https:\/\/remgro.com\/pdf\/eng\/2018\/Remgro_Interim_Results_Presentation_for_the_six_months_ended_31_December_2017.pdf\" target=\"_blank\" rel=\"noopener noreferrer\"><i class=\"icon-pdf fa fa-file-pdf-o\" title=\"Download PDF\"><\/i><\/a> <\/div>\n<div class=\"clearfix\"><\/div>\n<\/div>\n<div class=\" download-block\">\n<div class=\"col-xs-10\">\n<div>Geouditeerde gekonsolideerde resultate vir die jaar ge\u00ebindig 30\u00a0Junie\u00a02017<\/div>\n<\/div>\n<div class=\"col-xs-2\"><a href=\"https:\/\/remgro.com\/pdf\/eng\/2017\/results\/Remgro-Final-Results-Presentation-for-the-year-ended-30-June-2017.pdf\" target=\"_blank\" rel=\"noopener noreferrer\"><i class=\"icon-pdf fa fa-file-pdf-o\" title=\"Download PDF\"><\/i><\/a><\/div>\n<div class=\"clearfix\"><\/div>\n<\/div>\n<div class=\" download-block\">\n<div class=\"col-xs-10\">\n<div>Remgro resultate voorlegging vir die ses maande ge\u00ebindig 31\u00a0Desember\u00a02016<\/div>\n<\/div>\n<div class=\"col-xs-2\"><a href=\"https:\/\/remgro.com\/pdf\/eng\/2017\/results\/Remgro-Interim-Results-Presentation-December-2016.pdf\" target=\"_blank\" rel=\"noopener noreferrer\"><i class=\"icon-pdf fa fa-file-pdf-o\" title=\"Download PDF\"><\/i><\/a><\/div>\n<div class=\"clearfix\"><\/div>\n<\/div>\n<p><a class=\"readmore\" style=\"margin-top: 20px;\" href=\"http:\/\/remgro.com\/af\/beleggerinligting\/voorleggings\/\">Bekyk alle voorleggings<\/a><\/p>\n<\/div>\n<\/div>\n<div class=\"clearfix\"><\/div>\n<div class=\"col-sm-6 investment-pics\">\n<h2>Verslae<\/h2>\n<div class=\" download-block\">\n<div class=\"col-xs-10\">2020 Jaarverslag van Remgro Beperk<\/div>\n<div class=\"col-xs-2\"><a href=\"https:\/\/www.remgro.com\/ar2020\/pdf\/afr\/Remgro_AFR_IAR_2020.pdf\" target=\"_blank\" rel=\"noopener noreferrer\"><i class=\"icon-pdf fa fa-file-pdf-o\" title=\"Download - 3.2 MB\"><\/i><\/a>\n<\/div>\n<div class=\"clearfix\"><\/div>\n<\/div>\n<div class=\" download-block\">\n<div class=\"col-xs-10\">2019 Jaarverslag van Remgro Beperk<\/div>\n<div class=\"col-xs-2\"><a href=\"https:\/\/www.remgro.com\/pdf\/afr\/2019\/Remgro_AFR_IAR_2019.pdf\" target=\"_blank\" rel=\"noopener noreferrer\"><i class=\"icon-pdf fa fa-file-pdf-o\" title=\"Download - 4 MB\"><\/i><\/a>\n<\/div>\n<div class=\"clearfix\"><\/div>\n<\/div>\n<div class=\" download-block\">\n<div class=\"col-xs-10\">2018 Jaarverslag van Remgro Beperk<\/div>\n<div class=\"col-xs-2\"><a href=\"https:\/\/www.remgro.com\/pdf\/afr\/2018\/Remgro_SUS_AFR_2018_201801029_12295_WEB_ES.pdf\" target=\"_blank\" rel=\"noopener noreferrer\"><i class=\"icon-pdf fa fa-file-pdf-o\" title=\"Download - 4 MB\"><\/i><\/a>\n<\/div>\n<div class=\"clearfix\"><\/div>\n<\/div>\n<div class=\" download-block\">\n<div class=\"col-xs-10\">2017 Jaarverslag van Remgro Beperk<\/div>\n<div class=\"col-xs-2\"><a href=\"http:\/\/www.remgro.com\/ar2017\/pdf\/afr\/afr_2017.pdf\" target=\"_blank\" rel=\"noopener noreferrer\"><i class=\"icon-pdf fa fa-file-pdf-o\" title=\"Download - 4 MB\"><\/i><\/a><\/div>\n<div class=\"clearfix\"><\/div>\n<\/div>\n<div class=\" download-block\">\n<div class=\"col-xs-10\">2016 Jaarverslag van Remgro Beperk<\/div>\n<div class=\"col-xs-2\"><a href=\"http:\/\/www.remgro.com\/ar2016\/pdf\/iar_afr_full.pdf\" target=\"_blank\" rel=\"noopener noreferrer\"><i class=\"icon-pdf fa fa-file-pdf-o\" title=\"Download - 4 MB\"><\/i><\/a><\/div>\n<div class=\"clearfix\"><\/div>\n<\/div>\n<div class=\" download-block\">\n<div class=\"col-xs-10\">2015 Jaarverslag van Remgro Beperk<\/div>\n<div class=\"col-xs-2\"><a href=\"http:\/\/www.remgro.com\/ar2015\/pdf\/Remgro_IAR_AFR_2015_WEB.pdf\" target=\"_blank\" rel=\"noopener noreferrer\"><i class=\"icon-pdf fa fa-file-pdf-o\" title=\"Download PDF - 2.5 MB\"><\/i><\/a><\/div>\n<div class=\"clearfix\"><\/div>\n<\/div>\n<div class=\" download-block\">\n<div class=\"col-xs-10\">2014 Jaarverslag van Remgro Beperk<\/div>\n<div class=\"col-xs-2\"><a target=\"_blank\" class=\"icon-pdf fa fa-file-pdf-o\" title=\"Download PDF - 2.5 MB\" rel=\"noopener noreferrer\"><\/i><\/a><\/div>\n<div class=\"clearfix\"><\/div>\n<\/div>\n<div class=\" download-block\">\n<div class=\"col-xs-10\">2013 Jaarverslag van Remgro Beperk<\/div>\n<div class=\"col-xs-2\"><a href=\"http:\/\/www.remgro.com\/pdf\/afr\/Remgro_2013_afr.pdf\" target=\"_blank\" rel=\"noopener noreferrer\"><i class=\"icon-pdf fa fa-file-pdf-o\" title=\"Download PDF - 2.5 MB\"><\/i><\/a><\/div>\n<div class=\"clearfix\"><\/div>\n<\/div>\n<div class=\" download-block\">\n<div class=\"col-xs-10\">2012 Jaarverslag van Remgro Beperk<\/div>\n<div class=\"col-xs-2\"><a href=\"http:\/\/www.remgro.com\/pdf\/afr\/Remgro_2012_afr.pdf\" target=\"_blank\" rel=\"noopener noreferrer\"><i class=\"icon-pdf fa fa-file-pdf-o\" title=\"Download PDF - 2.5 MB\"><\/i><\/a><\/div>\n<div class=\"clearfix\"><\/div>\n<\/div>\n<div class=\" download-block\">\n<div class=\"col-xs-10\">2011 Jaarverslag van Remgro Beperk<\/div>\n<div class=\"col-xs-2\"><a href=\"http:\/\/www.remgro.com\/pdf\/afr\/Remgro_2011_afr.pdf\" target=\"_blank\" rel=\"noopener noreferrer\"><i class=\"icon-pdf fa fa-file-pdf-o\" title=\"Download PDF - 2.5 MB\"><\/i><\/a><br \/>\n<a href=\"http:\/\/www.remgro.com\/financials\/ar_2011_afr\/default.asp\" target=\"_blank\" rel=\"noopener noreferrer\"><i class=\"icon-online fa fa-globe\" title=\"View online\"><\/i><\/a><\/div>\n<div class=\"clearfix\"><\/div>\n<\/div>\n<\/div>\n<div class=\"col-sm-6 investment-pics\">\n<h2>Noteringsinligting<\/h2>\n<table width=\"100%\">\n<tbody>\n<tr>\n<td width=\"30%\">Genoteer:<\/td>\n<td class=\"borderLeft\"><\/td>\n<td>JSE Beperk<\/td>\n<\/tr>\n<tr>\n<td>Kort naam:<\/td>\n<td class=\"borderLeft\"><\/td>\n<td>Remgro<\/td>\n<\/tr>\n<tr>\n<td>Lang naam:<\/td>\n<td class=\"borderLeft\"><\/td>\n<td>Remgro Beperk<\/td>\n<\/tr>\n<tr>\n<td>Aandelekode:<\/td>\n<td class=\"borderLeft\"><\/td>\n<td>REM<\/td>\n<\/tr>\n<tr>\n<td>Geldeenheid:<\/td>\n<td class=\"borderLeft\"><\/td>\n<td>ZAR<\/td>\n<\/tr>\n<tr>\n<td>Reg Nr:<\/td>\n<td class=\"borderLeft\"><\/td>\n<td>1968\/006415\/06<\/td>\n<\/tr>\n<tr>\n<td>JSE Sektor:<\/td>\n<td class=\"borderLeft\"><\/td>\n<td>Finansieel \u2013 Finansi\u00eble Dienste \u2013 Beleggingsbank en Makelaarsdienste \u2013 Gediversifiseerde Finansi\u00eble Dienste<\/td>\n<\/tr>\n<tr>\n<td>Gestig:<\/td>\n<td class=\"borderLeft\"><\/td>\n<td>2000<\/td>\n<\/tr>\n<tr>\n<td>Genoteer:<\/td>\n<td class=\"borderLeft\"><\/td>\n<td>2000 (1948 as Rembrandt Groep Beperk)<\/td>\n<\/tr>\n<tr>\n<td>ISIN:<\/td>\n<td class=\"borderLeft\"><\/td>\n<td>ZAE000026480<\/td>\n<\/tr>\n<\/tbody>\n<\/table>\n<\/div>\n","protected":false},"excerpt":{"rendered":"<p>algemene jaarvergadering Datum: Maandag, 30 November 2020 om 10:30 Sens Bekyk alle SENS Voorleggings Remgro resultate voorlegging vir die jaar ge\u00ebindig 30&nbsp;Junie&nbsp;2020 Remgro resultate voorlegging vir die ses maande ge\u00ebindig 31&nbsp;Desember&nbsp;2019 Remgro resultate voorlegging vir die jaar ge\u00ebindig 30&nbsp;Junie&nbsp;2019 Remgro resultate voorlegging vir die ses maande ge\u00ebindig 31&nbsp;Desember&nbsp;2018 Remgro resultate voorlegging vir die jaar ge\u00ebindig&#8230;  <a href=\"https:\/\/www.remgro.com\/af\/beleggerinligting\/beleggersinligting\/\" class=\"more-link\" title=\"Read Beleggersinligting\">Read more &raquo;<\/a><\/p>\n","protected":false},"author":5,"featured_media":0,"parent":434,"menu_order":10,"comment_status":"closed","ping_status":"closed","template":"page-full-width.php","meta":{"footnotes":""},"class_list":["post-3563","page","type-page","status-publish","hentry"],"yoast_head":"<!-- This site is optimized with the Yoast SEO plugin v27.4 - https:\/\/yoast.com\/product\/yoast-seo-wordpress\/ -->\n<title>Beleggersinligting - Remgro Limited<\/title>\n<meta name=\"robots\" content=\"index, follow, max-snippet:-1, max-image-preview:large, max-video-preview:-1\" \/>\n<link rel=\"canonical\" href=\"https:\/\/www.remgro.com\/?page_id=3560\" \/>\n<meta property=\"og:locale\" content=\"af_ZA\" \/>\n<meta property=\"og:type\" content=\"article\" \/>\n<meta property=\"og:title\" content=\"Beleggersinligting - Remgro Limited\" \/>\n<meta property=\"og:description\" content=\"algemene jaarvergadering Datum: Maandag, 30 November 2020 om 10:30 Sens Bekyk alle SENS Voorleggings Remgro resultate voorlegging vir die jaar ge\u00ebindig 30&nbsp;Junie&nbsp;2020 Remgro resultate voorlegging vir die ses maande ge\u00ebindig 31&nbsp;Desember&nbsp;2019 Remgro resultate voorlegging vir die jaar ge\u00ebindig 30&nbsp;Junie&nbsp;2019 Remgro resultate voorlegging vir die ses maande ge\u00ebindig 31&nbsp;Desember&nbsp;2018 Remgro resultate voorlegging vir die jaar ge\u00ebindig... Read more &raquo;\" \/>\n<meta property=\"og:url\" content=\"https:\/\/www.remgro.com\/?page_id=3560\" \/>\n<meta property=\"og:site_name\" content=\"Remgro Limited\" \/>\n<meta property=\"article:modified_time\" content=\"2020-10-29T21:16:58+00:00\" \/>\n<meta name=\"twitter:label1\" content=\"Est. reading time\" \/>\n\t<meta name=\"twitter:data1\" content=\"1 minute\" \/>\n<script type=\"application\/ld+json\" class=\"yoast-schema-graph\">{\"@context\":\"https:\\\/\\\/schema.org\",\"@graph\":[{\"@type\":\"WebPage\",\"@id\":\"https:\\\/\\\/www.remgro.com\\\/?page_id=3560\",\"url\":\"https:\\\/\\\/www.remgro.com\\\/?page_id=3560\",\"name\":\"Beleggersinligting - Remgro Limited\",\"isPartOf\":{\"@id\":\"https:\\\/\\\/www.remgro.com\\\/#website\"},\"datePublished\":\"2014-11-06T08:24:08+00:00\",\"dateModified\":\"2020-10-29T21:16:58+00:00\",\"breadcrumb\":{\"@id\":\"https:\\\/\\\/www.remgro.com\\\/?page_id=3560#breadcrumb\"},\"inLanguage\":\"af-ZA\",\"potentialAction\":[{\"@type\":\"ReadAction\",\"target\":[\"https:\\\/\\\/www.remgro.com\\\/?page_id=3560\"]}]},{\"@type\":\"BreadcrumbList\",\"@id\":\"https:\\\/\\\/www.remgro.com\\\/?page_id=3560#breadcrumb\",\"itemListElement\":[{\"@type\":\"ListItem\",\"position\":1,\"name\":\"Beleggersinligting\",\"item\":\"https:\\\/\\\/www.remgro.com\\\/investor-centre\\\/\"},{\"@type\":\"ListItem\",\"position\":2,\"name\":\"Beleggersinligting\"}]},{\"@type\":\"WebSite\",\"@id\":\"https:\\\/\\\/www.remgro.com\\\/#website\",\"url\":\"https:\\\/\\\/www.remgro.com\\\/\",\"name\":\"Remgro Limited\",\"description\":\"\",\"publisher\":{\"@id\":\"https:\\\/\\\/www.remgro.com\\\/#organization\"},\"potentialAction\":[{\"@type\":\"SearchAction\",\"target\":{\"@type\":\"EntryPoint\",\"urlTemplate\":\"https:\\\/\\\/www.remgro.com\\\/?s={search_term_string}\"},\"query-input\":{\"@type\":\"PropertyValueSpecification\",\"valueRequired\":true,\"valueName\":\"search_term_string\"}}],\"inLanguage\":\"af-ZA\"},{\"@type\":\"Organization\",\"@id\":\"https:\\\/\\\/www.remgro.com\\\/#organization\",\"name\":\"Remgro Limited\",\"url\":\"https:\\\/\\\/www.remgro.com\\\/\",\"logo\":{\"@type\":\"ImageObject\",\"inLanguage\":\"af-ZA\",\"@id\":\"https:\\\/\\\/www.remgro.com\\\/#\\\/schema\\\/logo\\\/image\\\/\",\"url\":\"https:\\\/\\\/www.remgro.com\\\/wp-content\\\/uploads\\\/2016\\\/03\\\/logo.jpg\",\"contentUrl\":\"https:\\\/\\\/www.remgro.com\\\/wp-content\\\/uploads\\\/2016\\\/03\\\/logo.jpg\",\"width\":337,\"height\":109,\"caption\":\"Remgro Limited\"},\"image\":{\"@id\":\"https:\\\/\\\/www.remgro.com\\\/#\\\/schema\\\/logo\\\/image\\\/\"}}]}<\/script>\n<!-- \/ Yoast SEO plugin. -->","yoast_head_json":{"title":"Beleggersinligting - Remgro Limited","robots":{"index":"index","follow":"follow","max-snippet":"max-snippet:-1","max-image-preview":"max-image-preview:large","max-video-preview":"max-video-preview:-1"},"canonical":"https:\/\/www.remgro.com\/?page_id=3560","og_locale":"af_ZA","og_type":"article","og_title":"Beleggersinligting - Remgro Limited","og_description":"algemene jaarvergadering Datum: Maandag, 30 November 2020 om 10:30 Sens Bekyk alle SENS Voorleggings Remgro resultate voorlegging vir die jaar ge\u00ebindig 30&nbsp;Junie&nbsp;2020 Remgro resultate voorlegging vir die ses maande ge\u00ebindig 31&nbsp;Desember&nbsp;2019 Remgro resultate voorlegging vir die jaar ge\u00ebindig 30&nbsp;Junie&nbsp;2019 Remgro resultate voorlegging vir die ses maande ge\u00ebindig 31&nbsp;Desember&nbsp;2018 Remgro resultate voorlegging vir die jaar ge\u00ebindig... Read more &raquo;","og_url":"https:\/\/www.remgro.com\/?page_id=3560","og_site_name":"Remgro Limited","article_modified_time":"2020-10-29T21:16:58+00:00","twitter_misc":{"Est. reading time":"1 minute"},"schema":{"@context":"https:\/\/schema.org","@graph":[{"@type":"WebPage","@id":"https:\/\/www.remgro.com\/?page_id=3560","url":"https:\/\/www.remgro.com\/?page_id=3560","name":"Beleggersinligting - Remgro Limited","isPartOf":{"@id":"https:\/\/www.remgro.com\/#website"},"datePublished":"2014-11-06T08:24:08+00:00","dateModified":"2020-10-29T21:16:58+00:00","breadcrumb":{"@id":"https:\/\/www.remgro.com\/?page_id=3560#breadcrumb"},"inLanguage":"af-ZA","potentialAction":[{"@type":"ReadAction","target":["https:\/\/www.remgro.com\/?page_id=3560"]}]},{"@type":"BreadcrumbList","@id":"https:\/\/www.remgro.com\/?page_id=3560#breadcrumb","itemListElement":[{"@type":"ListItem","position":1,"name":"Beleggersinligting","item":"https:\/\/www.remgro.com\/investor-centre\/"},{"@type":"ListItem","position":2,"name":"Beleggersinligting"}]},{"@type":"WebSite","@id":"https:\/\/www.remgro.com\/#website","url":"https:\/\/www.remgro.com\/","name":"Remgro Limited","description":"","publisher":{"@id":"https:\/\/www.remgro.com\/#organization"},"potentialAction":[{"@type":"SearchAction","target":{"@type":"EntryPoint","urlTemplate":"https:\/\/www.remgro.com\/?s={search_term_string}"},"query-input":{"@type":"PropertyValueSpecification","valueRequired":true,"valueName":"search_term_string"}}],"inLanguage":"af-ZA"},{"@type":"Organization","@id":"https:\/\/www.remgro.com\/#organization","name":"Remgro Limited","url":"https:\/\/www.remgro.com\/","logo":{"@type":"ImageObject","inLanguage":"af-ZA","@id":"https:\/\/www.remgro.com\/#\/schema\/logo\/image\/","url":"https:\/\/www.remgro.com\/wp-content\/uploads\/2016\/03\/logo.jpg","contentUrl":"https:\/\/www.remgro.com\/wp-content\/uploads\/2016\/03\/logo.jpg","width":337,"height":109,"caption":"Remgro Limited"},"image":{"@id":"https:\/\/www.remgro.com\/#\/schema\/logo\/image\/"}}]}},"_links":{"self":[{"href":"https:\/\/www.remgro.com\/af\/wp-json\/wp\/v2\/pages\/3563","targetHints":{"allow":["GET"]}}],"collection":[{"href":"https:\/\/www.remgro.com\/af\/wp-json\/wp\/v2\/pages"}],"about":[{"href":"https:\/\/www.remgro.com\/af\/wp-json\/wp\/v2\/types\/page"}],"author":[{"embeddable":true,"href":"https:\/\/www.remgro.com\/af\/wp-json\/wp\/v2\/users\/5"}],"replies":[{"embeddable":true,"href":"https:\/\/www.remgro.com\/af\/wp-json\/wp\/v2\/comments?post=3563"}],"version-history":[{"count":0,"href":"https:\/\/www.remgro.com\/af\/wp-json\/wp\/v2\/pages\/3563\/revisions"}],"up":[{"embeddable":true,"href":"https:\/\/www.remgro.com\/af\/wp-json\/wp\/v2\/pages\/434"}],"wp:attachment":[{"href":"https:\/\/www.remgro.com\/af\/wp-json\/wp\/v2\/media?parent=3563"}],"curies":[{"name":"wp","href":"https:\/\/api.w.org\/{rel}","templated":true}]}}