{"id":15717,"date":"2022-10-21T18:51:07","date_gmt":"2022-10-21T16:51:07","guid":{"rendered":"https:\/\/www.remgro.com?page_id=15717"},"modified":"2022-10-22T18:37:26","modified_gmt":"2022-10-22T16:37:26","slug":"2022-geintegreerde-jaarverslag-van-remgro-beperk","status":"publish","type":"page","link":"https:\/\/www.remgro.com\/af\/beleggerinligting\/2022-geintegreerde-jaarverslag-van-remgro-beperk\/","title":{"rendered":"2022 Ge\u00efntegreerde jaarverslag van Remgro Beperk"},"content":{"rendered":"<h2 style=\"background: #003f7f;\n    color: #ffffff!important;\n    padding: 8px;\n    font-size: 12px;\n    margin-bottom: 0px;\">Jaarverslag<\/h2>\n<div class=\" download-block\">\n<div class=\"col-xs-9\">\n2022 Ge\u00efntegreerde Jaarverslag van Remgro Beperk\n<\/div>\n<div class=\"col-xs-3\">\n<p class=\"lead\"><a href=\"https:\/\/www.remgro.com\/ar2022\/pdf\/afr\/Remgro_IAR-AFR_2022.pdf\" target=\"_blank\" rel=\"noopener noreferrer\"><i class=\"icon-pdf fa fa-file-pdf-o\" title=\"Download - 9 MB\"><\/i><\/a>\n<\/div>\n<div class=\"clearfix\"><\/div>\n<\/div>\n<div class=\"clearfix\"><\/div>\n<h2 style=\"background: #003f7f;\n    color: #ffffff!important;\n    padding: 8px;\n    font-size: 12px;\n    margin-bottom: 0px;\">Besigheidsoorsig<\/h2>\n<div class=\" download-block\">\n<div class=\"col-xs-9\">\nRemgro se benadering tot verslagdoening\n<\/div>\n<div class=\"col-xs-3\">\n<a href=\"https:\/\/www.remgro.com\/ar2022\/pdf\/afr\/Remgro-se-benadering-tot-verslagdoening.pdf\" target=\"_blank\" rel=\"noopener noreferrer\"><i class=\"icon-pdf fa fa-file-pdf-o\" title=\"Download - 391 KB\"><\/i><\/a>\n<\/div>\n<div class=\"clearfix\"><\/div>\n<\/div>\n<div class=\" download-block\">\n<div class=\"col-xs-9\">\nFinansi\u00eble hooftrekke\n<\/div>\n<div class=\"col-xs-3\">\n<a href=\"https:\/\/www.remgro.com\/ar2022\/pdf\/afr\/Finansi\u00eble-hooftrekke.pdf\" target=\"_blank\" rel=\"noopener noreferrer\"><i class=\"icon-pdf fa fa-file-pdf-o\" title=\"Download - 465 KB\"><\/i><\/a>\n<\/div>\n<div class=\"clearfix\"><\/div>\n<\/div>\n<div class=\" download-block\">\n<div class=\"col-xs-9\">\nOns besigheidsmodel\n<\/div>\n<div class=\"col-xs-3\">\n<a href=\"https:\/\/www.remgro.com\/ar2022\/pdf\/afr\/Ons-besigheidsmodel.pdf\" target=\"_blank\" rel=\"noopener noreferrer\"><i class=\"icon-pdf fa fa-file-pdf-o\" title=\"Download - 132 KB\"><\/i><\/a>\n<\/div>\n<div class=\"clearfix\"><\/div>\n<\/div>\n<div class=\" download-block\">\n<div class=\"col-xs-9\">\nGroepprofiel\n<\/div>\n<div class=\"col-xs-3\">\n<a href=\"https:\/\/www.remgro.com\/ar2022\/pdf\/afr\/Groepprofiel.pdf\" target=\"_blank\" rel=\"noopener noreferrer\"><i class=\"icon-pdf fa fa-file-pdf-o\" title=\"Download - 860 KB\"><\/i><\/a>\n<\/div>\n<div class=\"clearfix\"><\/div>\n<\/div>\n<div class=\" download-block\">\n<div class=\"col-xs-9\">\nBegrip vir die besigheid van Remgro\n<\/div>\n<div class=\"col-xs-3\">\n<a href=\"https:\/\/www.remgro.com\/ar2022\/pdf\/afr\/Begrip-vir-die-besigheid-van-Remgro.pdf\" target=\"_blank\" rel=\"noopener noreferrer\"><i class=\"icon-pdf fa fa-file-pdf-o\" title=\"Download - 348 KB\"><\/i><\/a>\n<\/div>\n<div class=\"clearfix\"><\/div>\n<\/div>\n<div class=\" download-block\">\n<div class=\"col-xs-9\">\nMaatskappygeskiedenis\n<\/div>\n<div class=\"col-xs-3\">\n<a href=\"https:\/\/www.remgro.com\/ar2022\/pdf\/afr\/Maatskappygeskiedenis.pdf\" target=\"_blank\" rel=\"noopener noreferrer\"><i class=\"icon-pdf fa fa-file-pdf-o\" title=\"Download - 392 KB\"><\/i><\/a>\n<\/div>\n<div class=\"clearfix\"><\/div>\n<\/div>\n<div class=\" download-block\">\n<div class=\"col-xs-9\">\nKerndoelwitte en vernaamste ge\u00efntegreerde risiko\u2019s\n<\/div>\n<div class=\"col-xs-3\">\n<a href=\"https:\/\/www.remgro.com\/ar2022\/pdf\/afr\/Kerndoelwitte-en-vernaamste-geintegreerde-risikos.pdf\" target=\"_blank\" rel=\"noopener noreferrer\"><i class=\"icon-pdf fa fa-file-pdf-o\" title=\"Download - 244 KB\"><\/i><\/a>\n<\/div>\n<div class=\"clearfix\"><\/div>\n<\/div>\n<div class=\"clearfix\"><\/div>\n<h2 style=\"background: #003f7f;\n    color: #ffffff!important;\n    padding: 8px;\n    font-size: 12px;\n    margin-bottom: 0px;\">Verslae aan aandeelhouers<\/h2>\n<div class=\" download-block\">\n<div class=\"col-xs-9\">\nVoorsitter se verslag\n<\/div>\n<div class=\"col-xs-3\">\n<a href=\"https:\/\/www.remgro.com\/ar2022\/pdf\/afr\/Voorsitter-se-verslag.pdf\" target=\"_blank\" rel=\"noopener noreferrer\"><i class=\"icon-pdf fa fa-file-pdf-o\" title=\"Download - 298 KB\"><\/i><\/a>\n<\/div>\n<div class=\"clearfix\"><\/div>\n<\/div>\n<div class=\" download-block\">\n<div class=\"col-xs-9\">\nHoofuitvoerende beampte se verslag\n<\/div>\n<div class=\"col-xs-3\">\n<a href=\"https:\/\/www.remgro.com\/ar2022\/pdf\/afr\/Hoofuitvoerende-beampte-se-verslag.pdf\" target=\"_blank\" rel=\"noopener noreferrer\"><i class=\"icon-pdf fa fa-file-pdf-o\" title=\"Download - 412 KB\"><\/i><\/a>\n<\/div>\n<div class=\"clearfix\"><\/div>\n<\/div>\n<div class=\" download-block\">\n<div class=\"col-xs-9\">\nHoof finansi\u00eble beampte se verslag\n<\/div>\n<div class=\"col-xs-3\">\n<a href=\"https:\/\/www.remgro.com\/ar2022\/pdf\/afr\/Hoof-finansiele-beampte-se-verslag.pdf\" target=\"_blank\" rel=\"noopener noreferrer\"><i class=\"icon-pdf fa fa-file-pdf-o\" title=\"Download - 532 KB\"><\/i><\/a>\n<\/div>\n<div class=\"clearfix\"><\/div>\n<\/div>\n<div class=\" download-block\">\n<div class=\"col-xs-9\">\nBeleggingsoorsig\n<\/div>\n<div class=\"col-xs-3\">\n<a href=\"https:\/\/www.remgro.com\/ar2022\/pdf\/afr\/Beleggingsoorsig.pdf\" target=\"_blank\" rel=\"noopener noreferrer\"><i class=\"icon-pdf fa fa-file-pdf-o\" title=\"Download - 2.2 MB\"><\/i><\/a>\n<\/div>\n<div class=\"clearfix\"><\/div>\n<\/div>\n<h2 style=\"background: #003f7f;\n    color: #ffffff!important;\n    padding: 8px;\n    font-size: 12px;\n    margin-bottom: 0px;\">ESG en volhoubaarheid<\/h2>\n<div class=\" download-block\">\n<div class=\"col-xs-9\">\nOorsig van ESG- en volhoubaarheidstrategie\n<\/div>\n<div class=\"col-xs-3\">\n<a href=\"https:\/\/www.remgro.com\/ar2022\/pdf\/afr\/ESG-en-volhoubaarheidstrategie-oorsig.pdf\" target=\"_blank\" rel=\"noopener noreferrer\"><i class=\"icon-pdf fa fa-file-pdf-o\" title=\"Download - 332 KB\"><\/i><\/a>\n<\/div>\n<div class=\"clearfix\"><\/div>\n<\/div>\n<div class=\" download-block\">\n<div class=\"col-xs-9\">\nVerkorte volhoubaarheidsverslag\n<\/div>\n<div class=\"col-xs-3\">\n<a href=\"https:\/\/www.remgro.com\/ar2022\/pdf\/afr\/Verkorte-volhoubaarheidsverslag.pdf\" target=\"_blank\" rel=\"noopener noreferrer\"><i class=\"icon-pdf fa fa-file-pdf-o\" title=\"Download - 669 KB\"><\/i><\/a>\n<\/div>\n<div class=\"clearfix\"><\/div>\n<\/div>\n<div class=\" download-block\">\n<div class=\"col-xs-9\">\nKorporatiewe bestuursverslag\n<\/div>\n<div class=\"col-xs-3\">\n<a href=\"https:\/\/www.remgro.com\/ar2022\/pdf\/afr\/Korporatiewe-bestuurverslag.pdf\" target=\"_blank\" rel=\"noopener noreferrer\"><i class=\"icon-pdf fa fa-file-pdf-o\" title=\"Download - 267 KB\"><\/i><\/a>\n<\/div>\n<div class=\"clearfix\"><\/div>\n<\/div>\n<div class=\" download-block\">\n<div class=\"col-xs-9\">\nDireksie en lede van komitees\n<\/div>\n<div class=\"col-xs-3\">\n<a href=\"https:\/\/www.remgro.com\/ar2022\/pdf\/afr\/Direksie-en-lede-van-komitees.pdf\" target=\"_blank\" rel=\"noopener noreferrer\"><i class=\"icon-pdf fa fa-file-pdf-o\" title=\"Download - 708 KB\"><\/i><\/a>\n<\/div>\n<div class=\"clearfix\"><\/div>\n<\/div>\n<div class=\" download-block\">\n<div class=\"col-xs-9\">\nUitvoerende bestuurstruktuur\n<\/div>\n<div class=\"col-xs-3\">\n<a href=\"https:\/\/www.remgro.com\/ar2022\/pdf\/afr\/Uitvoerende-bestuurstruktuur.pdf\" target=\"_blank\" rel=\"noopener noreferrer\"><i class=\"icon-pdf fa fa-file-pdf-o\" title=\"Download - 276 KB\"><\/i><\/a>\n<\/div>\n<div class=\"clearfix\"><\/div>\n<\/div>\n<div class=\" download-block\">\n<div class=\"col-xs-9\">\nVergoedingsverslag\n<\/div>\n<div class=\"col-xs-3\">\n<a href=\"https:\/\/www.remgro.com\/ar2022\/pdf\/afr\/Vergoedingsverslag.pdf\" target=\"_blank\" rel=\"noopener noreferrer\"><i class=\"icon-pdf fa fa-file-pdf-o\" title=\"Download - 422 KB\"><\/i><\/a>\n<\/div>\n<div class=\"clearfix\"><\/div>\n<\/div>\n<div class=\" download-block\">\n<div class=\"col-xs-9\">\nRisiko- en geleentheidsbestuursverslag\n<\/div>\n<div class=\"col-xs-3\">\n<a href=\"https:\/\/www.remgro.com\/ar2022\/pdf\/afr\/Risiko-en-geleentheidsbestuurverslag.pdf\" target=\"_blank\" rel=\"noopener noreferrer\"><i class=\"icon-pdf fa fa-file-pdf-o\" title=\"Download - 194 KB\"><\/i><\/a>\n<\/div>\n<div class=\"clearfix\"><\/div>\n<\/div>\n<div class=\" download-block\">\n<div class=\"col-xs-9\">\nMaatskaplike-en-etiesekomiteeverslag\n<\/div>\n<div class=\"col-xs-3\">\n<a href=\"https:\/\/www.remgro.com\/ar2022\/pdf\/afr\/Maatskaplike-en-etiesekomiteeverslag.pdf\" target=\"_blank\" rel=\"noopener noreferrer\"><i class=\"icon-pdf fa fa-file-pdf-o\" title=\"Download - 119 KB\"><\/i><\/a>\n<\/div>\n<div class=\"clearfix\"><\/div>\n<\/div>\n<h2 style=\"background: #003f7f;\n    color: #ffffff!important;\n    padding: 8px;\n    font-size: 12px;\n    margin-bottom: 0px;\">Finansi\u00eble verslag<\/h2>\n<div class=\" download-block\">\n<div class=\"col-xs-9\">\nVerklaring van verantwoordelikheid deur die raad van direkteure\n<\/div>\n<div class=\"col-xs-3\">\n<a href=\"https:\/\/www.remgro.com\/ar2022\/pdf\/afr\/Verklaring-van-verantwoordelikheid-van-die-raad-van-direkteure.pdf\" target=\"_blank\" rel=\"noopener noreferrer\"><i class=\"icon-pdf fa fa-file-pdf-o\" title=\"Download - 245 KB\"><\/i><\/a>\n<\/div>\n<div class=\"clearfix\"><\/div>\n<\/div>\n<div class=\" download-block\">\n<div class=\"col-xs-9\">\nVerantwoordelikheidsverklaring van die HUB en HFB\n<\/div>\n<div class=\"col-xs-3\">\n<a href=\"https:\/\/www.remgro.com\/ar2022\/pdf\/afr\/Verantwoordelikheidsverklaring-deur-die-HUB-en-HFB.pdf\" target=\"_blank\" rel=\"noopener noreferrer\"><i class=\"icon-pdf fa fa-file-pdf-o\" title=\"Download - 245 KB\"><\/i><\/a>\n<\/div>\n<div class=\"clearfix\"><\/div>\n<\/div>\n<div class=\" download-block\">\n<div class=\"col-xs-9\">\nVerklaring deur die maatskappysekretaris\n<\/div>\n<div class=\"col-xs-3\">\n<a href=\"https:\/\/www.remgro.com\/ar2022\/pdf\/afr\/Verklaring-deur-die-maatskappysekretaris.pdf\" target=\"_blank\" rel=\"noopener noreferrer\"><i class=\"icon-pdf fa fa-file-pdf-o\" title=\"Download - 63 KB\"><\/i><\/a>\n<\/div>\n<div class=\"clearfix\"><\/div>\n<\/div>\n<div class=\" download-block\">\n<div class=\"col-xs-9\">\nVerslag van die oudit-en-risikokomitee\n<\/div>\n<div class=\"col-xs-3\">\n<a href=\"https:\/\/www.remgro.com\/ar2022\/pdf\/afr\/Verslag-van-die-oudit-en-risikokomitee.pdf\" target=\"_blank\" rel=\"noopener noreferrer\"><i class=\"icon-pdf fa fa-file-pdf-o\" title=\"Download - 123 KB\"><\/i><\/a>\n<\/div>\n<div class=\"clearfix\"><\/div>\n<\/div>\n<div class=\" download-block\">\n<div class=\"col-xs-9\">\nVerslag van die raad van direkteure\n<\/div>\n<div class=\"col-xs-3\">\n<a href=\"https:\/\/www.remgro.com\/ar2022\/pdf\/afr\/Verslag-van-die-raad-van-direkteure.pdf\" target=\"_blank\" rel=\"noopener noreferrer\"><i class=\"icon-pdf fa fa-file-pdf-o\" title=\"Download - 140 KB\"><\/i><\/a>\n<\/div>\n<div class=\"clearfix\"><\/div>\n<\/div>\n<div class=\" download-block\">\n<div class=\"col-xs-9\">\nVerslag van die onafhanklike ouditeur<\/div>\n<div class=\"col-xs-3\">\n<a href=\"https:\/\/www.remgro.com\/ar2022\/pdf\/afr\/Verslag-van-die-onafhanklike-ouditeur.pdf\" target=\"_blank\" rel=\"noopener noreferrer\"><i class=\"icon-pdf fa fa-file-pdf-o\" title=\"Download - 91 KB\"><\/i><\/a>\n<\/div>\n<div class=\"clearfix\"><\/div>\n<\/div>\n<div class=\" download-block\">\n<div class=\"col-xs-9\">\nVerkorte finansi\u00eble state\n<\/div>\n<div class=\"col-xs-3\">\n<a href=\"https:\/\/www.remgro.com\/ar2022\/pdf\/afr\/Verkorte-finansi\u00eble-state.pdf\" target=\"_blank\" rel=\"noopener noreferrer\"><i class=\"icon-pdf fa fa-file-pdf-o\" title=\"Download - 193 KB\"><\/i><\/a>\n<\/div>\n<div class=\"clearfix\"><\/div>\n<\/div>\n<h2 style=\"background: #003f7f;\n    color: #ffffff!important;\n    padding: 8px;\n    font-size: 12px;\n    margin-bottom: 0px;\">Addisionele inligting<\/h2>\n<div class=\" download-block\">\n<div class=\"col-xs-9\">\nAandeelhouersdagboek en maatskappy-inligting\n<\/div>\n<div class=\"col-xs-3\">\n<a href=\"https:\/\/www.remgro.com\/ar2022\/pdf\/afr\/Aandeelhouersdagboek-en-maatskappy-inligting.pdf\" target=\"_blank\" rel=\"noopener noreferrer\"><i class=\"icon-pdf fa fa-file-pdf-o\" title=\"Download - 59 KB\"><\/i><\/a>\n<\/div>\n<div class=\"clearfix\"><\/div>\n<\/div>\n<div class=\" download-block\">\n<div class=\"col-xs-9\">\nVyfjaar-oorsig en aandelestatistiek<\/div>\n<div class=\"col-xs-3\">\n<a href=\"https:\/\/www.remgro.com\/ar2022\/pdf\/afr\/Vyfjaar-oorsig-en-aandelestatistiek.pdf\" target=\"_blank\" rel=\"noopener noreferrer\"><i class=\"icon-pdf fa fa-file-pdf-o\" title=\"Download - 109 KB\"><\/i><\/a>\n<\/div>\n<div class=\"clearfix\"><\/div>\n<\/div>\n<div class=\" download-block\">\n<div class=\"col-xs-9\">\nAandeelhouersinligting\n<\/div>\n<div class=\"col-xs-3\">\n<a href=\"https:\/\/www.remgro.com\/ar2022\/pdf\/afr\/Aandeelhouersinligting.pdf\" target=\"_blank\" rel=\"noopener noreferrer\"><i class=\"icon-pdf fa fa-file-pdf-o\" title=\"Download - 386 KB\"><\/i><\/a>\n<\/div>\n<div class=\"clearfix\"><\/div>\n<\/div>\n<div class=\" download-block\">\n<div class=\"col-xs-9\">\nKennisgewing aan aandeelhouers\n<\/div>\n<div class=\"col-xs-3\">\n<a href=\"https:\/\/www.remgro.com\/ar2022\/pdf\/afr\/Kennisgewing-aan-aandeelhouers.pdf\" target=\"_blank\" rel=\"noopener noreferrer\"><i class=\"icon-pdf fa fa-file-pdf-o\" title=\"Download - 155 KB\"><\/i><\/a>\n<\/div>\n<div class=\"clearfix\"><\/div>\n<\/div>\n<div class=\" download-block\">\n<div class=\"col-xs-9\">\nVolmagvorm\n<\/div>\n<div class=\"col-xs-3\">\n<a href=\"https:\/\/www.remgro.com\/ar2022\/pdf\/afr\/Volmagvorm.pdf\" target=\"_blank\" rel=\"noopener noreferrer\"><i class=\"icon-pdf fa fa-file-pdf-o\" title=\"Download - 56 KB\"><\/i><\/a>\n<\/div>\n<div class=\"clearfix\"><\/div>\n<\/div>\n<p><\/p>\n","protected":false},"excerpt":{"rendered":"<p>Jaarverslag 2022 Ge\u00efntegreerde Jaarverslag van Remgro Beperk Besigheidsoorsig Remgro se benadering tot verslagdoening Finansi\u00eble hooftrekke Ons besigheidsmodel Groepprofiel Begrip vir die besigheid van Remgro Maatskappygeskiedenis Kerndoelwitte en vernaamste ge\u00efntegreerde risiko\u2019s Verslae aan aandeelhouers Voorsitter se verslag Hoofuitvoerende beampte se verslag Hoof finansi\u00eble beampte se verslag Beleggingsoorsig ESG en volhoubaarheid Oorsig van ESG- en volhoubaarheidstrategie Verkorte&#8230;  <a href=\"https:\/\/www.remgro.com\/af\/beleggerinligting\/2022-geintegreerde-jaarverslag-van-remgro-beperk\/\" class=\"more-link\" title=\"Read 2022 Ge\u00efntegreerde jaarverslag van Remgro Beperk\">Read more &raquo;<\/a><\/p>\n","protected":false},"author":5,"featured_media":0,"parent":434,"menu_order":0,"comment_status":"closed","ping_status":"closed","template":"page-full-width.php","meta":{"footnotes":""},"class_list":["post-15717","page","type-page","status-publish","hentry"],"yoast_head":"<!-- This site is optimized with the Yoast SEO plugin v27.4 - https:\/\/yoast.com\/product\/yoast-seo-wordpress\/ -->\n<title>2022 Ge\u00efntegreerde jaarverslag van Remgro Beperk - Remgro Limited<\/title>\n<meta name=\"robots\" content=\"index, follow, max-snippet:-1, max-image-preview:large, max-video-preview:-1\" \/>\n<link rel=\"canonical\" href=\"https:\/\/www.remgro.com\/af\/beleggerinligting\/2022-geintegreerde-jaarverslag-van-remgro-beperk\/\" \/>\n<meta property=\"og:locale\" content=\"af_ZA\" \/>\n<meta property=\"og:type\" content=\"article\" \/>\n<meta property=\"og:title\" content=\"2022 Ge\u00efntegreerde jaarverslag van Remgro Beperk - Remgro Limited\" \/>\n<meta property=\"og:description\" content=\"Jaarverslag 2022 Ge\u00efntegreerde Jaarverslag van Remgro Beperk Besigheidsoorsig Remgro se benadering tot verslagdoening Finansi\u00eble hooftrekke Ons besigheidsmodel Groepprofiel Begrip vir die besigheid van Remgro Maatskappygeskiedenis Kerndoelwitte en vernaamste ge\u00efntegreerde risiko\u2019s Verslae aan aandeelhouers Voorsitter se verslag Hoofuitvoerende beampte se verslag Hoof finansi\u00eble beampte se verslag Beleggingsoorsig ESG en volhoubaarheid Oorsig van ESG- en volhoubaarheidstrategie Verkorte... Read more &raquo;\" \/>\n<meta property=\"og:url\" content=\"https:\/\/www.remgro.com\/af\/beleggerinligting\/2022-geintegreerde-jaarverslag-van-remgro-beperk\/\" \/>\n<meta property=\"og:site_name\" content=\"Remgro Limited\" \/>\n<meta property=\"article:modified_time\" content=\"2022-10-22T16:37:26+00:00\" \/>\n<meta name=\"twitter:label1\" content=\"Est. reading time\" \/>\n\t<meta name=\"twitter:data1\" content=\"1 minute\" \/>\n<script type=\"application\/ld+json\" class=\"yoast-schema-graph\">{\"@context\":\"https:\\\/\\\/schema.org\",\"@graph\":[{\"@type\":\"WebPage\",\"@id\":\"https:\\\/\\\/www.remgro.com\\\/af\\\/beleggerinligting\\\/2022-geintegreerde-jaarverslag-van-remgro-beperk\\\/\",\"url\":\"https:\\\/\\\/www.remgro.com\\\/af\\\/beleggerinligting\\\/2022-geintegreerde-jaarverslag-van-remgro-beperk\\\/\",\"name\":\"2022 Ge\u00efntegreerde jaarverslag van Remgro Beperk - Remgro Limited\",\"isPartOf\":{\"@id\":\"https:\\\/\\\/www.remgro.com\\\/#website\"},\"datePublished\":\"2022-10-21T16:51:07+00:00\",\"dateModified\":\"2022-10-22T16:37:26+00:00\",\"breadcrumb\":{\"@id\":\"https:\\\/\\\/www.remgro.com\\\/af\\\/beleggerinligting\\\/2022-geintegreerde-jaarverslag-van-remgro-beperk\\\/#breadcrumb\"},\"inLanguage\":\"af-ZA\",\"potentialAction\":[{\"@type\":\"ReadAction\",\"target\":[\"https:\\\/\\\/www.remgro.com\\\/af\\\/beleggerinligting\\\/2022-geintegreerde-jaarverslag-van-remgro-beperk\\\/\"]}]},{\"@type\":\"BreadcrumbList\",\"@id\":\"https:\\\/\\\/www.remgro.com\\\/af\\\/beleggerinligting\\\/2022-geintegreerde-jaarverslag-van-remgro-beperk\\\/#breadcrumb\",\"itemListElement\":[{\"@type\":\"ListItem\",\"position\":1,\"name\":\"Beleggersinligting\",\"item\":\"https:\\\/\\\/www.remgro.com\\\/investor-centre\\\/\"},{\"@type\":\"ListItem\",\"position\":2,\"name\":\"2022 Ge\u00efntegreerde jaarverslag van Remgro Beperk\"}]},{\"@type\":\"WebSite\",\"@id\":\"https:\\\/\\\/www.remgro.com\\\/#website\",\"url\":\"https:\\\/\\\/www.remgro.com\\\/\",\"name\":\"Remgro Limited\",\"description\":\"\",\"publisher\":{\"@id\":\"https:\\\/\\\/www.remgro.com\\\/#organization\"},\"potentialAction\":[{\"@type\":\"SearchAction\",\"target\":{\"@type\":\"EntryPoint\",\"urlTemplate\":\"https:\\\/\\\/www.remgro.com\\\/?s={search_term_string}\"},\"query-input\":{\"@type\":\"PropertyValueSpecification\",\"valueRequired\":true,\"valueName\":\"search_term_string\"}}],\"inLanguage\":\"af-ZA\"},{\"@type\":\"Organization\",\"@id\":\"https:\\\/\\\/www.remgro.com\\\/#organization\",\"name\":\"Remgro Limited\",\"url\":\"https:\\\/\\\/www.remgro.com\\\/\",\"logo\":{\"@type\":\"ImageObject\",\"inLanguage\":\"af-ZA\",\"@id\":\"https:\\\/\\\/www.remgro.com\\\/#\\\/schema\\\/logo\\\/image\\\/\",\"url\":\"https:\\\/\\\/www.remgro.com\\\/wp-content\\\/uploads\\\/2016\\\/03\\\/logo.jpg\",\"contentUrl\":\"https:\\\/\\\/www.remgro.com\\\/wp-content\\\/uploads\\\/2016\\\/03\\\/logo.jpg\",\"width\":337,\"height\":109,\"caption\":\"Remgro Limited\"},\"image\":{\"@id\":\"https:\\\/\\\/www.remgro.com\\\/#\\\/schema\\\/logo\\\/image\\\/\"}}]}<\/script>\n<!-- \/ Yoast SEO plugin. -->","yoast_head_json":{"title":"2022 Ge\u00efntegreerde jaarverslag van Remgro Beperk - Remgro Limited","robots":{"index":"index","follow":"follow","max-snippet":"max-snippet:-1","max-image-preview":"max-image-preview:large","max-video-preview":"max-video-preview:-1"},"canonical":"https:\/\/www.remgro.com\/af\/beleggerinligting\/2022-geintegreerde-jaarverslag-van-remgro-beperk\/","og_locale":"af_ZA","og_type":"article","og_title":"2022 Ge\u00efntegreerde jaarverslag van Remgro Beperk - Remgro Limited","og_description":"Jaarverslag 2022 Ge\u00efntegreerde Jaarverslag van Remgro Beperk Besigheidsoorsig Remgro se benadering tot verslagdoening Finansi\u00eble hooftrekke Ons besigheidsmodel Groepprofiel Begrip vir die besigheid van Remgro Maatskappygeskiedenis Kerndoelwitte en vernaamste ge\u00efntegreerde risiko\u2019s Verslae aan aandeelhouers Voorsitter se verslag Hoofuitvoerende beampte se verslag Hoof finansi\u00eble beampte se verslag Beleggingsoorsig ESG en volhoubaarheid Oorsig van ESG- en volhoubaarheidstrategie Verkorte... Read more &raquo;","og_url":"https:\/\/www.remgro.com\/af\/beleggerinligting\/2022-geintegreerde-jaarverslag-van-remgro-beperk\/","og_site_name":"Remgro Limited","article_modified_time":"2022-10-22T16:37:26+00:00","twitter_misc":{"Est. reading time":"1 minute"},"schema":{"@context":"https:\/\/schema.org","@graph":[{"@type":"WebPage","@id":"https:\/\/www.remgro.com\/af\/beleggerinligting\/2022-geintegreerde-jaarverslag-van-remgro-beperk\/","url":"https:\/\/www.remgro.com\/af\/beleggerinligting\/2022-geintegreerde-jaarverslag-van-remgro-beperk\/","name":"2022 Ge\u00efntegreerde jaarverslag van Remgro Beperk - Remgro Limited","isPartOf":{"@id":"https:\/\/www.remgro.com\/#website"},"datePublished":"2022-10-21T16:51:07+00:00","dateModified":"2022-10-22T16:37:26+00:00","breadcrumb":{"@id":"https:\/\/www.remgro.com\/af\/beleggerinligting\/2022-geintegreerde-jaarverslag-van-remgro-beperk\/#breadcrumb"},"inLanguage":"af-ZA","potentialAction":[{"@type":"ReadAction","target":["https:\/\/www.remgro.com\/af\/beleggerinligting\/2022-geintegreerde-jaarverslag-van-remgro-beperk\/"]}]},{"@type":"BreadcrumbList","@id":"https:\/\/www.remgro.com\/af\/beleggerinligting\/2022-geintegreerde-jaarverslag-van-remgro-beperk\/#breadcrumb","itemListElement":[{"@type":"ListItem","position":1,"name":"Beleggersinligting","item":"https:\/\/www.remgro.com\/investor-centre\/"},{"@type":"ListItem","position":2,"name":"2022 Ge\u00efntegreerde jaarverslag van Remgro Beperk"}]},{"@type":"WebSite","@id":"https:\/\/www.remgro.com\/#website","url":"https:\/\/www.remgro.com\/","name":"Remgro Limited","description":"","publisher":{"@id":"https:\/\/www.remgro.com\/#organization"},"potentialAction":[{"@type":"SearchAction","target":{"@type":"EntryPoint","urlTemplate":"https:\/\/www.remgro.com\/?s={search_term_string}"},"query-input":{"@type":"PropertyValueSpecification","valueRequired":true,"valueName":"search_term_string"}}],"inLanguage":"af-ZA"},{"@type":"Organization","@id":"https:\/\/www.remgro.com\/#organization","name":"Remgro Limited","url":"https:\/\/www.remgro.com\/","logo":{"@type":"ImageObject","inLanguage":"af-ZA","@id":"https:\/\/www.remgro.com\/#\/schema\/logo\/image\/","url":"https:\/\/www.remgro.com\/wp-content\/uploads\/2016\/03\/logo.jpg","contentUrl":"https:\/\/www.remgro.com\/wp-content\/uploads\/2016\/03\/logo.jpg","width":337,"height":109,"caption":"Remgro Limited"},"image":{"@id":"https:\/\/www.remgro.com\/#\/schema\/logo\/image\/"}}]}},"_links":{"self":[{"href":"https:\/\/www.remgro.com\/af\/wp-json\/wp\/v2\/pages\/15717","targetHints":{"allow":["GET"]}}],"collection":[{"href":"https:\/\/www.remgro.com\/af\/wp-json\/wp\/v2\/pages"}],"about":[{"href":"https:\/\/www.remgro.com\/af\/wp-json\/wp\/v2\/types\/page"}],"author":[{"embeddable":true,"href":"https:\/\/www.remgro.com\/af\/wp-json\/wp\/v2\/users\/5"}],"replies":[{"embeddable":true,"href":"https:\/\/www.remgro.com\/af\/wp-json\/wp\/v2\/comments?post=15717"}],"version-history":[{"count":0,"href":"https:\/\/www.remgro.com\/af\/wp-json\/wp\/v2\/pages\/15717\/revisions"}],"up":[{"embeddable":true,"href":"https:\/\/www.remgro.com\/af\/wp-json\/wp\/v2\/pages\/434"}],"wp:attachment":[{"href":"https:\/\/www.remgro.com\/af\/wp-json\/wp\/v2\/media?parent=15717"}],"curies":[{"name":"wp","href":"https:\/\/api.w.org\/{rel}","templated":true}]}}