{"id":13452,"date":"2021-10-19T15:32:26","date_gmt":"2021-10-19T13:32:26","guid":{"rendered":"https:\/\/www.remgro.com?page_id=13452"},"modified":"2021-10-25T17:07:11","modified_gmt":"2021-10-25T15:07:11","slug":"2021-geintegreerde-jaarverslag-van-remgro-beperk","status":"publish","type":"page","link":"https:\/\/www.remgro.com\/af\/beleggerinligting\/2021-geintegreerde-jaarverslag-van-remgro-beperk\/","title":{"rendered":"2021 Ge\u00efntegreerde jaarverslag van Remgro Beperk"},"content":{"rendered":"<h2 style=\"background: #003f7f;\n    color: #ffffff!important;\n    padding: 8px;\n    font-size: 12px;\n    margin-bottom: 0px;\">Jaarverslag<\/h2>\n<div class=\" download-block\">\n<div class=\"col-xs-9\">\n2021 Ge\u00efntegreerde Jaarverslag van Remgro Beperk\n<\/div>\n<div class=\"col-xs-3\">\n<p class=\"lead\"><a href=\"https:\/\/www.remgro.com\/wp-content\/uploads\/2021\/10\/Remgro_IAR-AFR_2021.pdf\" target=\"_blank\" rel=\"noopener noreferrer\"><i class=\"icon-pdf fa fa-file-pdf-o\" title=\"Download - 4 MB\"><\/i><\/a>\n<\/div>\n<div class=\"clearfix\"><\/div>\n<\/div>\n<div class=\"clearfix\"><\/div>\n<h2 style=\"background: #003f7f;\n    color: #ffffff!important;\n    padding: 8px;\n    font-size: 12px;\n    margin-bottom: 0px;\">Besigheidsoorsig<\/h2>\n<div class=\" download-block\">\n<div class=\"col-xs-9\">\nRemgro se benadering tot verslagdoening\n<\/div>\n<div class=\"col-xs-3\">\n<a href=\"https:\/\/www.remgro.com\/ar2021\/pdf\/afr\/Remgro_se_benadering_tot_verslagdoening.pdf\" target=\"_blank\" rel=\"noopener noreferrer\"><i class=\"icon-pdf fa fa-file-pdf-o\" title=\"Download - 138 KB\"><\/i><\/a>\n<\/div>\n<div class=\"clearfix\"><\/div>\n<\/div>\n<div class=\" download-block\">\n<div class=\"col-xs-9\">\nFinansi\u00eble hooftrekke\n<\/div>\n<div class=\"col-xs-3\">\n<a href=\"https:\/\/www.remgro.com\/ar2021\/pdf\/afr\/Finansiele_hooftrekke.pdf\" target=\"_blank\" rel=\"noopener noreferrer\"><i class=\"icon-pdf fa fa-file-pdf-o\" title=\"Download - 374 KB\"><\/i><\/a>\n<\/div>\n<div class=\"clearfix\"><\/div>\n<\/div>\n<div class=\" download-block\">\n<div class=\"col-xs-9\">\nGroepprofiel\n<\/div>\n<div class=\"col-xs-3\">\n<a href=\"https:\/\/www.remgro.com\/ar2021\/pdf\/afr\/Groepprofiel.pdf\" target=\"_blank\" rel=\"noopener noreferrer\"><i class=\"icon-pdf fa fa-file-pdf-o\" title=\"Download - 932 KB\"><\/i><\/a>\n<\/div>\n<div class=\"clearfix\"><\/div>\n<\/div>\n<div class=\" download-block\">\n<div class=\"col-xs-9\">\nMaatskappygeskiedenis\n<\/div>\n<div class=\"col-xs-3\">\n<a href=\"https:\/\/www.remgro.com\/ar2021\/pdf\/afr\/Maatskappygeskiedenis.pdf\" target=\"_blank\" rel=\"noopener noreferrer\"><i class=\"icon-pdf fa fa-file-pdf-o\" title=\"Download - 1 MB\"><\/i><\/a>\n<\/div>\n<div class=\"clearfix\"><\/div>\n<\/div>\n<div class=\" download-block\">\n<div class=\"col-xs-9\">\nOns besigheidsmodel\n<\/div>\n<div class=\"col-xs-3\">\n<a href=\"https:\/\/www.remgro.com\/ar2021\/pdf\/afr\/Ons_besigheidsmodel.pdf\" target=\"_blank\" rel=\"noopener noreferrer\"><i class=\"icon-pdf fa fa-file-pdf-o\" title=\"Download - 260 KB\"><\/i><\/a>\n<\/div>\n<div class=\"clearfix\"><\/div>\n<\/div>\n<div class=\" download-block\">\n<div class=\"col-xs-9\">\nBegrip vir die besigheid van Remgro\n<\/div>\n<div class=\"col-xs-3\">\n<a href=\"https:\/\/www.remgro.com\/ar2021\/pdf\/afr\/Begrip_vir_die_besigheid_van_Remgro.pdf\" target=\"_blank\" rel=\"noopener noreferrer\"><i class=\"icon-pdf fa fa-file-pdf-o\" title=\"Download - 188 KB\"><\/i><\/a>\n<\/div>\n<div class=\"clearfix\"><\/div>\n<\/div>\n<div class=\" download-block\">\n<div class=\"col-xs-9\">\nKerndoelwitte en vernaamste ge\u00efntegreerde risiko\u2019s\n<\/div>\n<div class=\"col-xs-3\">\n<a href=\"https:\/\/www.remgro.com\/ar2021\/pdf\/afr\/Kerndoelwitte_en_vernaamste_geintegreerde_risikos.pdf\" target=\"_blank\" rel=\"noopener noreferrer\"><i class=\"icon-pdf fa fa-file-pdf-o\" title=\"Download - 229 KB\"><\/i><\/a>\n<\/div>\n<div class=\"clearfix\"><\/div>\n<\/div>\n<div class=\" download-block\">\n<div class=\"col-xs-9\">\nDireksie en lede van komitees\n<\/div>\n<div class=\"col-xs-3\">\n<a href=\"https:\/\/www.remgro.com\/ar2021\/pdf\/afr\/Direksie_en_lede_van_komitees.pdf\" target=\"_blank\" rel=\"noopener noreferrer\"><i class=\"icon-pdf fa fa-file-pdf-o\" title=\"Download - 1 MB\"><\/i><\/a>\n<\/div>\n<div class=\"clearfix\"><\/div>\n<\/div>\n<div class=\" download-block\">\n<div class=\"col-xs-9\">\nUitvoerende bestuurstruktuur\n<\/div>\n<div class=\"col-xs-3\">\n<a href=\"https:\/\/www.remgro.com\/ar2021\/pdf\/afr\/Uitvoerende_bestuurstruktuur.pdf\" target=\"_blank\" rel=\"noopener noreferrer\"><i class=\"icon-pdf fa fa-file-pdf-o\" title=\"Download - 209 KB\"><\/i><\/a>\n<\/div>\n<div class=\"clearfix\"><\/div>\n<\/div>\n<div class=\" download-block\">\n<div class=\"col-xs-9\">\nAandeelhouersdagboek en maatskappy-inligting\n<\/div>\n<div class=\"col-xs-3\">\n<a href=\"https:\/\/www.remgro.com\/ar2021\/pdf\/afr\/Aandeelhouersdagboek_en_maatskappy_inligting.pdf\" target=\"_blank\" rel=\"noopener noreferrer\"><i class=\"icon-pdf fa fa-file-pdf-o\" title=\"Download - 62 KB\"><\/i><\/a>\n<\/div>\n<div class=\"clearfix\"><\/div>\n<\/div>\n<div class=\"clearfix\"><\/div>\n<h2 style=\"background: #003f7f;\n    color: #ffffff!important;\n    padding: 8px;\n    font-size: 12px;\n    margin-bottom: 0px;\">Verslae aan aandeelhouers<\/h2>\n<div class=\" download-block\">\n<div class=\"col-xs-9\">\nVoorsitter se verslag\n<\/div>\n<div class=\"col-xs-3\">\n<a href=\"https:\/\/www.remgro.com\/ar2021\/pdf\/afr\/Voorsitter_se_verslag.pdf\" target=\"_blank\" rel=\"noopener noreferrer\"><i class=\"icon-pdf fa fa-file-pdf-o\" title=\"Download - 436 KB\"><\/i><\/a>\n<\/div>\n<div class=\"clearfix\"><\/div>\n<\/div>\n<div class=\" download-block\">\n<div class=\"col-xs-9\">\nHoofuitvoerende beampte se verslag\n<\/div>\n<div class=\"col-xs-3\">\n<a href=\"https:\/\/www.remgro.com\/ar2021\/pdf\/afr\/Hoofuitvoerende_beampte_se_verslag.pdf\" target=\"_blank\" rel=\"noopener noreferrer\"><i class=\"icon-pdf fa fa-file-pdf-o\" title=\"Download - 408 KB\"><\/i><\/a>\n<\/div>\n<div class=\"clearfix\"><\/div>\n<\/div>\n<div class=\" download-block\">\n<div class=\"col-xs-9\">\nHoof finansi\u00eble beampte se verslag\n<\/div>\n<div class=\"col-xs-3\">\n<a href=\"https:\/\/www.remgro.com\/ar2021\/pdf\/afr\/Hoof_finansiele_beampte_se_verslag.pdf\" target=\"_blank\" rel=\"noopener noreferrer\"><i class=\"icon-pdf fa fa-file-pdf-o\" title=\"Download - 568 KB\"><\/i><\/a>\n<\/div>\n<div class=\"clearfix\"><\/div>\n<\/div>\n<div class=\" download-block\">\n<div class=\"col-xs-9\">\nBeleggingsoorsig\n<\/div>\n<div class=\"col-xs-3\">\n<a href=\"https:\/\/www.remgro.com\/ar2021\/pdf\/afr\/Beleggingsoorsig.pdf\" target=\"_blank\" rel=\"noopener noreferrer\"><i class=\"icon-pdf fa fa-file-pdf-o\" title=\"Download - 1 MB\"><\/i><\/a>\n<\/div>\n<div class=\"clearfix\"><\/div>\n<\/div>\n<h2 style=\"background: #003f7f;\n    color: #ffffff!important;\n    padding: 8px;\n    font-size: 12px;\n    margin-bottom: 0px;\">Bestuur en volhoubaarheid<\/h2>\n<div class=\" download-block\">\n<div class=\"col-xs-9\">\nKorporatiewe bestuurverslag\n<\/div>\n<div class=\"col-xs-3\">\n<a href=\"https:\/\/www.remgro.com\/ar2021\/pdf\/afr\/Korporatiewe_bestuurverslag.pdf\" target=\"_blank\" rel=\"noopener noreferrer\"><i class=\"icon-pdf fa fa-file-pdf-o\" title=\"Download - 209 KB\"><\/i><\/a>\n<\/div>\n<div class=\"clearfix\"><\/div>\n<\/div>\n<div class=\" download-block\">\n<div class=\"col-xs-9\">\nRisiko- en geleentheidsbestuurverslag\n<\/div>\n<div class=\"col-xs-3\">\n<a href=\"https:\/\/www.remgro.com\/ar2021\/pdf\/afr\/Risiko_en_geleentheidsbestuurverslag.pdf\" target=\"_blank\" rel=\"noopener noreferrer\"><i class=\"icon-pdf fa fa-file-pdf-o\" title=\"Download - 131 KB\"><\/i><\/a>\n<\/div>\n<div class=\"clearfix\"><\/div>\n<\/div>\n<div class=\" download-block\">\n<div class=\"col-xs-9\">\nVergoedingsverslag\n<\/div>\n<div class=\"col-xs-3\">\n<a href=\"https:\/\/www.remgro.com\/ar2021\/pdf\/afr\/Vergoedingsverslag.pdf\" target=\"_blank\" rel=\"noopener noreferrer\"><i class=\"icon-pdf fa fa-file-pdf-o\" title=\"Download - 346 KB\"><\/i><\/a>\n<\/div>\n<div class=\"clearfix\"><\/div>\n<\/div>\n<div class=\" download-block\">\n<div class=\"col-xs-9\">\nMaatskaplike-en-etiesekomiteeverslag\n<\/div>\n<div class=\"col-xs-3\">\n<a href=\"https:\/\/www.remgro.com\/ar2021\/pdf\/afr\/Maatskaplike_en_etiesekomiteeverslag.pdf\" target=\"_blank\" rel=\"noopener noreferrer\"><i class=\"icon-pdf fa fa-file-pdf-o\" title=\"Download - 93 KB\"><\/i><\/a>\n<\/div>\n<div class=\"clearfix\"><\/div>\n<\/div>\n<div class=\" download-block\">\n<div class=\"col-xs-9\">\nVerkorte volhoubare ontwikkelingsverslag\n<\/div>\n<div class=\"col-xs-3\">\n<a href=\"https:\/\/www.remgro.com\/ar2021\/pdf\/afr\/Verkorte_volhoubare_ontwikkelingsverslag.pdf\" target=\"_blank\" rel=\"noopener noreferrer\"><i class=\"icon-pdf fa fa-file-pdf-o\" title=\"Download - 336 KB\"><\/i><\/a>\n<\/div>\n<div class=\"clearfix\"><\/div>\n<\/div>\n<h2 style=\"background: #003f7f;\n    color: #ffffff!important;\n    padding: 8px;\n    font-size: 12px;\n    margin-bottom: 0px;\">Finansi\u00eble verslag<\/h2>\n<div class=\" download-block\">\n<div class=\"col-xs-9\">\nVerklaring van verantwoordelikheid van die raad van direkteure\n<\/div>\n<div class=\"col-xs-3\">\n<a href=\"https:\/\/www.remgro.com\/ar2021\/pdf\/afr\/Verklaring_van_verantwoordelikheid.pdf\" target=\"_blank\" rel=\"noopener noreferrer\"><i class=\"icon-pdf fa fa-file-pdf-o\" title=\"Download - 59 KB\"><\/i><\/a>\n<\/div>\n<div class=\"clearfix\"><\/div>\n<\/div>\n<div class=\" download-block\">\n<div class=\"col-xs-9\">\nVerantwoordelikheidsverklaring deur die HUB en HFB\n<\/div>\n<div class=\"col-xs-3\">\n<a href=\"https:\/\/www.remgro.com\/ar2021\/pdf\/afr\/Verantwoordelikheidsverklaring.pdf\" target=\"_blank\" rel=\"noopener noreferrer\"><i class=\"icon-pdf fa fa-file-pdf-o\" title=\"Download - 59 KB\"><\/i><\/a>\n<\/div>\n<div class=\"clearfix\"><\/div>\n<\/div>\n<div class=\" download-block\">\n<div class=\"col-xs-9\">\nVerklaring deur die maatskappysekretaris\n<\/div>\n<div class=\"col-xs-3\">\n<a href=\"https:\/\/www.remgro.com\/ar2021\/pdf\/afr\/Verklaring_deur_die_maatskappysekretaris.pdf\" target=\"_blank\" rel=\"noopener noreferrer\"><i class=\"icon-pdf fa fa-file-pdf-o\" title=\"Download - 56 KB\"><\/i><\/a>\n<\/div>\n<div class=\"clearfix\"><\/div>\n<\/div>\n<div class=\" download-block\">\n<div class=\"col-xs-9\">\nVerslag van die oudit-en-risikokomitee\n<\/div>\n<div class=\"col-xs-3\">\n<a href=\"https:\/\/www.remgro.com\/ar2021\/pdf\/afr\/Verslag_van_die_oudit_en_risikokomitee.pdf\" target=\"_blank\" rel=\"noopener noreferrer\"><i class=\"icon-pdf fa fa-file-pdf-o\" title=\"Download - 110 KB\"><\/i><\/a>\n<\/div>\n<div class=\"clearfix\"><\/div>\n<\/div>\n<div class=\" download-block\">\n<div class=\"col-xs-9\">\nVerslag van die raad van direkteure\n<\/div>\n<div class=\"col-xs-3\">\n<a href=\"https:\/\/www.remgro.com\/ar2021\/pdf\/afr\/Verslag_van_die_raad_van_direkteure.pdf\" target=\"_blank\" rel=\"noopener noreferrer\"><i class=\"icon-pdf fa fa-file-pdf-o\" title=\"Download - 153 KB\"><\/i><\/a>\n<\/div>\n<div class=\"clearfix\"><\/div>\n<\/div>\n<div class=\" download-block\">\n<div class=\"col-xs-9\">\nVerslag van die onafhanklike ouditeur<\/div>\n<div class=\"col-xs-3\">\n<a href=\"https:\/\/www.remgro.com\/ar2021\/pdf\/afr\/Verslag_van_die_onafhanklike_ouditeur.pdf\" target=\"_blank\" rel=\"noopener noreferrer\"><i class=\"icon-pdf fa fa-file-pdf-o\" title=\"Download - 76 KB\"><\/i><\/a>\n<\/div>\n<div class=\"clearfix\"><\/div>\n<\/div>\n<div class=\" download-block\">\n<div class=\"col-xs-9\">\nVerkorte finansi\u00eble state\n<\/div>\n<div class=\"col-xs-3\">\n<a href=\"https:\/\/www.remgro.com\/ar2021\/pdf\/afr\/Verkorte_finansiele_state.pdf\" target=\"_blank\" rel=\"noopener noreferrer\"><i class=\"icon-pdf fa fa-file-pdf-o\" title=\"Download - 218 KB\"><\/i><\/a>\n<\/div>\n<div class=\"clearfix\"><\/div>\n<\/div>\n<h2 style=\"background: #003f7f;\n    color: #ffffff!important;\n    padding: 8px;\n    font-size: 12px;\n    margin-bottom: 0px;\">Addisionele inligting<\/h2>\n<div class=\" download-block\">\n<div class=\"col-xs-9\">\nVyfjaar-oorsig en aandelestatistiek\n<\/div>\n<div class=\"col-xs-3\">\n<a href=\"https:\/\/www.remgro.com\/ar2021\/pdf\/afr\/Vyfjaar_oorsig_en_aandelestatistiek.pdf\" target=\"_blank\" rel=\"noopener noreferrer\"><i class=\"icon-pdf fa fa-file-pdf-o\" title=\"Download - 91 KB\"><\/i><\/a>\n<\/div>\n<div class=\"clearfix\"><\/div>\n<\/div>\n<div class=\" download-block\">\n<div class=\"col-xs-9\">\nAandeelhouersinligting<\/div>\n<div class=\"col-xs-3\">\n<a href=\"https:\/\/www.remgro.com\/ar2021\/pdf\/afr\/Aandeelhouersinligting.pdf\" target=\"_blank\" rel=\"noopener noreferrer\"><i class=\"icon-pdf fa fa-file-pdf-o\" title=\"Download - 259 KB\"><\/i><\/a>\n<\/div>\n<div class=\"clearfix\"><\/div>\n<\/div>\n<div class=\" download-block\">\n<div class=\"col-xs-9\">\nKennisgewing aan aandeelhouers\n<\/div>\n<div class=\"col-xs-3\">\n<a href=\"https:\/\/www.remgro.com\/ar2021\/pdf\/afr\/Kennisgewing_aan_aandeelhouers.pdf\" target=\"_blank\" rel=\"noopener noreferrer\"><i class=\"icon-pdf fa fa-file-pdf-o\" title=\"Download - 144 KB\"><\/i><\/a>\n<\/div>\n<div class=\"clearfix\"><\/div>\n<\/div>\n<div class=\" download-block\">\n<div class=\"col-xs-9\">\nVolmagvorm\n<\/div>\n<div class=\"col-xs-3\">\n<a href=\"https:\/\/www.remgro.com\/ar2021\/pdf\/afr\/Volmagvorm.pdf\" target=\"_blank\" rel=\"noopener noreferrer\"><i class=\"icon-pdf fa fa-file-pdf-o\" title=\"Download - 53 KB\"><\/i><\/a>\n<\/div>\n<div class=\"clearfix\"><\/div>\n<\/div>\n<p><\/p>\n","protected":false},"excerpt":{"rendered":"<p>Jaarverslag 2021 Ge\u00efntegreerde Jaarverslag van Remgro Beperk Besigheidsoorsig Remgro se benadering tot verslagdoening Finansi\u00eble hooftrekke Groepprofiel Maatskappygeskiedenis Ons besigheidsmodel Begrip vir die besigheid van Remgro Kerndoelwitte en vernaamste ge\u00efntegreerde risiko\u2019s Direksie en lede van komitees Uitvoerende bestuurstruktuur Aandeelhouersdagboek en maatskappy-inligting Verslae aan aandeelhouers Voorsitter se verslag Hoofuitvoerende beampte se verslag Hoof finansi\u00eble beampte se verslag&#8230;  <a href=\"https:\/\/www.remgro.com\/af\/beleggerinligting\/2021-geintegreerde-jaarverslag-van-remgro-beperk\/\" class=\"more-link\" title=\"Read 2021 Ge\u00efntegreerde jaarverslag van Remgro Beperk\">Read more &raquo;<\/a><\/p>\n","protected":false},"author":5,"featured_media":0,"parent":434,"menu_order":0,"comment_status":"closed","ping_status":"closed","template":"page-full-width.php","meta":{"footnotes":""},"class_list":["post-13452","page","type-page","status-publish","hentry"],"yoast_head":"<!-- This site is optimized with the Yoast SEO plugin v27.3 - https:\/\/yoast.com\/product\/yoast-seo-wordpress\/ -->\n<title>2021 Ge\u00efntegreerde jaarverslag van Remgro Beperk - Remgro Limited<\/title>\n<meta name=\"robots\" content=\"index, follow, max-snippet:-1, max-image-preview:large, max-video-preview:-1\" \/>\n<link rel=\"canonical\" href=\"https:\/\/www.remgro.com\/investor-centre\/2021-integrated-annual-report-of-remgro-limited\/\" \/>\n<meta property=\"og:locale\" content=\"af_ZA\" \/>\n<meta property=\"og:type\" content=\"article\" \/>\n<meta property=\"og:title\" content=\"2021 Ge\u00efntegreerde jaarverslag van Remgro Beperk - Remgro Limited\" \/>\n<meta property=\"og:description\" content=\"Jaarverslag 2021 Ge\u00efntegreerde Jaarverslag van Remgro Beperk Besigheidsoorsig Remgro se benadering tot verslagdoening Finansi\u00eble hooftrekke Groepprofiel Maatskappygeskiedenis Ons besigheidsmodel Begrip vir die besigheid van Remgro Kerndoelwitte en vernaamste ge\u00efntegreerde risiko\u2019s Direksie en lede van komitees Uitvoerende bestuurstruktuur Aandeelhouersdagboek en maatskappy-inligting Verslae aan aandeelhouers Voorsitter se verslag Hoofuitvoerende beampte se verslag Hoof finansi\u00eble beampte se verslag... Read more &raquo;\" \/>\n<meta property=\"og:url\" content=\"https:\/\/www.remgro.com\/investor-centre\/2021-integrated-annual-report-of-remgro-limited\/\" \/>\n<meta property=\"og:site_name\" content=\"Remgro Limited\" \/>\n<meta property=\"article:modified_time\" content=\"2021-10-25T15:07:11+00:00\" \/>\n<meta name=\"twitter:label1\" content=\"Est. reading time\" \/>\n\t<meta name=\"twitter:data1\" content=\"1 minute\" \/>\n<script type=\"application\/ld+json\" class=\"yoast-schema-graph\">{\"@context\":\"https:\\\/\\\/schema.org\",\"@graph\":[{\"@type\":\"WebPage\",\"@id\":\"https:\\\/\\\/www.remgro.com\\\/investor-centre\\\/2021-integrated-annual-report-of-remgro-limited\\\/\",\"url\":\"https:\\\/\\\/www.remgro.com\\\/investor-centre\\\/2021-integrated-annual-report-of-remgro-limited\\\/\",\"name\":\"2021 Ge\u00efntegreerde jaarverslag van Remgro Beperk - Remgro Limited\",\"isPartOf\":{\"@id\":\"https:\\\/\\\/www.remgro.com\\\/#website\"},\"datePublished\":\"2021-10-19T13:32:26+00:00\",\"dateModified\":\"2021-10-25T15:07:11+00:00\",\"breadcrumb\":{\"@id\":\"https:\\\/\\\/www.remgro.com\\\/investor-centre\\\/2021-integrated-annual-report-of-remgro-limited\\\/#breadcrumb\"},\"inLanguage\":\"af-ZA\",\"potentialAction\":[{\"@type\":\"ReadAction\",\"target\":[\"https:\\\/\\\/www.remgro.com\\\/investor-centre\\\/2021-integrated-annual-report-of-remgro-limited\\\/\"]}]},{\"@type\":\"BreadcrumbList\",\"@id\":\"https:\\\/\\\/www.remgro.com\\\/investor-centre\\\/2021-integrated-annual-report-of-remgro-limited\\\/#breadcrumb\",\"itemListElement\":[{\"@type\":\"ListItem\",\"position\":1,\"name\":\"Beleggersinligting\",\"item\":\"https:\\\/\\\/www.remgro.com\\\/investor-centre\\\/\"},{\"@type\":\"ListItem\",\"position\":2,\"name\":\"2021 Ge\u00efntegreerde jaarverslag van Remgro Beperk\"}]},{\"@type\":\"WebSite\",\"@id\":\"https:\\\/\\\/www.remgro.com\\\/#website\",\"url\":\"https:\\\/\\\/www.remgro.com\\\/\",\"name\":\"Remgro Limited\",\"description\":\"\",\"publisher\":{\"@id\":\"https:\\\/\\\/www.remgro.com\\\/#organization\"},\"potentialAction\":[{\"@type\":\"SearchAction\",\"target\":{\"@type\":\"EntryPoint\",\"urlTemplate\":\"https:\\\/\\\/www.remgro.com\\\/?s={search_term_string}\"},\"query-input\":{\"@type\":\"PropertyValueSpecification\",\"valueRequired\":true,\"valueName\":\"search_term_string\"}}],\"inLanguage\":\"af-ZA\"},{\"@type\":\"Organization\",\"@id\":\"https:\\\/\\\/www.remgro.com\\\/#organization\",\"name\":\"Remgro Limited\",\"url\":\"https:\\\/\\\/www.remgro.com\\\/\",\"logo\":{\"@type\":\"ImageObject\",\"inLanguage\":\"af-ZA\",\"@id\":\"https:\\\/\\\/www.remgro.com\\\/#\\\/schema\\\/logo\\\/image\\\/\",\"url\":\"https:\\\/\\\/www.remgro.com\\\/wp-content\\\/uploads\\\/2016\\\/03\\\/logo.jpg\",\"contentUrl\":\"https:\\\/\\\/www.remgro.com\\\/wp-content\\\/uploads\\\/2016\\\/03\\\/logo.jpg\",\"width\":337,\"height\":109,\"caption\":\"Remgro Limited\"},\"image\":{\"@id\":\"https:\\\/\\\/www.remgro.com\\\/#\\\/schema\\\/logo\\\/image\\\/\"}}]}<\/script>\n<!-- \/ Yoast SEO plugin. -->","yoast_head_json":{"title":"2021 Ge\u00efntegreerde jaarverslag van Remgro Beperk - Remgro Limited","robots":{"index":"index","follow":"follow","max-snippet":"max-snippet:-1","max-image-preview":"max-image-preview:large","max-video-preview":"max-video-preview:-1"},"canonical":"https:\/\/www.remgro.com\/investor-centre\/2021-integrated-annual-report-of-remgro-limited\/","og_locale":"af_ZA","og_type":"article","og_title":"2021 Ge\u00efntegreerde jaarverslag van Remgro Beperk - Remgro Limited","og_description":"Jaarverslag 2021 Ge\u00efntegreerde Jaarverslag van Remgro Beperk Besigheidsoorsig Remgro se benadering tot verslagdoening Finansi\u00eble hooftrekke Groepprofiel Maatskappygeskiedenis Ons besigheidsmodel Begrip vir die besigheid van Remgro Kerndoelwitte en vernaamste ge\u00efntegreerde risiko\u2019s Direksie en lede van komitees Uitvoerende bestuurstruktuur Aandeelhouersdagboek en maatskappy-inligting Verslae aan aandeelhouers Voorsitter se verslag Hoofuitvoerende beampte se verslag Hoof finansi\u00eble beampte se verslag... Read more &raquo;","og_url":"https:\/\/www.remgro.com\/investor-centre\/2021-integrated-annual-report-of-remgro-limited\/","og_site_name":"Remgro Limited","article_modified_time":"2021-10-25T15:07:11+00:00","twitter_misc":{"Est. reading time":"1 minute"},"schema":{"@context":"https:\/\/schema.org","@graph":[{"@type":"WebPage","@id":"https:\/\/www.remgro.com\/investor-centre\/2021-integrated-annual-report-of-remgro-limited\/","url":"https:\/\/www.remgro.com\/investor-centre\/2021-integrated-annual-report-of-remgro-limited\/","name":"2021 Ge\u00efntegreerde jaarverslag van Remgro Beperk - Remgro Limited","isPartOf":{"@id":"https:\/\/www.remgro.com\/#website"},"datePublished":"2021-10-19T13:32:26+00:00","dateModified":"2021-10-25T15:07:11+00:00","breadcrumb":{"@id":"https:\/\/www.remgro.com\/investor-centre\/2021-integrated-annual-report-of-remgro-limited\/#breadcrumb"},"inLanguage":"af-ZA","potentialAction":[{"@type":"ReadAction","target":["https:\/\/www.remgro.com\/investor-centre\/2021-integrated-annual-report-of-remgro-limited\/"]}]},{"@type":"BreadcrumbList","@id":"https:\/\/www.remgro.com\/investor-centre\/2021-integrated-annual-report-of-remgro-limited\/#breadcrumb","itemListElement":[{"@type":"ListItem","position":1,"name":"Beleggersinligting","item":"https:\/\/www.remgro.com\/investor-centre\/"},{"@type":"ListItem","position":2,"name":"2021 Ge\u00efntegreerde jaarverslag van Remgro Beperk"}]},{"@type":"WebSite","@id":"https:\/\/www.remgro.com\/#website","url":"https:\/\/www.remgro.com\/","name":"Remgro Limited","description":"","publisher":{"@id":"https:\/\/www.remgro.com\/#organization"},"potentialAction":[{"@type":"SearchAction","target":{"@type":"EntryPoint","urlTemplate":"https:\/\/www.remgro.com\/?s={search_term_string}"},"query-input":{"@type":"PropertyValueSpecification","valueRequired":true,"valueName":"search_term_string"}}],"inLanguage":"af-ZA"},{"@type":"Organization","@id":"https:\/\/www.remgro.com\/#organization","name":"Remgro Limited","url":"https:\/\/www.remgro.com\/","logo":{"@type":"ImageObject","inLanguage":"af-ZA","@id":"https:\/\/www.remgro.com\/#\/schema\/logo\/image\/","url":"https:\/\/www.remgro.com\/wp-content\/uploads\/2016\/03\/logo.jpg","contentUrl":"https:\/\/www.remgro.com\/wp-content\/uploads\/2016\/03\/logo.jpg","width":337,"height":109,"caption":"Remgro Limited"},"image":{"@id":"https:\/\/www.remgro.com\/#\/schema\/logo\/image\/"}}]}},"_links":{"self":[{"href":"https:\/\/www.remgro.com\/af\/wp-json\/wp\/v2\/pages\/13452","targetHints":{"allow":["GET"]}}],"collection":[{"href":"https:\/\/www.remgro.com\/af\/wp-json\/wp\/v2\/pages"}],"about":[{"href":"https:\/\/www.remgro.com\/af\/wp-json\/wp\/v2\/types\/page"}],"author":[{"embeddable":true,"href":"https:\/\/www.remgro.com\/af\/wp-json\/wp\/v2\/users\/5"}],"replies":[{"embeddable":true,"href":"https:\/\/www.remgro.com\/af\/wp-json\/wp\/v2\/comments?post=13452"}],"version-history":[{"count":0,"href":"https:\/\/www.remgro.com\/af\/wp-json\/wp\/v2\/pages\/13452\/revisions"}],"up":[{"embeddable":true,"href":"https:\/\/www.remgro.com\/af\/wp-json\/wp\/v2\/pages\/434"}],"wp:attachment":[{"href":"https:\/\/www.remgro.com\/af\/wp-json\/wp\/v2\/media?parent=13452"}],"curies":[{"name":"wp","href":"https:\/\/api.w.org\/{rel}","templated":true}]}}